{"id":19374,"date":"2026-04-28T14:32:38","date_gmt":"2026-04-28T14:32:38","guid":{"rendered":"https:\/\/blog.express-cbd.com\/ethik-politik\/"},"modified":"2026-04-28T16:05:54","modified_gmt":"2026-04-28T16:05:54","slug":"ethik-politik","status":"publish","type":"page","link":"https:\/\/blog.express-cbd.com\/de\/ethik-politik\/","title":{"rendered":"Ethik-Politik"},"content":{"rendered":"\n<h3 class=\"wp-block-heading\" id=\"h-why-this-policy-exists\">Warum es diese Richtlinie gibt<\/h3>\n\n<p>Die CBD-Branche ist \u00fcberf\u00fcllt, kommerziell getrieben und &#8211; teilweise &#8211; schlecht reguliert. Das macht ehrliche, unabh\u00e4ngige redaktionelle Inhalte noch wertvoller, aber auch leichter zu gef\u00e4hrden. Diese Ethikrichtlinien legen die Grunds\u00e4tze fest, die unsere Arbeitsweise bestimmen, wie wir mit Interessenkonflikten umgehen und wo wir die Grenze ziehen. Sie gelten f\u00fcr jeden, der zum Express CBD Blog beitr\u00e4gt, sei es als angestellter Autor, freier Mitarbeiter oder externer Gutachter.   <\/p>\n\n<hr class=\"wp-block-separator has-alpha-channel-opacity\"\/>\n\n<h3 class=\"wp-block-heading\" id=\"h-editorial-independence\">Redaktionelle Unabh\u00e4ngigkeit<\/h3>\n\n<p>Der Express CBD Blog wird von Express CBD, einem Online-CBD-H\u00e4ndler, betrieben und finanziert. Wir sind transparent \u00fcber diese Beziehung. Das kommerzielle Eigentum hat jedoch keinen Einfluss auf die redaktionelle Arbeit.  <\/p>\n\n<ul class=\"wp-block-list\">\n<li>Die redaktionellen Entscheidungen &#8211; wor\u00fcber wir berichten, wie wir es formulieren, welche Schlussfolgerungen wir ziehen &#8211; werden aus journalistischen Gr\u00fcnden und im Interesse der Leser getroffen, nicht aus kommerziellen Gr\u00fcnden.<\/li>\n\n\n\n<li>Kein Artikel wird wegen seiner m\u00f6glichen Auswirkungen auf den Umsatz oder den Ruf von Express CBD geschrieben, ge\u00e4ndert oder unterdr\u00fcckt.<\/li>\n\n\n\n<li>Produkte, die im Express CBD Shop verkauft werden, werden in Bewertungen oder Kaufberatungen nicht bevorzugt behandelt. Wenn ein Produkt, das wir f\u00fchren, im Vergleich zu anderen schlecht abschneidet, sagen wir das. <\/li>\n\n\n\n<li>Das kommerzielle Team von Express CBD hat keine Genehmigungsrechte f\u00fcr redaktionelle Inhalte vor der Ver\u00f6ffentlichung.<\/li>\n<\/ul>\n\n<hr class=\"wp-block-separator has-alpha-channel-opacity\"\/>\n\n<h3 class=\"wp-block-heading\" id=\"h-conflicts-of-interest\">Interessenkonflikte<\/h3>\n\n<p>Wir verlangen von jedem, der zu diesem Blog beitr\u00e4gt, dass er jede Beziehung &#8211; ob finanziell, pers\u00f6nlich oder beruflich &#8211; offenlegt, bei der man davon ausgehen k\u00f6nnte, dass sie seine Berichterstattung \u00fcber ein Thema, eine Marke oder ein Produkt beeinflusst.<\/p>\n\n<p>Dies beinhaltet:<\/p>\n\n<ul class=\"wp-block-list\">\n<li>Besitz von Aktien oder finanzielle Beteiligung an einer zu \u00fcberpr\u00fcfenden Marke<\/li>\n\n\n\n<li>Eine pers\u00f6nliche oder berufliche Beziehung zu den Gr\u00fcndern oder dem PR-Team einer Marke<\/li>\n\n\n\n<li>Bei einer Marke, die abgedeckt wird, angestellt oder unter Vertrag gewesen zu sein<\/li>\n\n\n\n<li>Erhalt von Geschenken, Bewirtung oder Vorteilen von einer Marke, die \u00fcber Produktproben zu Testzwecken hinausgehen<\/li>\n<\/ul>\n\n<p>Wenn ein Interessenkonflikt besteht und nicht vermieden werden kann, wird er in dem betreffenden Artikel deutlich offengelegt. Wenn ein Konflikt so schwerwiegend ist, dass er die Objektivit\u00e4t beeintr\u00e4chtigt, wird die Person, die den Artikel verfasst hat, versetzt und der Konflikt wird nicht offengelegt &#8211; der Artikel wird einfach nicht von dieser Person geschrieben. <\/p>\n\n<hr class=\"wp-block-separator has-alpha-channel-opacity\"\/>\n\n<h3 class=\"wp-block-heading\" id=\"h-product-samples-amp-brand-relationships\">Produktmuster &amp; Markenbeziehungen<\/h3>\n\n<p>Wir erhalten regelm\u00e4\u00dfig Produktproben, um Rezensionen durchzuf\u00fchren. Dies ist in unserer Branche \u00fcblich und stellt an sich keinen Interessenkonflikt dar, sofern es korrekt gehandhabt wird. <\/p>\n\n<p>Unsere Regeln f\u00fcr Proben:<\/p>\n\n<ul class=\"wp-block-list\">\n<li>Die Entgegennahme einer Probe ist keine Garantie f\u00fcr die Abdeckung, und sie garantiert niemals eine positive Abdeckung.<\/li>\n\n\n\n<li>Die Marken sehen die Bewertungen vor der Ver\u00f6ffentlichung nicht und haben kein Recht, \u00c4nderungen zu verlangen.<\/li>\n\n\n\n<li>Die Tatsache, dass ein Produkt als Probe zur Verf\u00fcgung gestellt wurde, wird in jeder Rezension, auf die dies zutrifft, offengelegt.<\/li>\n\n\n\n<li>Wir akzeptieren keine Geldzahlungen, Werbeausgaben oder andere kommerzielle Anreize als Gegenleistung f\u00fcr redaktionelle Berichterstattung.<\/li>\n\n\n\n<li>Wir beteiligen uns unter keinen Umst\u00e4nden an Pay-to-Review-Programmen.<\/li>\n<\/ul>\n\n<hr class=\"wp-block-separator has-alpha-channel-opacity\"\/>\n\n<h3 class=\"wp-block-heading\" id=\"h-sponsored-amp-commercial-content\">Gesponserte &amp; kommerzielle Inhalte<\/h3>\n\n<p>Von Zeit zu Zeit kann der Express CBD Blog Inhalte ver\u00f6ffentlichen, die kommerziell unterst\u00fctzt sind. Falls und wenn dies geschieht: <\/p>\n\n<ul class=\"wp-block-list\">\n<li>Sie werden deutlich als &#8222;Gesponsert&#8220;, &#8222;Bezahlte Partnerschaft&#8220; oder &#8222;Werbung&#8220; am Anfang des Artikels gekennzeichnet &#8211; und nicht in einer Fu\u00dfnote versteckt.<\/li>\n\n\n\n<li>Die redaktionellen Standards f\u00fcr gesponserte Inhalte sind die gleichen wie f\u00fcr alle anderen Inhalte. Wir werden kein gesponsertes Material ver\u00f6ffentlichen, das sachlich ungenau oder irref\u00fchrend ist oder unseren Ver\u00f6ffentlichungsprinzipien widerspricht. <\/li>\n\n\n\n<li>Gesponserte Inhalte werden niemals in einem Format pr\u00e4sentiert, das den Anschein erweckt, es handele sich um einen unabh\u00e4ngigen Leitartikel.<\/li>\n<\/ul>\n\n<p>Derzeit enth\u00e4lt der Express CBD Blog keine gesponserten Inhalte von Dritten. Sollte sich dies \u00e4ndern, wird diese Richtlinie entsprechend aktualisiert werden. <\/p>\n\n<hr class=\"wp-block-separator has-alpha-channel-opacity\"\/>\n\n<h3 class=\"wp-block-heading\" id=\"h-health-claims-amp-scientific-accuracy\">Gesundheitsbezogene Angaben &amp; Wissenschaftliche Korrektheit<\/h3>\n\n<p>CBD befindet sich an der Schnittstelle zwischen Wellness, Handel und Wissenschaft &#8211; ein Bereich, in dem \u00dcbertreibungen \u00fcblich und potenziell sch\u00e4dlich sind. Wir halten uns an einen hohen Standard. <\/p>\n\n<ul class=\"wp-block-list\">\n<li>Wir behaupten oder implizieren nicht, dass CBD irgendwelche Krankheiten behandelt, heilt oder verhindert.<\/li>\n\n\n\n<li>Gesundheitsbezogene Aussagen werden auf spezifische Studien oder Regulierungsbeh\u00f6rden zur\u00fcckgef\u00fchrt und nicht als allgemeine Tatsache angegeben.<\/li>\n\n\n\n<li>Wir unterscheiden klar zwischen gesicherten Erkenntnissen, neuer Forschung und Anekdoten.<\/li>\n\n\n\n<li>Wenn die Wissenschaft umstritten oder nicht schl\u00fcssig ist, sagen wir dies, anstatt eine Seite als ausgemacht darzustellen.<\/li>\n\n\n\n<li>Wir verbreiten keine sensationsl\u00fcsternen Forschungsergebnisse ohne Kontext.<\/li>\n<\/ul>\n\n<p>Wenn Sie der Meinung sind, dass wir eine gesundheitsbezogene Angabe gemacht haben, die diese Grenze \u00fcberschreitet, kontaktieren Sie uns bitte \u00fcber die Angaben am Ende dieser Seite.<\/p>\n\n<hr class=\"wp-block-separator has-alpha-channel-opacity\"\/>\n\n<h3 class=\"wp-block-heading\" id=\"h-legal-amp-regulatory-responsibility\">Rechtliche &amp; regulatorische Verantwortung<\/h3>\n\n<p>Die CBD-Gesetze unterscheiden sich erheblich in den L\u00e4ndern und Sprachen, in denen wir ver\u00f6ffentlichen. Wir nehmen unsere Verantwortung ernst. <\/p>\n\n<ul class=\"wp-block-list\">\n<li>Wir ver\u00f6ffentlichen keine Inhalte, die Leser zum Kauf oder zur Verwendung von Produkten ermutigen, die in ihrem Land illegal sind.<\/li>\n\n\n\n<li>Die rechtlichen Informationen in unseren Artikeln dienen nur der Orientierung und stellen keine Rechtsberatung dar. Die Leser werden gebeten, sich \u00fcber die in ihrem Land geltenden Vorschriften zu informieren. <\/li>\n\n\n\n<li>Wir \u00fcberpr\u00fcfen regelm\u00e4\u00dfig rechtlich sensible Inhalte, da sich die rechtlichen Rahmenbedingungen in diesem Bereich h\u00e4ufig \u00e4ndern.<\/li>\n\n\n\n<li>Die Autoren sind angehalten, auf Rechtsunsicherheiten hinzuweisen, anstatt selbstbewusst eine Rechtsposition zu vertreten, wenn die Lage unklar ist.<\/li>\n<\/ul>\n\n<hr class=\"wp-block-separator has-alpha-channel-opacity\"\/>\n\n<h3 class=\"wp-block-heading\" id=\"h-treatment-of-people-amp-brands\">Behandlung von Menschen und Marken<\/h3>\n\n<p>Wir decken ein breites Spektrum an Produkten, Marken und Themen ab. Unsere Standards f\u00fcr die Art und Weise, wie wir \u00fcber sie schreiben, sind einheitlich: <\/p>\n\n<ul class=\"wp-block-list\">\n<li>Wir ver\u00f6ffentlichen keine Inhalte, die Personen pers\u00f6nlich beleidigen &#8211; einschlie\u00dflich Gr\u00fcnder, Mitarbeiter oder \u00f6ffentliche Personen, die mit einer Marke verbunden sind.<\/li>\n\n\n\n<li>Die Kritik an einem Produkt oder Unternehmen basiert auf nachpr\u00fcfbaren Fakten, nicht auf Ger\u00fcchten oder kommerziell motivierten Absichten.<\/li>\n\n\n\n<li>Wir geben Marken eine angemessene Gelegenheit zu reagieren, bevor wir kritische Berichterstattung ver\u00f6ffentlichen, wo dies angemessen ist.<\/li>\n\n\n\n<li>Wir beteiligen uns nicht an spekulativer Berichterstattung, um den Ruf eines Konkurrenten zu sch\u00e4digen.<\/li>\n<\/ul>\n\n<hr class=\"wp-block-separator has-alpha-channel-opacity\"\/>\n\n<h3 class=\"wp-block-heading\" id=\"h-contributor-standards\">Beitragende Standards<\/h3>\n\n<p>Von allen Mitarbeitern des Express CBD Blog &#8211; ob fest angestellt oder freiberuflich &#8211; wird erwartet, dass sie sich daran halten:<\/p>\n\n<ul class=\"wp-block-list\">\n<li>ihre Qualifikationen und ihr Fachwissen ehrlich darstellen<\/li>\n\n\n\n<li>Legen Sie Interessenkonflikte offen, bevor Sie einen Auftrag annehmen<\/li>\n\n\n\n<li>Behauptungen ihren Quellen genau zuordnen<\/li>\n\n\n\n<li>Keine Plagiate von Inhalten aus anderen Publikationen<\/li>\n\n\n\n<li>F\u00e4lschen Sie keine Zitate, Daten oder Erfahrungen<\/li>\n<\/ul>\n\n<p>Ein Versto\u00df gegen diese Standards kann dazu f\u00fchren, dass Inhalte zur\u00fcckgezogen werden und die Beziehung des Verfassers zum Blog beendet wird. Zur\u00fcckgezogene Inhalte werden im Einklang mit unseren Korrekturrichtlinien behandelt. <\/p>\n\n<hr class=\"wp-block-separator has-alpha-channel-opacity\"\/>\n\n<h3 class=\"wp-block-heading\" id=\"h-reporting-an-ethics-concern\">Meldung eines Ethik-Problems<\/h3>\n\n<p>Wenn Sie der Meinung sind, dass wir gegen diese Ethikrichtlinien versto\u00dfen haben &#8211; sei es als Leser, als Mitarbeiter oder als Marke &#8211; bitten wir Sie, uns direkt zu kontaktieren.<\/p>\n\n<p><strong><a href=\"https:\/\/blog.express-cbd.com\/de\/kontaktieren-sie-uns\/\">Melden Sie ein ethisches Problem \u2192 blog.express-cbd.com\/contact-us\/<\/a><\/strong><\/p>\n\n<p>Bitte beschreiben Sie Ihr Anliegen so genau wie m\u00f6glich und geben Sie die URL des entsprechenden Artikels an. Ethik-Bedenken werden von der Redaktionsleitung gepr\u00fcft und mit Priorit\u00e4t behandelt. Sie erhalten innerhalb von 3 Arbeitstagen eine Eingangsbest\u00e4tigung und innerhalb von 15 Arbeitstagen eine ausf\u00fchrliche Antwort.  <\/p>\n\n<p>Wir nehmen ethische Beschwerden ernst und werden sie nicht mit der Begr\u00fcndung abweisen, dass sie unbequem oder kommerziell unbequem sind.<\/p>\n\n<hr class=\"wp-block-separator has-alpha-channel-opacity\"\/>\n\n<p><em>Zuletzt \u00fcberpr\u00fcft: April 2026<\/em> <em>Um ein ethisches Anliegen vorzubringen: <a href=\"https:\/\/blog.express-cbd.com\/de\/kontaktieren-sie-uns\/\">blog.express-cbd.com\/contact-us\/<\/a><\/em><\/p>\n<p style=\"text-align: center\"><a href=\"https:\/\/express-cbd.com\" target=\"_blank\">Visit Express CBD Store<\/a><\/p>","protected":false},"excerpt":{"rendered":"<p>Warum es diese Richtlinie gibt Die CBD-Branche ist \u00fcberf\u00fcllt, kommerziell getrieben und &#8211; teilweise &#8211; schlecht reguliert. Das macht ehrliche, unabh\u00e4ngige redaktionelle Inhalte noch wertvoller, aber auch leichter zu gef\u00e4hrden. Diese Ethikrichtlinien legen die Grunds\u00e4tze fest, die unsere Arbeitsweise bestimmen, wie wir mit Interessenkonflikten umgehen und wo wir die Grenze ziehen. Sie gelten f\u00fcr jeden,&#8230;<\/p>\n","protected":false},"author":1,"featured_media":0,"parent":0,"menu_order":0,"comment_status":"closed","ping_status":"closed","template":"","meta":{"footnotes":""},"class_list":["post-19374","page","type-page","status-publish","hentry"],"yoast_head":"<!-- This site is optimized with the Yoast SEO Premium plugin v27.5 (Yoast SEO v27.5) - https:\/\/yoast.com\/product\/yoast-seo-premium-wordpress\/ -->\n<title>Ethik-Politik - Express CBD Blog<\/title>\n<meta name=\"robots\" content=\"index, follow, max-snippet:-1, max-image-preview:large, max-video-preview:-1\" \/>\n<link rel=\"canonical\" href=\"https:\/\/blog.express-cbd.com\/de\/ethik-politik\/\" \/>\n<meta property=\"og:locale\" content=\"de_DE\" \/>\n<meta property=\"og:type\" content=\"article\" \/>\n<meta property=\"og:title\" content=\"Ethik-Politik\" \/>\n<meta property=\"og:description\" content=\"Warum es diese Richtlinie gibt Die CBD-Branche ist \u00fcberf\u00fcllt, kommerziell getrieben und &#8211; teilweise &#8211; schlecht reguliert. Das macht ehrliche, unabh\u00e4ngige redaktionelle Inhalte noch wertvoller, aber auch leichter zu gef\u00e4hrden. Diese Ethikrichtlinien legen die Grunds\u00e4tze fest, die unsere Arbeitsweise bestimmen, wie wir mit Interessenkonflikten umgehen und wo wir die Grenze ziehen. Sie gelten f\u00fcr jeden,...\" \/>\n<meta property=\"og:url\" content=\"https:\/\/blog.express-cbd.com\/de\/ethik-politik\/\" \/>\n<meta property=\"og:site_name\" content=\"Express CBD Blog\" \/>\n<meta property=\"article:modified_time\" content=\"2026-04-28T16:05:54+00:00\" \/>\n<meta property=\"og:image\" content=\"https:\/\/blog.express-cbd.com\/wp-content\/uploads\/2026\/04\/Express-CBD-Logo-scaled.png\" \/>\n\t<meta property=\"og:image:width\" content=\"2560\" \/>\n\t<meta property=\"og:image:height\" content=\"1533\" \/>\n\t<meta property=\"og:image:type\" content=\"image\/png\" \/>\n<meta name=\"twitter:card\" content=\"summary_large_image\" \/>\n<meta name=\"twitter:site\" content=\"@ExpressCBDCom\" \/>\n<meta name=\"twitter:label1\" content=\"Gesch\u00e4tzte Lesezeit\" \/>\n\t<meta name=\"twitter:data1\" content=\"6\u00a0Minuten\" \/>\n<script type=\"application\/ld+json\" class=\"yoast-schema-graph\">{\"@context\":\"https:\\\/\\\/schema.org\",\"@graph\":[{\"@type\":[\"Article\",\"BlogPosting\"],\"@id\":\"https:\\\/\\\/blog.express-cbd.com\\\/de\\\/ethik-politik\\\/#article\",\"isPartOf\":{\"@id\":\"https:\\\/\\\/blog.express-cbd.com\\\/de\\\/ethik-politik\\\/\"},\"author\":{\"name\":\"mwaqas\",\"@id\":\"https:\\\/\\\/blog.express-cbd.com\\\/de\\\/#\\\/schema\\\/person\\\/78065cdeb6132989e9c08e9a8e41a9de\"},\"headline\":\"Ethik-Politik\",\"datePublished\":\"2026-04-28T14:32:38+00:00\",\"dateModified\":\"2026-04-28T16:05:54+00:00\",\"mainEntityOfPage\":{\"@id\":\"https:\\\/\\\/blog.express-cbd.com\\\/de\\\/ethik-politik\\\/\"},\"wordCount\":1180,\"publisher\":{\"@id\":\"https:\\\/\\\/blog.express-cbd.com\\\/de\\\/#organization\"},\"inLanguage\":\"de\"},{\"@type\":\"WebPage\",\"@id\":\"https:\\\/\\\/blog.express-cbd.com\\\/de\\\/ethik-politik\\\/\",\"url\":\"https:\\\/\\\/blog.express-cbd.com\\\/de\\\/ethik-politik\\\/\",\"name\":\"Ethik-Politik - Express CBD Blog\",\"isPartOf\":{\"@id\":\"https:\\\/\\\/blog.express-cbd.com\\\/de\\\/#website\"},\"datePublished\":\"2026-04-28T14:32:38+00:00\",\"dateModified\":\"2026-04-28T16:05:54+00:00\",\"breadcrumb\":{\"@id\":\"https:\\\/\\\/blog.express-cbd.com\\\/de\\\/ethik-politik\\\/#breadcrumb\"},\"inLanguage\":\"de\",\"potentialAction\":[{\"@type\":\"ReadAction\",\"target\":[\"https:\\\/\\\/blog.express-cbd.com\\\/de\\\/ethik-politik\\\/\"]}]},{\"@type\":\"BreadcrumbList\",\"@id\":\"https:\\\/\\\/blog.express-cbd.com\\\/de\\\/ethik-politik\\\/#breadcrumb\",\"itemListElement\":[{\"@type\":\"ListItem\",\"position\":1,\"name\":\"Express CBD Blog\",\"item\":\"https:\\\/\\\/blog.express-cbd.com\\\/de\\\/\"},{\"@type\":\"ListItem\",\"position\":2,\"name\":\"Ethik-Politik\"}]},{\"@type\":\"WebSite\",\"@id\":\"https:\\\/\\\/blog.express-cbd.com\\\/de\\\/#website\",\"url\":\"https:\\\/\\\/blog.express-cbd.com\\\/de\\\/\",\"name\":\"Express CBD Blog\",\"description\":\"Experteneinblicke und Tipps zu CBD\",\"publisher\":{\"@id\":\"https:\\\/\\\/blog.express-cbd.com\\\/de\\\/#organization\"},\"potentialAction\":[{\"@type\":\"SearchAction\",\"target\":{\"@type\":\"EntryPoint\",\"urlTemplate\":\"https:\\\/\\\/blog.express-cbd.com\\\/de\\\/?s={search_term_string}\"},\"query-input\":{\"@type\":\"PropertyValueSpecification\",\"valueRequired\":true,\"valueName\":\"search_term_string\"}}],\"inLanguage\":\"de\"},{\"@type\":\"Organization\",\"@id\":\"https:\\\/\\\/blog.express-cbd.com\\\/de\\\/#organization\",\"name\":\"Express CBD Blog\",\"url\":\"https:\\\/\\\/blog.express-cbd.com\\\/de\\\/\",\"logo\":{\"@type\":\"ImageObject\",\"inLanguage\":\"de\",\"@id\":\"https:\\\/\\\/blog.express-cbd.com\\\/de\\\/#\\\/schema\\\/logo\\\/image\\\/\",\"url\":\"https:\\\/\\\/blog.express-cbd.com\\\/wp-content\\\/uploads\\\/2023\\\/04\\\/Express-CBD-Blog.png\",\"contentUrl\":\"https:\\\/\\\/blog.express-cbd.com\\\/wp-content\\\/uploads\\\/2023\\\/04\\\/Express-CBD-Blog.png\",\"width\":3596,\"height\":2154,\"caption\":\"Express CBD Blog\"},\"image\":{\"@id\":\"https:\\\/\\\/blog.express-cbd.com\\\/de\\\/#\\\/schema\\\/logo\\\/image\\\/\"},\"sameAs\":[\"https:\\\/\\\/x.com\\\/ExpressCBDCom\",\"https:\\\/\\\/www.threads.com\\\/@expresscbdcom\",\"https:\\\/\\\/www.instagram.com\\\/expresscbdcom\"],\"description\":\"Express CBD is a UK online shop offering premium CBD oils, capsules, vapes, edibles, skincare, and vaping products from hundreds of trusted brands.\",\"email\":\"info@express-cbd.com\",\"legalName\":\"Express CBD\",\"foundingDate\":\"2023-03-02\",\"numberOfEmployees\":{\"@type\":\"QuantitativeValue\",\"minValue\":\"1\",\"maxValue\":\"10\"},\"publishingPrinciples\":\"https:\\\/\\\/blog.express-cbd.com\\\/publishing-principles\\\/\",\"ownershipFundingInfo\":\"https:\\\/\\\/blog.express-cbd.com\\\/ownership-funding\\\/\",\"actionableFeedbackPolicy\":\"https:\\\/\\\/blog.express-cbd.com\\\/feedback\\\/\",\"correctionsPolicy\":\"https:\\\/\\\/blog.express-cbd.com\\\/corrections-policy\\\/\",\"ethicsPolicy\":\"https:\\\/\\\/blog.express-cbd.com\\\/ethics-policy\\\/\"},{\"@type\":\"Person\",\"@id\":\"https:\\\/\\\/blog.express-cbd.com\\\/de\\\/#\\\/schema\\\/person\\\/78065cdeb6132989e9c08e9a8e41a9de\",\"name\":\"mwaqas\",\"image\":{\"@type\":\"ImageObject\",\"inLanguage\":\"de\",\"@id\":\"https:\\\/\\\/secure.gravatar.com\\\/avatar\\\/2a30f733013cda40b9c7ec618bcc992b00abc66beb99013a7ed31247a19de5ee?s=96&d=mm&r=g\",\"url\":\"https:\\\/\\\/secure.gravatar.com\\\/avatar\\\/2a30f733013cda40b9c7ec618bcc992b00abc66beb99013a7ed31247a19de5ee?s=96&d=mm&r=g\",\"contentUrl\":\"https:\\\/\\\/secure.gravatar.com\\\/avatar\\\/2a30f733013cda40b9c7ec618bcc992b00abc66beb99013a7ed31247a19de5ee?s=96&d=mm&r=g\",\"caption\":\"mwaqas\"},\"sameAs\":[\"http:\\\/\\\/blog.express-cbd.com\"],\"url\":\"https:\\\/\\\/blog.express-cbd.com\\\/de\\\/author\\\/mwaqas\\\/\"}]}<\/script>\n<!-- \/ Yoast SEO Premium plugin. -->","yoast_head_json":{"title":"Ethik-Politik - Express CBD Blog","robots":{"index":"index","follow":"follow","max-snippet":"max-snippet:-1","max-image-preview":"max-image-preview:large","max-video-preview":"max-video-preview:-1"},"canonical":"https:\/\/blog.express-cbd.com\/de\/ethik-politik\/","og_locale":"de_DE","og_type":"article","og_title":"Ethik-Politik","og_description":"Warum es diese Richtlinie gibt Die CBD-Branche ist \u00fcberf\u00fcllt, kommerziell getrieben und &#8211; teilweise &#8211; schlecht reguliert. Das macht ehrliche, unabh\u00e4ngige redaktionelle Inhalte noch wertvoller, aber auch leichter zu gef\u00e4hrden. Diese Ethikrichtlinien legen die Grunds\u00e4tze fest, die unsere Arbeitsweise bestimmen, wie wir mit Interessenkonflikten umgehen und wo wir die Grenze ziehen. Sie gelten f\u00fcr jeden,...","og_url":"https:\/\/blog.express-cbd.com\/de\/ethik-politik\/","og_site_name":"Express CBD Blog","article_modified_time":"2026-04-28T16:05:54+00:00","og_image":[{"width":2560,"height":1533,"url":"https:\/\/blog.express-cbd.com\/wp-content\/uploads\/2026\/04\/Express-CBD-Logo-scaled.png","type":"image\/png"}],"twitter_card":"summary_large_image","twitter_site":"@ExpressCBDCom","twitter_misc":{"Gesch\u00e4tzte Lesezeit":"6\u00a0Minuten"},"schema":{"@context":"https:\/\/schema.org","@graph":[{"@type":["Article","BlogPosting"],"@id":"https:\/\/blog.express-cbd.com\/de\/ethik-politik\/#article","isPartOf":{"@id":"https:\/\/blog.express-cbd.com\/de\/ethik-politik\/"},"author":{"name":"mwaqas","@id":"https:\/\/blog.express-cbd.com\/de\/#\/schema\/person\/78065cdeb6132989e9c08e9a8e41a9de"},"headline":"Ethik-Politik","datePublished":"2026-04-28T14:32:38+00:00","dateModified":"2026-04-28T16:05:54+00:00","mainEntityOfPage":{"@id":"https:\/\/blog.express-cbd.com\/de\/ethik-politik\/"},"wordCount":1180,"publisher":{"@id":"https:\/\/blog.express-cbd.com\/de\/#organization"},"inLanguage":"de"},{"@type":"WebPage","@id":"https:\/\/blog.express-cbd.com\/de\/ethik-politik\/","url":"https:\/\/blog.express-cbd.com\/de\/ethik-politik\/","name":"Ethik-Politik - Express CBD Blog","isPartOf":{"@id":"https:\/\/blog.express-cbd.com\/de\/#website"},"datePublished":"2026-04-28T14:32:38+00:00","dateModified":"2026-04-28T16:05:54+00:00","breadcrumb":{"@id":"https:\/\/blog.express-cbd.com\/de\/ethik-politik\/#breadcrumb"},"inLanguage":"de","potentialAction":[{"@type":"ReadAction","target":["https:\/\/blog.express-cbd.com\/de\/ethik-politik\/"]}]},{"@type":"BreadcrumbList","@id":"https:\/\/blog.express-cbd.com\/de\/ethik-politik\/#breadcrumb","itemListElement":[{"@type":"ListItem","position":1,"name":"Express CBD Blog","item":"https:\/\/blog.express-cbd.com\/de\/"},{"@type":"ListItem","position":2,"name":"Ethik-Politik"}]},{"@type":"WebSite","@id":"https:\/\/blog.express-cbd.com\/de\/#website","url":"https:\/\/blog.express-cbd.com\/de\/","name":"Express CBD Blog","description":"Experteneinblicke und Tipps zu CBD","publisher":{"@id":"https:\/\/blog.express-cbd.com\/de\/#organization"},"potentialAction":[{"@type":"SearchAction","target":{"@type":"EntryPoint","urlTemplate":"https:\/\/blog.express-cbd.com\/de\/?s={search_term_string}"},"query-input":{"@type":"PropertyValueSpecification","valueRequired":true,"valueName":"search_term_string"}}],"inLanguage":"de"},{"@type":"Organization","@id":"https:\/\/blog.express-cbd.com\/de\/#organization","name":"Express CBD Blog","url":"https:\/\/blog.express-cbd.com\/de\/","logo":{"@type":"ImageObject","inLanguage":"de","@id":"https:\/\/blog.express-cbd.com\/de\/#\/schema\/logo\/image\/","url":"https:\/\/blog.express-cbd.com\/wp-content\/uploads\/2023\/04\/Express-CBD-Blog.png","contentUrl":"https:\/\/blog.express-cbd.com\/wp-content\/uploads\/2023\/04\/Express-CBD-Blog.png","width":3596,"height":2154,"caption":"Express CBD Blog"},"image":{"@id":"https:\/\/blog.express-cbd.com\/de\/#\/schema\/logo\/image\/"},"sameAs":["https:\/\/x.com\/ExpressCBDCom","https:\/\/www.threads.com\/@expresscbdcom","https:\/\/www.instagram.com\/expresscbdcom"],"description":"Express CBD is a UK online shop offering premium CBD oils, capsules, vapes, edibles, skincare, and vaping products from hundreds of trusted brands.","email":"info@express-cbd.com","legalName":"Express CBD","foundingDate":"2023-03-02","numberOfEmployees":{"@type":"QuantitativeValue","minValue":"1","maxValue":"10"},"publishingPrinciples":"https:\/\/blog.express-cbd.com\/publishing-principles\/","ownershipFundingInfo":"https:\/\/blog.express-cbd.com\/ownership-funding\/","actionableFeedbackPolicy":"https:\/\/blog.express-cbd.com\/feedback\/","correctionsPolicy":"https:\/\/blog.express-cbd.com\/corrections-policy\/","ethicsPolicy":"https:\/\/blog.express-cbd.com\/ethics-policy\/"},{"@type":"Person","@id":"https:\/\/blog.express-cbd.com\/de\/#\/schema\/person\/78065cdeb6132989e9c08e9a8e41a9de","name":"mwaqas","image":{"@type":"ImageObject","inLanguage":"de","@id":"https:\/\/secure.gravatar.com\/avatar\/2a30f733013cda40b9c7ec618bcc992b00abc66beb99013a7ed31247a19de5ee?s=96&d=mm&r=g","url":"https:\/\/secure.gravatar.com\/avatar\/2a30f733013cda40b9c7ec618bcc992b00abc66beb99013a7ed31247a19de5ee?s=96&d=mm&r=g","contentUrl":"https:\/\/secure.gravatar.com\/avatar\/2a30f733013cda40b9c7ec618bcc992b00abc66beb99013a7ed31247a19de5ee?s=96&d=mm&r=g","caption":"mwaqas"},"sameAs":["http:\/\/blog.express-cbd.com"],"url":"https:\/\/blog.express-cbd.com\/de\/author\/mwaqas\/"}]}},"_links":{"self":[{"href":"https:\/\/blog.express-cbd.com\/de\/wp-json\/wp\/v2\/pages\/19374","targetHints":{"allow":["GET"]}}],"collection":[{"href":"https:\/\/blog.express-cbd.com\/de\/wp-json\/wp\/v2\/pages"}],"about":[{"href":"https:\/\/blog.express-cbd.com\/de\/wp-json\/wp\/v2\/types\/page"}],"author":[{"embeddable":true,"href":"https:\/\/blog.express-cbd.com\/de\/wp-json\/wp\/v2\/users\/1"}],"replies":[{"embeddable":true,"href":"https:\/\/blog.express-cbd.com\/de\/wp-json\/wp\/v2\/comments?post=19374"}],"version-history":[{"count":1,"href":"https:\/\/blog.express-cbd.com\/de\/wp-json\/wp\/v2\/pages\/19374\/revisions"}],"predecessor-version":[{"id":19376,"href":"https:\/\/blog.express-cbd.com\/de\/wp-json\/wp\/v2\/pages\/19374\/revisions\/19376"}],"wp:attachment":[{"href":"https:\/\/blog.express-cbd.com\/de\/wp-json\/wp\/v2\/media?parent=19374"}],"curies":[{"name":"wp","href":"https:\/\/api.w.org\/{rel}","templated":true}]}}