{"id":19290,"date":"2026-04-28T14:25:24","date_gmt":"2026-04-28T14:25:24","guid":{"rendered":"https:\/\/blog.express-cbd.com\/propiedad-y-financiacion\/"},"modified":"2026-04-28T14:27:34","modified_gmt":"2026-04-28T14:27:34","slug":"propiedad-y-financiacion","status":"publish","type":"page","link":"https:\/\/blog.express-cbd.com\/es\/propiedad-y-financiacion\/","title":{"rendered":"Propiedad y financiaci\u00f3n"},"content":{"rendered":"\n<h3 class=\"wp-block-heading\" id=\"h-who-owns-this-blog\">A qui\u00e9n pertenece este blog<\/h3>\n\n<p>El Blog de Express CBD (blog.express-cbd.com) es propiedad y est\u00e1 gestionado por <strong>Express CBD<\/strong>, un minorista online de productos de CBD y bienestar. El blog es una publicaci\u00f3n interna del negocio de Express CBD y no es de propiedad independiente ni funciona como una entidad editorial separada. <\/p>\n\n<h3 class=\"wp-block-heading\" id=\"h-why-this-blog-exists\">Por qu\u00e9 existe este blog<\/h3>\n\n<p>El blog se cre\u00f3 para proporcionar a los clientes y al p\u00fablico en general informaci\u00f3n fiable y accesible sobre el CBD: c\u00f3mo funciona, c\u00f3mo elegir los productos y c\u00f3mo encaja en los distintos marcos legales de Europa. Sirve tanto a un prop\u00f3sito educativo como de apoyo a la tienda Express CBD, ayudando a los lectores a encontrar productos adecuados a sus necesidades. <\/p>\n\n<p>Somos transparentes sobre este doble prop\u00f3sito: el blog es una empresa comercial adem\u00e1s de editorial. Nuestros principios editoriales rigen c\u00f3mo se gestiona ese inter\u00e9s comercial para que no comprometa la integridad editorial. <\/p>\n\n<h3 class=\"wp-block-heading\" id=\"h-how-the-blog-is-funded\">C\u00f3mo se financia el blog<\/h3>\n\n<p>El Blog Express CBD est\u00e1 financiado \u00edntegramente por Express CBD como parte de sus operaciones comerciales. No funciona con un modelo de suscripci\u00f3n, no cobra a los lectores ni lleva publicidad de terceros. <\/p>\n\n<p>Espec\u00edficamente:<\/p>\n\n<p><strong>Sin publicidad de pago.<\/strong>  No mostramos banners publicitarios, anuncios patrocinados ni contenido promocional pagado de marcas de terceros. Si esto cambia, lo indicaremos claramente en esta p\u00e1gina y en los art\u00edculos pertinentes. <\/p>\n\n<p><strong>Sin inversores externos ni subvenciones.<\/strong>  El blog no cuenta con financiaci\u00f3n externa, capital riesgo ni subvenciones p\u00fablicas. Todos los costes editoriales -redacci\u00f3n, investigaci\u00f3n, traducci\u00f3n- est\u00e1n cubiertos por los ingresos comerciales de Express CBD procedentes de la venta de productos. <\/p>\n\n<p><strong>Tienda afiliada.<\/strong>  El Blog de Express CBD enlaza con la tienda de Express CBD (express-cbd.com). Cuando los lectores hacen clic y realizan una compra, esto beneficia comercialmente a Express CBD. No creemos que esta afiliaci\u00f3n afecte a la calidad u objetividad de nuestro contenido editorial, pero lo revelamos aqu\u00ed para que los lectores puedan juzgar por s\u00ed mismos.  <\/p>\n\n<p><strong>Relaciones de marca.<\/strong>  En el curso de la redacci\u00f3n de rese\u00f1as y gu\u00edas de productos, podemos recibir muestras de productos de las marcas. En tal caso, se indica en el art\u00edculo correspondiente. No aceptamos pagos de las marcas a cambio de rese\u00f1as o cobertura.  <\/p>\n\n<h3 class=\"wp-block-heading\" id=\"h-multilingual-operations\">Operaciones multiling\u00fces<\/h3>\n\n<p>El Blog Express CBD publica contenidos en ocho idiomas: ingl\u00e9s, franc\u00e9s, alem\u00e1n, italiano, polaco, portugu\u00e9s, espa\u00f1ol y neerland\u00e9s. Todas las ediciones ling\u00fc\u00edsticas se producen bajo la misma propiedad y supervisi\u00f3n editorial. Los contenidos localizados se adaptan a los contextos jur\u00eddicos y de mercado regionales, pero no son propiedad ni se gestionan de forma independiente en esos mercados.  <\/p>\n\n<h3 class=\"wp-block-heading\" id=\"h-contact\">Ponte en contacto con<\/h3>\n\n<p>Si tienes preguntas sobre la propiedad o la financiaci\u00f3n de este blog, ponte en contacto con nosotros a trav\u00e9s de la <a href=\"https:\/\/blog.express-cbd.com\/es\/contacta-con-nosotros\/\">p\u00e1gina de Contacto<\/a> o a trav\u00e9s de la tienda Express CBD.<\/p>\n\n<hr class=\"wp-block-separator has-alpha-channel-opacity\"\/>\n\n<p><em>\u00daltima revisi\u00f3n: Abril 2026<\/em><\/p>\n<p style=\"text-align: center\"><a href=\"https:\/\/express-cbd.com\" target=\"_blank\">Visit Express CBD Store<\/a><\/p>","protected":false},"excerpt":{"rendered":"<p>A qui\u00e9n pertenece este blog El Blog de Express CBD (blog.express-cbd.com) es propiedad y est\u00e1 gestionado por Express CBD, un minorista online de productos de CBD y bienestar. El blog es una publicaci\u00f3n interna del negocio de Express CBD y no es de propiedad independiente ni funciona como una entidad editorial separada. Por qu\u00e9 existe&#8230;<\/p>\n","protected":false},"author":1,"featured_media":0,"parent":0,"menu_order":0,"comment_status":"closed","ping_status":"closed","template":"","meta":{"footnotes":""},"class_list":["post-19290","page","type-page","status-publish","hentry"],"yoast_head":"<!-- This site is optimized with the Yoast SEO Premium plugin v27.5 (Yoast SEO v27.5) - https:\/\/yoast.com\/product\/yoast-seo-premium-wordpress\/ -->\n<title>Propiedad y financiaci\u00f3n - Express CBD Blog<\/title>\n<meta name=\"description\" content=\"El Blog Express CBD (blog.express-cbd.com) es propiedad y est\u00e1 gestionado por Express CBD, un minorista online de productos de CBD y bienestar.\" \/>\n<meta name=\"robots\" content=\"index, follow, max-snippet:-1, max-image-preview:large, max-video-preview:-1\" \/>\n<link rel=\"canonical\" href=\"https:\/\/blog.express-cbd.com\/es\/propiedad-y-financiacion\/\" \/>\n<meta property=\"og:locale\" content=\"es_ES\" \/>\n<meta property=\"og:type\" content=\"article\" \/>\n<meta property=\"og:title\" content=\"Propiedad y financiaci\u00f3n\" \/>\n<meta property=\"og:description\" content=\"El Blog Express CBD (blog.express-cbd.com) es propiedad y est\u00e1 gestionado por Express CBD, un minorista online de productos de CBD y bienestar.\" \/>\n<meta property=\"og:url\" content=\"https:\/\/blog.express-cbd.com\/es\/propiedad-y-financiacion\/\" \/>\n<meta property=\"og:site_name\" content=\"Express CBD Blog\" \/>\n<meta property=\"article:modified_time\" content=\"2026-04-28T14:27:34+00:00\" \/>\n<meta property=\"og:image\" content=\"https:\/\/blog.express-cbd.com\/wp-content\/uploads\/2026\/04\/Express-CBD-Logo-scaled.png\" \/>\n\t<meta property=\"og:image:width\" content=\"2560\" \/>\n\t<meta property=\"og:image:height\" content=\"1533\" \/>\n\t<meta property=\"og:image:type\" content=\"image\/png\" \/>\n<meta name=\"twitter:card\" content=\"summary_large_image\" \/>\n<meta name=\"twitter:site\" content=\"@ExpressCBDCom\" \/>\n<meta name=\"twitter:label1\" content=\"Tiempo de lectura\" \/>\n\t<meta name=\"twitter:data1\" content=\"3 minutos\" \/>\n<script type=\"application\/ld+json\" class=\"yoast-schema-graph\">{\"@context\":\"https:\\\/\\\/schema.org\",\"@graph\":[{\"@type\":[\"Article\",\"BlogPosting\"],\"@id\":\"https:\\\/\\\/blog.express-cbd.com\\\/es\\\/propiedad-y-financiacion\\\/#article\",\"isPartOf\":{\"@id\":\"https:\\\/\\\/blog.express-cbd.com\\\/es\\\/propiedad-y-financiacion\\\/\"},\"author\":{\"name\":\"mwaqas\",\"@id\":\"https:\\\/\\\/blog.express-cbd.com\\\/es\\\/#\\\/schema\\\/person\\\/78065cdeb6132989e9c08e9a8e41a9de\"},\"headline\":\"Propiedad y financiaci\u00f3n\",\"datePublished\":\"2026-04-28T14:25:24+00:00\",\"dateModified\":\"2026-04-28T14:27:34+00:00\",\"mainEntityOfPage\":{\"@id\":\"https:\\\/\\\/blog.express-cbd.com\\\/es\\\/propiedad-y-financiacion\\\/\"},\"wordCount\":512,\"publisher\":{\"@id\":\"https:\\\/\\\/blog.express-cbd.com\\\/es\\\/#organization\"},\"inLanguage\":\"es\"},{\"@type\":\"WebPage\",\"@id\":\"https:\\\/\\\/blog.express-cbd.com\\\/es\\\/propiedad-y-financiacion\\\/\",\"url\":\"https:\\\/\\\/blog.express-cbd.com\\\/es\\\/propiedad-y-financiacion\\\/\",\"name\":\"Propiedad y financiaci\u00f3n - Express CBD Blog\",\"isPartOf\":{\"@id\":\"https:\\\/\\\/blog.express-cbd.com\\\/es\\\/#website\"},\"datePublished\":\"2026-04-28T14:25:24+00:00\",\"dateModified\":\"2026-04-28T14:27:34+00:00\",\"description\":\"El Blog Express CBD (blog.express-cbd.com) es propiedad y est\u00e1 gestionado por Express CBD, un minorista online de productos de CBD y bienestar.\",\"breadcrumb\":{\"@id\":\"https:\\\/\\\/blog.express-cbd.com\\\/es\\\/propiedad-y-financiacion\\\/#breadcrumb\"},\"inLanguage\":\"es\",\"potentialAction\":[{\"@type\":\"ReadAction\",\"target\":[\"https:\\\/\\\/blog.express-cbd.com\\\/es\\\/propiedad-y-financiacion\\\/\"]}]},{\"@type\":\"BreadcrumbList\",\"@id\":\"https:\\\/\\\/blog.express-cbd.com\\\/es\\\/propiedad-y-financiacion\\\/#breadcrumb\",\"itemListElement\":[{\"@type\":\"ListItem\",\"position\":1,\"name\":\"Express CBD Blog\",\"item\":\"https:\\\/\\\/blog.express-cbd.com\\\/es\\\/\"},{\"@type\":\"ListItem\",\"position\":2,\"name\":\"Propiedad y financiaci\u00f3n\"}]},{\"@type\":\"WebSite\",\"@id\":\"https:\\\/\\\/blog.express-cbd.com\\\/es\\\/#website\",\"url\":\"https:\\\/\\\/blog.express-cbd.com\\\/es\\\/\",\"name\":\"Express CBD Blog\",\"description\":\"Perspectivas y consejos de expertos sobre el CBD\",\"publisher\":{\"@id\":\"https:\\\/\\\/blog.express-cbd.com\\\/es\\\/#organization\"},\"potentialAction\":[{\"@type\":\"SearchAction\",\"target\":{\"@type\":\"EntryPoint\",\"urlTemplate\":\"https:\\\/\\\/blog.express-cbd.com\\\/es\\\/?s={search_term_string}\"},\"query-input\":{\"@type\":\"PropertyValueSpecification\",\"valueRequired\":true,\"valueName\":\"search_term_string\"}}],\"inLanguage\":\"es\"},{\"@type\":\"Organization\",\"@id\":\"https:\\\/\\\/blog.express-cbd.com\\\/es\\\/#organization\",\"name\":\"Express CBD Blog\",\"url\":\"https:\\\/\\\/blog.express-cbd.com\\\/es\\\/\",\"logo\":{\"@type\":\"ImageObject\",\"inLanguage\":\"es\",\"@id\":\"https:\\\/\\\/blog.express-cbd.com\\\/es\\\/#\\\/schema\\\/logo\\\/image\\\/\",\"url\":\"https:\\\/\\\/blog.express-cbd.com\\\/wp-content\\\/uploads\\\/2023\\\/04\\\/Express-CBD-Blog.png\",\"contentUrl\":\"https:\\\/\\\/blog.express-cbd.com\\\/wp-content\\\/uploads\\\/2023\\\/04\\\/Express-CBD-Blog.png\",\"width\":3596,\"height\":2154,\"caption\":\"Express CBD Blog\"},\"image\":{\"@id\":\"https:\\\/\\\/blog.express-cbd.com\\\/es\\\/#\\\/schema\\\/logo\\\/image\\\/\"},\"sameAs\":[\"https:\\\/\\\/x.com\\\/ExpressCBDCom\",\"https:\\\/\\\/www.threads.com\\\/@expresscbdcom\",\"https:\\\/\\\/www.instagram.com\\\/expresscbdcom\"],\"description\":\"Express CBD is a UK online shop offering premium CBD oils, capsules, vapes, edibles, skincare, and vaping products from hundreds of trusted brands.\",\"email\":\"info@express-cbd.com\",\"legalName\":\"Express CBD\",\"foundingDate\":\"2023-03-02\",\"numberOfEmployees\":{\"@type\":\"QuantitativeValue\",\"minValue\":\"1\",\"maxValue\":\"10\"},\"publishingPrinciples\":\"https:\\\/\\\/blog.express-cbd.com\\\/publishing-principles\\\/\",\"ownershipFundingInfo\":\"https:\\\/\\\/blog.express-cbd.com\\\/ownership-funding\\\/\",\"actionableFeedbackPolicy\":\"https:\\\/\\\/blog.express-cbd.com\\\/feedback\\\/\",\"correctionsPolicy\":\"https:\\\/\\\/blog.express-cbd.com\\\/corrections-policy\\\/\",\"ethicsPolicy\":\"https:\\\/\\\/blog.express-cbd.com\\\/ethics-policy\\\/\"},{\"@type\":\"Person\",\"@id\":\"https:\\\/\\\/blog.express-cbd.com\\\/es\\\/#\\\/schema\\\/person\\\/78065cdeb6132989e9c08e9a8e41a9de\",\"name\":\"mwaqas\",\"image\":{\"@type\":\"ImageObject\",\"inLanguage\":\"es\",\"@id\":\"https:\\\/\\\/secure.gravatar.com\\\/avatar\\\/2a30f733013cda40b9c7ec618bcc992b00abc66beb99013a7ed31247a19de5ee?s=96&d=mm&r=g\",\"url\":\"https:\\\/\\\/secure.gravatar.com\\\/avatar\\\/2a30f733013cda40b9c7ec618bcc992b00abc66beb99013a7ed31247a19de5ee?s=96&d=mm&r=g\",\"contentUrl\":\"https:\\\/\\\/secure.gravatar.com\\\/avatar\\\/2a30f733013cda40b9c7ec618bcc992b00abc66beb99013a7ed31247a19de5ee?s=96&d=mm&r=g\",\"caption\":\"mwaqas\"},\"sameAs\":[\"http:\\\/\\\/blog.express-cbd.com\"],\"url\":\"https:\\\/\\\/blog.express-cbd.com\\\/es\\\/author\\\/mwaqas\\\/\"}]}<\/script>\n<!-- \/ Yoast SEO Premium plugin. -->","yoast_head_json":{"title":"Propiedad y financiaci\u00f3n - Express CBD Blog","description":"El Blog Express CBD (blog.express-cbd.com) es propiedad y est\u00e1 gestionado por Express CBD, un minorista online de productos de CBD y bienestar.","robots":{"index":"index","follow":"follow","max-snippet":"max-snippet:-1","max-image-preview":"max-image-preview:large","max-video-preview":"max-video-preview:-1"},"canonical":"https:\/\/blog.express-cbd.com\/es\/propiedad-y-financiacion\/","og_locale":"es_ES","og_type":"article","og_title":"Propiedad y financiaci\u00f3n","og_description":"El Blog Express CBD (blog.express-cbd.com) es propiedad y est\u00e1 gestionado por Express CBD, un minorista online de productos de CBD y bienestar.","og_url":"https:\/\/blog.express-cbd.com\/es\/propiedad-y-financiacion\/","og_site_name":"Express CBD Blog","article_modified_time":"2026-04-28T14:27:34+00:00","og_image":[{"width":2560,"height":1533,"url":"https:\/\/blog.express-cbd.com\/wp-content\/uploads\/2026\/04\/Express-CBD-Logo-scaled.png","type":"image\/png"}],"twitter_card":"summary_large_image","twitter_site":"@ExpressCBDCom","twitter_misc":{"Tiempo de lectura":"3 minutos"},"schema":{"@context":"https:\/\/schema.org","@graph":[{"@type":["Article","BlogPosting"],"@id":"https:\/\/blog.express-cbd.com\/es\/propiedad-y-financiacion\/#article","isPartOf":{"@id":"https:\/\/blog.express-cbd.com\/es\/propiedad-y-financiacion\/"},"author":{"name":"mwaqas","@id":"https:\/\/blog.express-cbd.com\/es\/#\/schema\/person\/78065cdeb6132989e9c08e9a8e41a9de"},"headline":"Propiedad y financiaci\u00f3n","datePublished":"2026-04-28T14:25:24+00:00","dateModified":"2026-04-28T14:27:34+00:00","mainEntityOfPage":{"@id":"https:\/\/blog.express-cbd.com\/es\/propiedad-y-financiacion\/"},"wordCount":512,"publisher":{"@id":"https:\/\/blog.express-cbd.com\/es\/#organization"},"inLanguage":"es"},{"@type":"WebPage","@id":"https:\/\/blog.express-cbd.com\/es\/propiedad-y-financiacion\/","url":"https:\/\/blog.express-cbd.com\/es\/propiedad-y-financiacion\/","name":"Propiedad y financiaci\u00f3n - Express CBD Blog","isPartOf":{"@id":"https:\/\/blog.express-cbd.com\/es\/#website"},"datePublished":"2026-04-28T14:25:24+00:00","dateModified":"2026-04-28T14:27:34+00:00","description":"El Blog Express CBD (blog.express-cbd.com) es propiedad y est\u00e1 gestionado por Express CBD, un minorista online de productos de CBD y bienestar.","breadcrumb":{"@id":"https:\/\/blog.express-cbd.com\/es\/propiedad-y-financiacion\/#breadcrumb"},"inLanguage":"es","potentialAction":[{"@type":"ReadAction","target":["https:\/\/blog.express-cbd.com\/es\/propiedad-y-financiacion\/"]}]},{"@type":"BreadcrumbList","@id":"https:\/\/blog.express-cbd.com\/es\/propiedad-y-financiacion\/#breadcrumb","itemListElement":[{"@type":"ListItem","position":1,"name":"Express CBD Blog","item":"https:\/\/blog.express-cbd.com\/es\/"},{"@type":"ListItem","position":2,"name":"Propiedad y financiaci\u00f3n"}]},{"@type":"WebSite","@id":"https:\/\/blog.express-cbd.com\/es\/#website","url":"https:\/\/blog.express-cbd.com\/es\/","name":"Express CBD Blog","description":"Perspectivas y consejos de expertos sobre el CBD","publisher":{"@id":"https:\/\/blog.express-cbd.com\/es\/#organization"},"potentialAction":[{"@type":"SearchAction","target":{"@type":"EntryPoint","urlTemplate":"https:\/\/blog.express-cbd.com\/es\/?s={search_term_string}"},"query-input":{"@type":"PropertyValueSpecification","valueRequired":true,"valueName":"search_term_string"}}],"inLanguage":"es"},{"@type":"Organization","@id":"https:\/\/blog.express-cbd.com\/es\/#organization","name":"Express CBD Blog","url":"https:\/\/blog.express-cbd.com\/es\/","logo":{"@type":"ImageObject","inLanguage":"es","@id":"https:\/\/blog.express-cbd.com\/es\/#\/schema\/logo\/image\/","url":"https:\/\/blog.express-cbd.com\/wp-content\/uploads\/2023\/04\/Express-CBD-Blog.png","contentUrl":"https:\/\/blog.express-cbd.com\/wp-content\/uploads\/2023\/04\/Express-CBD-Blog.png","width":3596,"height":2154,"caption":"Express CBD Blog"},"image":{"@id":"https:\/\/blog.express-cbd.com\/es\/#\/schema\/logo\/image\/"},"sameAs":["https:\/\/x.com\/ExpressCBDCom","https:\/\/www.threads.com\/@expresscbdcom","https:\/\/www.instagram.com\/expresscbdcom"],"description":"Express CBD is a UK online shop offering premium CBD oils, capsules, vapes, edibles, skincare, and vaping products from hundreds of trusted brands.","email":"info@express-cbd.com","legalName":"Express CBD","foundingDate":"2023-03-02","numberOfEmployees":{"@type":"QuantitativeValue","minValue":"1","maxValue":"10"},"publishingPrinciples":"https:\/\/blog.express-cbd.com\/publishing-principles\/","ownershipFundingInfo":"https:\/\/blog.express-cbd.com\/ownership-funding\/","actionableFeedbackPolicy":"https:\/\/blog.express-cbd.com\/feedback\/","correctionsPolicy":"https:\/\/blog.express-cbd.com\/corrections-policy\/","ethicsPolicy":"https:\/\/blog.express-cbd.com\/ethics-policy\/"},{"@type":"Person","@id":"https:\/\/blog.express-cbd.com\/es\/#\/schema\/person\/78065cdeb6132989e9c08e9a8e41a9de","name":"mwaqas","image":{"@type":"ImageObject","inLanguage":"es","@id":"https:\/\/secure.gravatar.com\/avatar\/2a30f733013cda40b9c7ec618bcc992b00abc66beb99013a7ed31247a19de5ee?s=96&d=mm&r=g","url":"https:\/\/secure.gravatar.com\/avatar\/2a30f733013cda40b9c7ec618bcc992b00abc66beb99013a7ed31247a19de5ee?s=96&d=mm&r=g","contentUrl":"https:\/\/secure.gravatar.com\/avatar\/2a30f733013cda40b9c7ec618bcc992b00abc66beb99013a7ed31247a19de5ee?s=96&d=mm&r=g","caption":"mwaqas"},"sameAs":["http:\/\/blog.express-cbd.com"],"url":"https:\/\/blog.express-cbd.com\/es\/author\/mwaqas\/"}]}},"_links":{"self":[{"href":"https:\/\/blog.express-cbd.com\/es\/wp-json\/wp\/v2\/pages\/19290","targetHints":{"allow":["GET"]}}],"collection":[{"href":"https:\/\/blog.express-cbd.com\/es\/wp-json\/wp\/v2\/pages"}],"about":[{"href":"https:\/\/blog.express-cbd.com\/es\/wp-json\/wp\/v2\/types\/page"}],"author":[{"embeddable":true,"href":"https:\/\/blog.express-cbd.com\/es\/wp-json\/wp\/v2\/users\/1"}],"replies":[{"embeddable":true,"href":"https:\/\/blog.express-cbd.com\/es\/wp-json\/wp\/v2\/comments?post=19290"}],"version-history":[{"count":1,"href":"https:\/\/blog.express-cbd.com\/es\/wp-json\/wp\/v2\/pages\/19290\/revisions"}],"predecessor-version":[{"id":19291,"href":"https:\/\/blog.express-cbd.com\/es\/wp-json\/wp\/v2\/pages\/19290\/revisions\/19291"}],"wp:attachment":[{"href":"https:\/\/blog.express-cbd.com\/es\/wp-json\/wp\/v2\/media?parent=19290"}],"curies":[{"name":"wp","href":"https:\/\/api.w.org\/{rel}","templated":true}]}}