{"id":19340,"date":"2026-04-28T14:14:33","date_gmt":"2026-04-28T14:14:33","guid":{"rendered":"https:\/\/blog.express-cbd.com\/principios-de-publicacion\/"},"modified":"2026-04-28T16:05:12","modified_gmt":"2026-04-28T16:05:12","slug":"principios-de-publicacion","status":"publish","type":"page","link":"https:\/\/blog.express-cbd.com\/es\/principios-de-publicacion\/","title":{"rendered":"Principios de publicaci\u00f3n"},"content":{"rendered":"\n<h3 class=\"wp-block-heading\" id=\"h-our-mission\">Nuestra misi\u00f3n<\/h3>\n\n<p>El Blog Express CBD existe para ayudar a la gente corriente a tomar decisiones informadas y seguras sobre el CBD. Nos abrimos paso entre el ruido con contenidos claros, honestos y respaldados por expertos, tanto si alguien est\u00e1 comprando su primer aceite de CBD como si busca profundizar en los perfiles de terpenos. <\/p>\n\n<hr class=\"wp-block-separator has-alpha-channel-opacity\"\/>\n\n<h3 class=\"wp-block-heading\" id=\"h-editorial-independence\">Independencia editorial<\/h3>\n\n<p>Nuestro contenido editorial est\u00e1 impulsado por el valor para el lector, no por el inter\u00e9s comercial. Aunque el Blog Express CBD est\u00e1 relacionado con la tienda Express CBD, nuestras rese\u00f1as, comparaciones y art\u00edculos educativos est\u00e1n escritos de forma objetiva. No favorecemos productos simplemente porque est\u00e9n disponibles en nuestra tienda. Si algo no funciona bien, lo decimos.   <\/p>\n\n<hr class=\"wp-block-separator has-alpha-channel-opacity\"\/>\n\n<h3 class=\"wp-block-heading\" id=\"h-accuracy-amp-evidence-standards\">Normas de exactitud y prueba<\/h3>\n\n<p>Nos tomamos en serio la precisi\u00f3n en un espacio que a menudo est\u00e1 lleno de desinformaci\u00f3n.<\/p>\n\n<ul class=\"wp-block-list\">\n<li>Todas las afirmaciones relacionadas con la salud se basan en la investigaci\u00f3n cient\u00edfica disponible o en estudios revisados por expertos, y se atribuyen claramente.<\/li>\n\n\n\n<li>Distinguimos entre lo cl\u00ednicamente establecido, lo emergente y lo anecd\u00f3tico.<\/li>\n\n\n\n<li>No hacemos afirmaciones m\u00e9dicas ni sugerimos que el CBD sea un tratamiento o cura para ninguna enfermedad.<\/li>\n\n\n\n<li>Los art\u00edculos se revisan y actualizan peri\u00f3dicamente para reflejar los cambios en la normativa, la investigaci\u00f3n o la disponibilidad en el mercado.<\/li>\n<\/ul>\n\n<hr class=\"wp-block-separator has-alpha-channel-opacity\"\/>\n\n<h3 class=\"wp-block-heading\" id=\"h-transparency\">Transparencia<\/h3>\n\n<p>Somos francos sobre qui\u00e9nes somos y c\u00f3mo funciona este blog.<\/p>\n\n<ul class=\"wp-block-list\">\n<li>Revelamos nuestra afiliaci\u00f3n a la tienda Express CBD.<\/li>\n\n\n\n<li>Los contenidos patrocinados o las asociaciones de afiliados, si existen, est\u00e1n claramente etiquetados.<\/li>\n\n\n\n<li>Las rese\u00f1as de productos identifican si la marca proporcion\u00f3 muestras.<\/li>\n\n\n\n<li>Los autores nombrados son personas reales con experiencia relevante o vivida.<\/li>\n<\/ul>\n\n<hr class=\"wp-block-separator has-alpha-channel-opacity\"\/>\n\n<h3 class=\"wp-block-heading\" id=\"h-legal-responsibility\">Responsabilidad jur\u00eddica<\/h3>\n\n<p>La normativa sobre CBD var\u00eda seg\u00fan los pa\u00edses y las lenguas en que publicamos. Nos tomamos esto muy en serio. <\/p>\n\n<ul class=\"wp-block-list\">\n<li>Cada art\u00edculo tiene en cuenta la situaci\u00f3n jur\u00eddica del CDB en el territorio correspondiente en el momento de su publicaci\u00f3n.<\/li>\n\n\n\n<li>No fomentamos el uso de productos que sean ilegales en la jurisdicci\u00f3n del lector.<\/li>\n\n\n\n<li>La informaci\u00f3n legal se proporciona \u00fanicamente a t\u00edtulo orientativo y no constituye asesoramiento jur\u00eddico. Se recomienda a los lectores que comprueben las normas locales. <\/li>\n\n\n\n<li>Etiquetamos claramente el contexto del pa\u00eds para las gu\u00edas legales (por ejemplo, \u00abAceite de CBD en Escocia\u00bb, \u00ab\u00bfEs legal el CBD en Espa\u00f1a?\u00bb).<\/li>\n<\/ul>\n\n<hr class=\"wp-block-separator has-alpha-channel-opacity\"\/>\n\n<h3 class=\"wp-block-heading\" id=\"h-tone-amp-voice\">Tono y voz<\/h3>\n\n<p>Escribimos para gente curiosa y real, no para conocedores del sector.<\/p>\n\n<ul class=\"wp-block-list\">\n<li>El lenguaje es claro, directo y sin jerga. Cuando son necesarios t\u00e9rminos t\u00e9cnicos, los explicamos. <\/li>\n\n\n\n<li>Somos amables, pero nunca sermoneamos. Informamos sin moralizar. <\/li>\n\n\n\n<li>Los art\u00edculos son ante todo pr\u00e1cticos: los lectores siempre deben salir con algo \u00fatil sobre lo que puedan actuar.<\/li>\n\n\n\n<li>No sensacionalizamos los beneficios del CBD ni utilizamos un lenguaje exagerado.<\/li>\n<\/ul>\n\n<hr class=\"wp-block-separator has-alpha-channel-opacity\"\/>\n\n<h3 class=\"wp-block-heading\" id=\"h-content-categories\">Categor\u00edas de contenido<\/h3>\n\n<p>Nuestro contenido se divide en cuatro tipos b\u00e1sicos:<\/p>\n\n<ol class=\"wp-block-list\">\n<li><strong>Educativos<\/strong>: explican qu\u00e9 es el CBD, c\u00f3mo funciona, los tipos de productos y c\u00f3mo utilizarlos de forma segura.<\/li>\n\n\n\n<li><strong>Gu\u00edas de compra<\/strong>: orientaci\u00f3n honesta y basada en criterios para ayudar a los lectores a elegir productos que se adapten a sus necesidades y presupuesto.<\/li>\n\n\n\n<li><strong>Revisiones de productos<\/strong>: evaluaciones independientes de productos espec\u00edficos, probados seg\u00fan criterios coherentes (resistencia, ingredientes, pruebas de laboratorio, valor).<\/li>\n\n\n\n<li><strong>Legal y reglamentario<\/strong>: desgloses actualizados por pa\u00edses de la legislaci\u00f3n sobre DBC en nuestros mercados editoriales.<\/li>\n<\/ol>\n\n<hr class=\"wp-block-separator has-alpha-channel-opacity\"\/>\n\n<h3 class=\"wp-block-heading\" id=\"h-multilingual-publishing-standards\">Normas de publicaci\u00f3n multiling\u00fce<\/h3>\n\n<p>Publicamos en ingl\u00e9s, franc\u00e9s, alem\u00e1n, italiano, polaco, portugu\u00e9s, espa\u00f1ol y neerland\u00e9s. Cada versi\u00f3n ling\u00fc\u00edstica se rige por las mismas normas editoriales. Las traducciones no son conversiones mec\u00e1nicas palabra por palabra, sino que se adaptan al contexto, la terminolog\u00eda y la normativa locales.  <\/p>\n\n<hr class=\"wp-block-separator has-alpha-channel-opacity\"\/>\n\n<h3 class=\"wp-block-heading\" id=\"h-what-we-don-t-publish\">Lo que no publicamos<\/h3>\n\n<ul class=\"wp-block-list\">\n<li>Contenido que haga afirmaciones m\u00e9dicas o terap\u00e9uticas sin fundamento.<\/li>\n\n\n\n<li>Comparaciones que enga\u00f1an a trav\u00e9s de datos seleccionados.<\/li>\n\n\n\n<li>Contenido dirigido a menores.<\/li>\n\n\n\n<li>Revisiones que no han sido evaluadas de forma independiente.<\/li>\n\n\n\n<li>Material que promocione productos ilegales en la jurisdicci\u00f3n del lector.<\/li>\n<\/ul>\n\n<hr class=\"wp-block-separator has-alpha-channel-opacity\"\/>\n\n<h3 class=\"wp-block-heading\" id=\"h-corrections-policy\">Pol\u00edtica correccional<\/h3>\n\n<p>Si nos equivocamos en algo, lo corregimos con prontitud y transparencia. Las correcciones se anotan en la parte superior del art\u00edculo actualizado con la fecha de modificaci\u00f3n. <\/p>\n\n<hr class=\"wp-block-separator has-alpha-channel-opacity\"\/>\n\n<p><em>\u00daltima revisi\u00f3n: Abril 2026<\/em><\/p>\n<p style=\"text-align: center\"><a href=\"https:\/\/express-cbd.com\" target=\"_blank\">Visit Express CBD Store<\/a><\/p>","protected":false},"excerpt":{"rendered":"<p>Nuestra misi\u00f3n El Blog Express CBD existe para ayudar a la gente corriente a tomar decisiones informadas y seguras sobre el CBD. Nos abrimos paso entre el ruido con contenidos claros, honestos y respaldados por expertos, tanto si alguien est\u00e1 comprando su primer aceite de CBD como si busca profundizar en los perfiles de terpenos&#8230;.<\/p>\n","protected":false},"author":1,"featured_media":0,"parent":0,"menu_order":0,"comment_status":"closed","ping_status":"closed","template":"","meta":{"footnotes":""},"class_list":["post-19340","page","type-page","status-publish","hentry"],"yoast_head":"<!-- This site is optimized with the Yoast SEO Premium plugin v27.5 (Yoast SEO v27.5) - https:\/\/yoast.com\/product\/yoast-seo-premium-wordpress\/ -->\n<title>Principios de publicaci\u00f3n - Express CBD Blog<\/title>\n<meta name=\"robots\" content=\"index, follow, max-snippet:-1, max-image-preview:large, max-video-preview:-1\" \/>\n<link rel=\"canonical\" href=\"https:\/\/blog.express-cbd.com\/es\/principios-de-publicacion\/\" \/>\n<meta property=\"og:locale\" content=\"es_ES\" \/>\n<meta property=\"og:type\" content=\"article\" \/>\n<meta property=\"og:title\" content=\"Principios de publicaci\u00f3n\" \/>\n<meta property=\"og:description\" content=\"Nuestra misi\u00f3n El Blog Express CBD existe para ayudar a la gente corriente a tomar decisiones informadas y seguras sobre el CBD. Nos abrimos paso entre el ruido con contenidos claros, honestos y respaldados por expertos, tanto si alguien est\u00e1 comprando su primer aceite de CBD como si busca profundizar en los perfiles de terpenos....\" \/>\n<meta property=\"og:url\" content=\"https:\/\/blog.express-cbd.com\/es\/principios-de-publicacion\/\" \/>\n<meta property=\"og:site_name\" content=\"Express CBD Blog\" \/>\n<meta property=\"article:modified_time\" content=\"2026-04-28T16:05:12+00:00\" \/>\n<meta property=\"og:image\" content=\"https:\/\/blog.express-cbd.com\/wp-content\/uploads\/2026\/04\/Express-CBD-Logo-scaled.png\" \/>\n\t<meta property=\"og:image:width\" content=\"2560\" \/>\n\t<meta property=\"og:image:height\" content=\"1533\" \/>\n\t<meta property=\"og:image:type\" content=\"image\/png\" \/>\n<meta name=\"twitter:card\" content=\"summary_large_image\" \/>\n<meta name=\"twitter:site\" content=\"@ExpressCBDCom\" \/>\n<meta name=\"twitter:label1\" content=\"Tiempo de lectura\" \/>\n\t<meta name=\"twitter:data1\" content=\"4 minutos\" \/>\n<script type=\"application\/ld+json\" class=\"yoast-schema-graph\">{\"@context\":\"https:\\\/\\\/schema.org\",\"@graph\":[{\"@type\":[\"Article\",\"BlogPosting\"],\"@id\":\"https:\\\/\\\/blog.express-cbd.com\\\/es\\\/principios-de-publicacion\\\/#article\",\"isPartOf\":{\"@id\":\"https:\\\/\\\/blog.express-cbd.com\\\/es\\\/principios-de-publicacion\\\/\"},\"author\":{\"name\":\"mwaqas\",\"@id\":\"https:\\\/\\\/blog.express-cbd.com\\\/es\\\/#\\\/schema\\\/person\\\/78065cdeb6132989e9c08e9a8e41a9de\"},\"headline\":\"Principios de publicaci\u00f3n\",\"datePublished\":\"2026-04-28T14:14:33+00:00\",\"dateModified\":\"2026-04-28T16:05:12+00:00\",\"mainEntityOfPage\":{\"@id\":\"https:\\\/\\\/blog.express-cbd.com\\\/es\\\/principios-de-publicacion\\\/\"},\"wordCount\":715,\"publisher\":{\"@id\":\"https:\\\/\\\/blog.express-cbd.com\\\/es\\\/#organization\"},\"inLanguage\":\"es\"},{\"@type\":\"WebPage\",\"@id\":\"https:\\\/\\\/blog.express-cbd.com\\\/es\\\/principios-de-publicacion\\\/\",\"url\":\"https:\\\/\\\/blog.express-cbd.com\\\/es\\\/principios-de-publicacion\\\/\",\"name\":\"Principios de publicaci\u00f3n - Express CBD Blog\",\"isPartOf\":{\"@id\":\"https:\\\/\\\/blog.express-cbd.com\\\/es\\\/#website\"},\"datePublished\":\"2026-04-28T14:14:33+00:00\",\"dateModified\":\"2026-04-28T16:05:12+00:00\",\"breadcrumb\":{\"@id\":\"https:\\\/\\\/blog.express-cbd.com\\\/es\\\/principios-de-publicacion\\\/#breadcrumb\"},\"inLanguage\":\"es\",\"potentialAction\":[{\"@type\":\"ReadAction\",\"target\":[\"https:\\\/\\\/blog.express-cbd.com\\\/es\\\/principios-de-publicacion\\\/\"]}]},{\"@type\":\"BreadcrumbList\",\"@id\":\"https:\\\/\\\/blog.express-cbd.com\\\/es\\\/principios-de-publicacion\\\/#breadcrumb\",\"itemListElement\":[{\"@type\":\"ListItem\",\"position\":1,\"name\":\"Express CBD Blog\",\"item\":\"https:\\\/\\\/blog.express-cbd.com\\\/es\\\/\"},{\"@type\":\"ListItem\",\"position\":2,\"name\":\"Principios de publicaci\u00f3n\"}]},{\"@type\":\"WebSite\",\"@id\":\"https:\\\/\\\/blog.express-cbd.com\\\/es\\\/#website\",\"url\":\"https:\\\/\\\/blog.express-cbd.com\\\/es\\\/\",\"name\":\"Express CBD Blog\",\"description\":\"Perspectivas y consejos de expertos sobre el CBD\",\"publisher\":{\"@id\":\"https:\\\/\\\/blog.express-cbd.com\\\/es\\\/#organization\"},\"potentialAction\":[{\"@type\":\"SearchAction\",\"target\":{\"@type\":\"EntryPoint\",\"urlTemplate\":\"https:\\\/\\\/blog.express-cbd.com\\\/es\\\/?s={search_term_string}\"},\"query-input\":{\"@type\":\"PropertyValueSpecification\",\"valueRequired\":true,\"valueName\":\"search_term_string\"}}],\"inLanguage\":\"es\"},{\"@type\":\"Organization\",\"@id\":\"https:\\\/\\\/blog.express-cbd.com\\\/es\\\/#organization\",\"name\":\"Express CBD Blog\",\"url\":\"https:\\\/\\\/blog.express-cbd.com\\\/es\\\/\",\"logo\":{\"@type\":\"ImageObject\",\"inLanguage\":\"es\",\"@id\":\"https:\\\/\\\/blog.express-cbd.com\\\/es\\\/#\\\/schema\\\/logo\\\/image\\\/\",\"url\":\"https:\\\/\\\/blog.express-cbd.com\\\/wp-content\\\/uploads\\\/2023\\\/04\\\/Express-CBD-Blog.png\",\"contentUrl\":\"https:\\\/\\\/blog.express-cbd.com\\\/wp-content\\\/uploads\\\/2023\\\/04\\\/Express-CBD-Blog.png\",\"width\":3596,\"height\":2154,\"caption\":\"Express CBD Blog\"},\"image\":{\"@id\":\"https:\\\/\\\/blog.express-cbd.com\\\/es\\\/#\\\/schema\\\/logo\\\/image\\\/\"},\"sameAs\":[\"https:\\\/\\\/x.com\\\/ExpressCBDCom\",\"https:\\\/\\\/www.threads.com\\\/@expresscbdcom\",\"https:\\\/\\\/www.instagram.com\\\/expresscbdcom\"],\"description\":\"Express CBD is a UK online shop offering premium CBD oils, capsules, vapes, edibles, skincare, and vaping products from hundreds of trusted brands.\",\"email\":\"info@express-cbd.com\",\"legalName\":\"Express CBD\",\"foundingDate\":\"2023-03-02\",\"numberOfEmployees\":{\"@type\":\"QuantitativeValue\",\"minValue\":\"1\",\"maxValue\":\"10\"},\"publishingPrinciples\":\"https:\\\/\\\/blog.express-cbd.com\\\/publishing-principles\\\/\",\"ownershipFundingInfo\":\"https:\\\/\\\/blog.express-cbd.com\\\/ownership-funding\\\/\",\"actionableFeedbackPolicy\":\"https:\\\/\\\/blog.express-cbd.com\\\/feedback\\\/\",\"correctionsPolicy\":\"https:\\\/\\\/blog.express-cbd.com\\\/corrections-policy\\\/\",\"ethicsPolicy\":\"https:\\\/\\\/blog.express-cbd.com\\\/ethics-policy\\\/\"},{\"@type\":\"Person\",\"@id\":\"https:\\\/\\\/blog.express-cbd.com\\\/es\\\/#\\\/schema\\\/person\\\/78065cdeb6132989e9c08e9a8e41a9de\",\"name\":\"mwaqas\",\"image\":{\"@type\":\"ImageObject\",\"inLanguage\":\"es\",\"@id\":\"https:\\\/\\\/secure.gravatar.com\\\/avatar\\\/2a30f733013cda40b9c7ec618bcc992b00abc66beb99013a7ed31247a19de5ee?s=96&d=mm&r=g\",\"url\":\"https:\\\/\\\/secure.gravatar.com\\\/avatar\\\/2a30f733013cda40b9c7ec618bcc992b00abc66beb99013a7ed31247a19de5ee?s=96&d=mm&r=g\",\"contentUrl\":\"https:\\\/\\\/secure.gravatar.com\\\/avatar\\\/2a30f733013cda40b9c7ec618bcc992b00abc66beb99013a7ed31247a19de5ee?s=96&d=mm&r=g\",\"caption\":\"mwaqas\"},\"sameAs\":[\"http:\\\/\\\/blog.express-cbd.com\"],\"url\":\"https:\\\/\\\/blog.express-cbd.com\\\/es\\\/author\\\/mwaqas\\\/\"}]}<\/script>\n<!-- \/ Yoast SEO Premium plugin. -->","yoast_head_json":{"title":"Principios de publicaci\u00f3n - Express CBD Blog","robots":{"index":"index","follow":"follow","max-snippet":"max-snippet:-1","max-image-preview":"max-image-preview:large","max-video-preview":"max-video-preview:-1"},"canonical":"https:\/\/blog.express-cbd.com\/es\/principios-de-publicacion\/","og_locale":"es_ES","og_type":"article","og_title":"Principios de publicaci\u00f3n","og_description":"Nuestra misi\u00f3n El Blog Express CBD existe para ayudar a la gente corriente a tomar decisiones informadas y seguras sobre el CBD. Nos abrimos paso entre el ruido con contenidos claros, honestos y respaldados por expertos, tanto si alguien est\u00e1 comprando su primer aceite de CBD como si busca profundizar en los perfiles de terpenos....","og_url":"https:\/\/blog.express-cbd.com\/es\/principios-de-publicacion\/","og_site_name":"Express CBD Blog","article_modified_time":"2026-04-28T16:05:12+00:00","og_image":[{"width":2560,"height":1533,"url":"https:\/\/blog.express-cbd.com\/wp-content\/uploads\/2026\/04\/Express-CBD-Logo-scaled.png","type":"image\/png"}],"twitter_card":"summary_large_image","twitter_site":"@ExpressCBDCom","twitter_misc":{"Tiempo de lectura":"4 minutos"},"schema":{"@context":"https:\/\/schema.org","@graph":[{"@type":["Article","BlogPosting"],"@id":"https:\/\/blog.express-cbd.com\/es\/principios-de-publicacion\/#article","isPartOf":{"@id":"https:\/\/blog.express-cbd.com\/es\/principios-de-publicacion\/"},"author":{"name":"mwaqas","@id":"https:\/\/blog.express-cbd.com\/es\/#\/schema\/person\/78065cdeb6132989e9c08e9a8e41a9de"},"headline":"Principios de publicaci\u00f3n","datePublished":"2026-04-28T14:14:33+00:00","dateModified":"2026-04-28T16:05:12+00:00","mainEntityOfPage":{"@id":"https:\/\/blog.express-cbd.com\/es\/principios-de-publicacion\/"},"wordCount":715,"publisher":{"@id":"https:\/\/blog.express-cbd.com\/es\/#organization"},"inLanguage":"es"},{"@type":"WebPage","@id":"https:\/\/blog.express-cbd.com\/es\/principios-de-publicacion\/","url":"https:\/\/blog.express-cbd.com\/es\/principios-de-publicacion\/","name":"Principios de publicaci\u00f3n - Express CBD Blog","isPartOf":{"@id":"https:\/\/blog.express-cbd.com\/es\/#website"},"datePublished":"2026-04-28T14:14:33+00:00","dateModified":"2026-04-28T16:05:12+00:00","breadcrumb":{"@id":"https:\/\/blog.express-cbd.com\/es\/principios-de-publicacion\/#breadcrumb"},"inLanguage":"es","potentialAction":[{"@type":"ReadAction","target":["https:\/\/blog.express-cbd.com\/es\/principios-de-publicacion\/"]}]},{"@type":"BreadcrumbList","@id":"https:\/\/blog.express-cbd.com\/es\/principios-de-publicacion\/#breadcrumb","itemListElement":[{"@type":"ListItem","position":1,"name":"Express CBD Blog","item":"https:\/\/blog.express-cbd.com\/es\/"},{"@type":"ListItem","position":2,"name":"Principios de publicaci\u00f3n"}]},{"@type":"WebSite","@id":"https:\/\/blog.express-cbd.com\/es\/#website","url":"https:\/\/blog.express-cbd.com\/es\/","name":"Express CBD Blog","description":"Perspectivas y consejos de expertos sobre el CBD","publisher":{"@id":"https:\/\/blog.express-cbd.com\/es\/#organization"},"potentialAction":[{"@type":"SearchAction","target":{"@type":"EntryPoint","urlTemplate":"https:\/\/blog.express-cbd.com\/es\/?s={search_term_string}"},"query-input":{"@type":"PropertyValueSpecification","valueRequired":true,"valueName":"search_term_string"}}],"inLanguage":"es"},{"@type":"Organization","@id":"https:\/\/blog.express-cbd.com\/es\/#organization","name":"Express CBD Blog","url":"https:\/\/blog.express-cbd.com\/es\/","logo":{"@type":"ImageObject","inLanguage":"es","@id":"https:\/\/blog.express-cbd.com\/es\/#\/schema\/logo\/image\/","url":"https:\/\/blog.express-cbd.com\/wp-content\/uploads\/2023\/04\/Express-CBD-Blog.png","contentUrl":"https:\/\/blog.express-cbd.com\/wp-content\/uploads\/2023\/04\/Express-CBD-Blog.png","width":3596,"height":2154,"caption":"Express CBD Blog"},"image":{"@id":"https:\/\/blog.express-cbd.com\/es\/#\/schema\/logo\/image\/"},"sameAs":["https:\/\/x.com\/ExpressCBDCom","https:\/\/www.threads.com\/@expresscbdcom","https:\/\/www.instagram.com\/expresscbdcom"],"description":"Express CBD is a UK online shop offering premium CBD oils, capsules, vapes, edibles, skincare, and vaping products from hundreds of trusted brands.","email":"info@express-cbd.com","legalName":"Express CBD","foundingDate":"2023-03-02","numberOfEmployees":{"@type":"QuantitativeValue","minValue":"1","maxValue":"10"},"publishingPrinciples":"https:\/\/blog.express-cbd.com\/publishing-principles\/","ownershipFundingInfo":"https:\/\/blog.express-cbd.com\/ownership-funding\/","actionableFeedbackPolicy":"https:\/\/blog.express-cbd.com\/feedback\/","correctionsPolicy":"https:\/\/blog.express-cbd.com\/corrections-policy\/","ethicsPolicy":"https:\/\/blog.express-cbd.com\/ethics-policy\/"},{"@type":"Person","@id":"https:\/\/blog.express-cbd.com\/es\/#\/schema\/person\/78065cdeb6132989e9c08e9a8e41a9de","name":"mwaqas","image":{"@type":"ImageObject","inLanguage":"es","@id":"https:\/\/secure.gravatar.com\/avatar\/2a30f733013cda40b9c7ec618bcc992b00abc66beb99013a7ed31247a19de5ee?s=96&d=mm&r=g","url":"https:\/\/secure.gravatar.com\/avatar\/2a30f733013cda40b9c7ec618bcc992b00abc66beb99013a7ed31247a19de5ee?s=96&d=mm&r=g","contentUrl":"https:\/\/secure.gravatar.com\/avatar\/2a30f733013cda40b9c7ec618bcc992b00abc66beb99013a7ed31247a19de5ee?s=96&d=mm&r=g","caption":"mwaqas"},"sameAs":["http:\/\/blog.express-cbd.com"],"url":"https:\/\/blog.express-cbd.com\/es\/author\/mwaqas\/"}]}},"_links":{"self":[{"href":"https:\/\/blog.express-cbd.com\/es\/wp-json\/wp\/v2\/pages\/19340","targetHints":{"allow":["GET"]}}],"collection":[{"href":"https:\/\/blog.express-cbd.com\/es\/wp-json\/wp\/v2\/pages"}],"about":[{"href":"https:\/\/blog.express-cbd.com\/es\/wp-json\/wp\/v2\/types\/page"}],"author":[{"embeddable":true,"href":"https:\/\/blog.express-cbd.com\/es\/wp-json\/wp\/v2\/users\/1"}],"replies":[{"embeddable":true,"href":"https:\/\/blog.express-cbd.com\/es\/wp-json\/wp\/v2\/comments?post=19340"}],"version-history":[{"count":1,"href":"https:\/\/blog.express-cbd.com\/es\/wp-json\/wp\/v2\/pages\/19340\/revisions"}],"predecessor-version":[{"id":19341,"href":"https:\/\/blog.express-cbd.com\/es\/wp-json\/wp\/v2\/pages\/19340\/revisions\/19341"}],"wp:attachment":[{"href":"https:\/\/blog.express-cbd.com\/es\/wp-json\/wp\/v2\/media?parent=19340"}],"curies":[{"name":"wp","href":"https:\/\/api.w.org\/{rel}","templated":true}]}}