{"id":19369,"date":"2026-04-28T14:32:38","date_gmt":"2026-04-28T14:32:38","guid":{"rendered":"https:\/\/blog.express-cbd.com\/politica-etica\/"},"modified":"2026-04-28T16:05:55","modified_gmt":"2026-04-28T16:05:55","slug":"politica-etica","status":"publish","type":"page","link":"https:\/\/blog.express-cbd.com\/es\/politica-etica\/","title":{"rendered":"Pol\u00edtica \u00e9tica"},"content":{"rendered":"\n<h3 class=\"wp-block-heading\" id=\"h-why-this-policy-exists\">Por qu\u00e9 existe esta pol\u00edtica<\/h3>\n\n<p>La industria del CBD est\u00e1 abarrotada, impulsada comercialmente y, en algunos lugares, mal regulada. Esto hace que el contenido editorial honesto e independiente sea m\u00e1s valioso y m\u00e1s f\u00e1cil de comprometer. Esta pol\u00edtica \u00e9tica establece los principios que rigen nuestra forma de trabajar, c\u00f3mo gestionamos los conflictos de intereses y d\u00f3nde trazamos la l\u00ednea. Se aplica a todos los que colaboran con el Blog Express CBD, ya sea como redactores, aut\u00f3nomos o revisores externos.   <\/p>\n\n<hr class=\"wp-block-separator has-alpha-channel-opacity\"\/>\n\n<h3 class=\"wp-block-heading\" id=\"h-editorial-independence\">Independencia editorial<\/h3>\n\n<p>El Blog Express CBD es propiedad y est\u00e1 financiado por Express CBD, un minorista online de CBD. Somos transparentes sobre esta relaci\u00f3n. Sin embargo, la propiedad comercial no determina la producci\u00f3n editorial.  <\/p>\n\n<ul class=\"wp-block-list\">\n<li>Las decisiones editoriales -qu\u00e9 cubrir, c\u00f3mo enmarcarlo, qu\u00e9 conclusiones sacar- se toman por motivos period\u00edsticos y de inter\u00e9s para el lector, no comerciales.<\/li>\n\n\n\n<li>Ning\u00fan art\u00edculo se redacta, modifica o suprime por su posible efecto sobre las ventas o la reputaci\u00f3n de Express CBD.<\/li>\n\n\n\n<li>Los productos vendidos en la tienda Express CBD no reciben un trato preferente en las rese\u00f1as ni en las gu\u00edas de compra. Si un producto que tenemos en stock obtiene peores resultados que otros, lo decimos. <\/li>\n\n\n\n<li>El equipo comercial de Express CBD no tiene derechos de aprobaci\u00f3n sobre el contenido editorial antes de su publicaci\u00f3n.<\/li>\n<\/ul>\n\n<hr class=\"wp-block-separator has-alpha-channel-opacity\"\/>\n\n<h3 class=\"wp-block-heading\" id=\"h-conflicts-of-interest\">Conflictos de intereses<\/h3>\n\n<p>Exigimos a todos los que colaboran en este blog que revelen cualquier relaci\u00f3n -financiera, personal o profesional- que pudiera razonablemente considerarse que influye en su cobertura de un tema, marca o producto.<\/p>\n\n<p>Esto incluye<\/p>\n\n<ul class=\"wp-block-list\">\n<li>Titularidad de acciones o intereses financieros en una marca objeto de revisi\u00f3n<\/li>\n\n\n\n<li>Una relaci\u00f3n personal o profesional con los fundadores o el equipo de relaciones p\u00fablicas de una marca<\/li>\n\n\n\n<li>Haber sido empleado o contratado por una marca cubierta<\/li>\n\n\n\n<li>Recibir regalos, hospitalidad o beneficios de una marca m\u00e1s all\u00e1 de muestras de productos con fines de revisi\u00f3n<\/li>\n<\/ul>\n\n<p>Cuando exista un conflicto de intereses y no pueda evitarse, se revelar\u00e1 claramente en el art\u00edculo correspondiente. Cuando un conflicto sea lo suficientemente grave como para comprometer la objetividad, se reasignar\u00e1 al colaborador y no se revelar\u00e1 el conflicto; simplemente, esa persona no escribir\u00e1 el art\u00edculo. <\/p>\n\n<hr class=\"wp-block-separator has-alpha-channel-opacity\"\/>\n\n<h3 class=\"wp-block-heading\" id=\"h-product-samples-amp-brand-relationships\">Muestras de productos y relaciones de marca<\/h3>\n\n<p>Recibimos regularmente muestras de productos para realizar rese\u00f1as. Se trata de una pr\u00e1ctica habitual en nuestro sector y no constituye en s\u00ed misma un conflicto de intereses, siempre que se gestione correctamente. <\/p>\n\n<p>Nuestras normas sobre muestras:<\/p>\n\n<ul class=\"wp-block-list\">\n<li>Recibir una muestra no garantiza la cobertura, y nunca garantiza una cobertura positiva.<\/li>\n\n\n\n<li>Las marcas no ven las rese\u00f1as antes de su publicaci\u00f3n, y no tienen derecho a solicitar modificaciones.<\/li>\n\n\n\n<li>El hecho de que un producto se haya proporcionado como muestra se indica en todas las opiniones en las que esto se aplica.<\/li>\n\n\n\n<li>No aceptamos pagos en met\u00e1lico, gastos publicitarios ni otros incentivos comerciales a cambio de cobertura editorial.<\/li>\n\n\n\n<li>No participamos en esquemas de pago por revisi\u00f3n bajo ning\u00fan concepto.<\/li>\n<\/ul>\n\n<hr class=\"wp-block-separator has-alpha-channel-opacity\"\/>\n\n<h3 class=\"wp-block-heading\" id=\"h-sponsored-amp-commercial-content\">Contenido patrocinado y comercial<\/h3>\n\n<p>De vez en cuando, el Blog CBD Expr\u00e9s puede publicar contenidos con fines comerciales. Si esto ocurre y cuando ocurra <\/p>\n\n<ul class=\"wp-block-list\">\n<li>Estar\u00e1 claramente etiquetado como \u00abPatrocinado\u00bb, \u00abColaboraci\u00f3n remunerada\u00bb o \u00abAnuncio\u00bb en la parte superior del art\u00edculo, no enterrado en una nota a pie de p\u00e1gina.<\/li>\n\n\n\n<li>Las normas editoriales aplicadas al contenido patrocinado son las mismas que para el resto del contenido. No publicaremos material patrocinado que sea inexacto, enga\u00f1oso o contrario a nuestros principios editoriales. <\/li>\n\n\n\n<li>Los contenidos patrocinados nunca se presentan en un formato dise\u00f1ado para que parezcan editoriales independientes.<\/li>\n<\/ul>\n\n<p>Actualmente, el Blog CBD Express no incluye contenido patrocinado por terceros. Si esto cambia, esta pol\u00edtica se actualizar\u00e1 para reflejarlo. <\/p>\n\n<hr class=\"wp-block-separator has-alpha-channel-opacity\"\/>\n\n<h3 class=\"wp-block-heading\" id=\"h-health-claims-amp-scientific-accuracy\">Alegaciones de Salud y Precisi\u00f3n Cient\u00edfica<\/h3>\n\n<p>El CBD se encuentra en la intersecci\u00f3n del bienestar, el comercio y la ciencia, un \u00e1mbito en el que la exageraci\u00f3n es habitual y potencialmente perjudicial. Nos exigimos mucho a nosotros mismos. <\/p>\n\n<ul class=\"wp-block-list\">\n<li>No afirmamos ni damos a entender que el CBD trate, cure o prevenga ninguna afecci\u00f3n m\u00e9dica.<\/li>\n\n\n\n<li>Las afirmaciones relacionadas con la salud se atribuyen a estudios espec\u00edficos o a organismos reguladores, no se afirman como hechos generales.<\/li>\n\n\n\n<li>Distinguimos claramente entre pruebas establecidas, investigaci\u00f3n emergente y an\u00e9cdota.<\/li>\n\n\n\n<li>Cuando la ciencia es controvertida o no concluyente, lo decimos en lugar de presentar una parte como establecida.<\/li>\n\n\n\n<li>No amplificamos los resultados de investigaciones sensacionalistas sin contexto.<\/li>\n<\/ul>\n\n<p>Si crees que hemos hecho una afirmaci\u00f3n sobre la salud que traspasa esta l\u00ednea, ponte en contacto con nosotros utilizando los datos que figuran al final de esta p\u00e1gina.<\/p>\n\n<hr class=\"wp-block-separator has-alpha-channel-opacity\"\/>\n\n<h3 class=\"wp-block-heading\" id=\"h-legal-amp-regulatory-responsibility\">Responsabilidad legal y reglamentaria<\/h3>\n\n<p>La legislaci\u00f3n sobre CBD var\u00eda significativamente seg\u00fan los pa\u00edses y las lenguas en que publicamos. Nos tomamos en serio nuestra responsabilidad. <\/p>\n\n<ul class=\"wp-block-list\">\n<li>No publicamos contenidos que animen a los lectores a comprar o utilizar productos que sean ilegales en su jurisdicci\u00f3n.<\/li>\n\n\n\n<li>La informaci\u00f3n legal de nuestros art\u00edculos se proporciona \u00fanicamente a t\u00edtulo orientativo y no constituye asesoramiento jur\u00eddico. Se recomienda a los lectores que comprueben la normativa vigente en su pa\u00eds. <\/li>\n\n\n\n<li>Revisamos regularmente el contenido legalmente sensible, ya que los marcos normativos en este espacio cambian con frecuencia.<\/li>\n\n\n\n<li>Los colaboradores deben se\u00f1alar la inseguridad jur\u00eddica en lugar de exponer una posici\u00f3n jur\u00eddica con seguridad cuando el panorama no est\u00e1 claro.<\/li>\n<\/ul>\n\n<hr class=\"wp-block-separator has-alpha-channel-opacity\"\/>\n\n<h3 class=\"wp-block-heading\" id=\"h-treatment-of-people-amp-brands\">Tratamiento de personas y marcas<\/h3>\n\n<p>Cubrimos una amplia gama de productos, marcas y temas. Nuestras normas para escribir sobre ellos son coherentes: <\/p>\n\n<ul class=\"wp-block-list\">\n<li>No publicamos contenido que sea personalmente abusivo hacia individuos, incluidos fundadores, empleados o figuras p\u00fablicas relacionadas con una marca.<\/li>\n\n\n\n<li>Las cr\u00edticas a un producto o empresa se basan en hechos verificables, no en rumores ni en una agenda con motivaciones comerciales.<\/li>\n\n\n\n<li>Damos a las marcas una oportunidad razonable de responder antes de publicar una cobertura cr\u00edtica cuando es apropiado.<\/li>\n\n\n\n<li>No realizamos coberturas especulativas destinadas a da\u00f1ar la reputaci\u00f3n de un competidor.<\/li>\n<\/ul>\n\n<hr class=\"wp-block-separator has-alpha-channel-opacity\"\/>\n\n<h3 class=\"wp-block-heading\" id=\"h-contributor-standards\">Normas de contribuci\u00f3n<\/h3>\n\n<p>Todos los colaboradores del Blog Express CBD -personal o aut\u00f3nomo- deben:<\/p>\n\n<ul class=\"wp-block-list\">\n<li>Representar honestamente sus cualificaciones y experiencia<\/li>\n\n\n\n<li>Revelar los conflictos de intereses antes de aceptar un encargo<\/li>\n\n\n\n<li>Atribuye las afirmaciones a sus fuentes con precisi\u00f3n<\/li>\n\n\n\n<li>No plagiar contenidos de otras publicaciones<\/li>\n\n\n\n<li>No fabricar citas, datos o experiencias<\/li>\n<\/ul>\n\n<p>El incumplimiento de estas normas puede dar lugar a la retirada del contenido y al cese de la relaci\u00f3n del colaborador con el blog. Los contenidos retirados se tratar\u00e1n de acuerdo con nuestra Pol\u00edtica de Correcciones. <\/p>\n\n<hr class=\"wp-block-separator has-alpha-channel-opacity\"\/>\n\n<h3 class=\"wp-block-heading\" id=\"h-reporting-an-ethics-concern\">Informar de un problema \u00e9tico<\/h3>\n\n<p>Si crees que hemos incumplido esta pol\u00edtica \u00e9tica, ya sea como lector, colaborador o marca, te animamos a que te pongas en contacto con nosotros directamente.<\/p>\n\n<p><strong><a href=\"https:\/\/blog.express-cbd.com\/es\/contacta-con-nosotros\/\">Informar de un problema \u00e9tico \u2192 blog.express-cbd.com\/contact-us\/<\/a><\/strong><\/p>\n\n<p>Por favor, describe la preocupaci\u00f3n de la forma m\u00e1s espec\u00edfica posible, incluyendo la URL de cualquier art\u00edculo relevante. Las preocupaciones \u00e9ticas son revisadas por la direcci\u00f3n editorial y tratadas con prioridad. Recibir\u00e1s un acuse de recibo en un plazo de 3 d\u00edas laborables y una respuesta sustantiva en un plazo de 15 d\u00edas laborables.  <\/p>\n\n<p>Nos tomamos en serio las denuncias \u00e9ticas y no las desestimaremos por ser inconvenientes o inc\u00f3modas desde el punto de vista comercial.<\/p>\n\n<hr class=\"wp-block-separator has-alpha-channel-opacity\"\/>\n\n<p><em>\u00daltima revisi\u00f3n: Abril 2026<\/em> <em>Para plantear una cuesti\u00f3n \u00e9tica: <a href=\"https:\/\/blog.express-cbd.com\/es\/contacta-con-nosotros\/\">blog.express-cbd.com\/contact-us\/<\/a><\/em><\/p>\n<p style=\"text-align: center\"><a href=\"https:\/\/express-cbd.com\" target=\"_blank\">Visit Express CBD Store<\/a><\/p>","protected":false},"excerpt":{"rendered":"<p>Por qu\u00e9 existe esta pol\u00edtica La industria del CBD est\u00e1 abarrotada, impulsada comercialmente y, en algunos lugares, mal regulada. Esto hace que el contenido editorial honesto e independiente sea m\u00e1s valioso y m\u00e1s f\u00e1cil de comprometer. Esta pol\u00edtica \u00e9tica establece los principios que rigen nuestra forma de trabajar, c\u00f3mo gestionamos los conflictos de intereses y&#8230;<\/p>\n","protected":false},"author":1,"featured_media":0,"parent":0,"menu_order":0,"comment_status":"closed","ping_status":"closed","template":"","meta":{"footnotes":""},"class_list":["post-19369","page","type-page","status-publish","hentry"],"yoast_head":"<!-- This site is optimized with the Yoast SEO Premium plugin v27.5 (Yoast SEO v27.5) - https:\/\/yoast.com\/product\/yoast-seo-premium-wordpress\/ -->\n<title>Pol\u00edtica \u00e9tica - Express CBD Blog<\/title>\n<meta name=\"robots\" content=\"index, follow, max-snippet:-1, max-image-preview:large, max-video-preview:-1\" \/>\n<link rel=\"canonical\" href=\"https:\/\/blog.express-cbd.com\/es\/politica-etica\/\" \/>\n<meta property=\"og:locale\" content=\"es_ES\" \/>\n<meta property=\"og:type\" content=\"article\" \/>\n<meta property=\"og:title\" content=\"Pol\u00edtica \u00e9tica\" \/>\n<meta property=\"og:description\" content=\"Por qu\u00e9 existe esta pol\u00edtica La industria del CBD est\u00e1 abarrotada, impulsada comercialmente y, en algunos lugares, mal regulada. Esto hace que el contenido editorial honesto e independiente sea m\u00e1s valioso y m\u00e1s f\u00e1cil de comprometer. Esta pol\u00edtica \u00e9tica establece los principios que rigen nuestra forma de trabajar, c\u00f3mo gestionamos los conflictos de intereses y...\" \/>\n<meta property=\"og:url\" content=\"https:\/\/blog.express-cbd.com\/es\/politica-etica\/\" \/>\n<meta property=\"og:site_name\" content=\"Express CBD Blog\" \/>\n<meta property=\"article:modified_time\" content=\"2026-04-28T16:05:55+00:00\" \/>\n<meta property=\"og:image\" content=\"https:\/\/blog.express-cbd.com\/wp-content\/uploads\/2026\/04\/Express-CBD-Logo-scaled.png\" \/>\n\t<meta property=\"og:image:width\" content=\"2560\" \/>\n\t<meta property=\"og:image:height\" content=\"1533\" \/>\n\t<meta property=\"og:image:type\" content=\"image\/png\" \/>\n<meta name=\"twitter:card\" content=\"summary_large_image\" \/>\n<meta name=\"twitter:site\" content=\"@ExpressCBDCom\" \/>\n<meta name=\"twitter:label1\" content=\"Tiempo de lectura\" \/>\n\t<meta name=\"twitter:data1\" content=\"6 minutos\" \/>\n<script type=\"application\/ld+json\" class=\"yoast-schema-graph\">{\"@context\":\"https:\\\/\\\/schema.org\",\"@graph\":[{\"@type\":[\"Article\",\"BlogPosting\"],\"@id\":\"https:\\\/\\\/blog.express-cbd.com\\\/es\\\/politica-etica\\\/#article\",\"isPartOf\":{\"@id\":\"https:\\\/\\\/blog.express-cbd.com\\\/es\\\/politica-etica\\\/\"},\"author\":{\"name\":\"mwaqas\",\"@id\":\"https:\\\/\\\/blog.express-cbd.com\\\/es\\\/#\\\/schema\\\/person\\\/78065cdeb6132989e9c08e9a8e41a9de\"},\"headline\":\"Pol\u00edtica \u00e9tica\",\"datePublished\":\"2026-04-28T14:32:38+00:00\",\"dateModified\":\"2026-04-28T16:05:55+00:00\",\"mainEntityOfPage\":{\"@id\":\"https:\\\/\\\/blog.express-cbd.com\\\/es\\\/politica-etica\\\/\"},\"wordCount\":1239,\"publisher\":{\"@id\":\"https:\\\/\\\/blog.express-cbd.com\\\/es\\\/#organization\"},\"inLanguage\":\"es\"},{\"@type\":\"WebPage\",\"@id\":\"https:\\\/\\\/blog.express-cbd.com\\\/es\\\/politica-etica\\\/\",\"url\":\"https:\\\/\\\/blog.express-cbd.com\\\/es\\\/politica-etica\\\/\",\"name\":\"Pol\u00edtica \u00e9tica - Express CBD Blog\",\"isPartOf\":{\"@id\":\"https:\\\/\\\/blog.express-cbd.com\\\/es\\\/#website\"},\"datePublished\":\"2026-04-28T14:32:38+00:00\",\"dateModified\":\"2026-04-28T16:05:55+00:00\",\"breadcrumb\":{\"@id\":\"https:\\\/\\\/blog.express-cbd.com\\\/es\\\/politica-etica\\\/#breadcrumb\"},\"inLanguage\":\"es\",\"potentialAction\":[{\"@type\":\"ReadAction\",\"target\":[\"https:\\\/\\\/blog.express-cbd.com\\\/es\\\/politica-etica\\\/\"]}]},{\"@type\":\"BreadcrumbList\",\"@id\":\"https:\\\/\\\/blog.express-cbd.com\\\/es\\\/politica-etica\\\/#breadcrumb\",\"itemListElement\":[{\"@type\":\"ListItem\",\"position\":1,\"name\":\"Express CBD Blog\",\"item\":\"https:\\\/\\\/blog.express-cbd.com\\\/es\\\/\"},{\"@type\":\"ListItem\",\"position\":2,\"name\":\"Pol\u00edtica \u00e9tica\"}]},{\"@type\":\"WebSite\",\"@id\":\"https:\\\/\\\/blog.express-cbd.com\\\/es\\\/#website\",\"url\":\"https:\\\/\\\/blog.express-cbd.com\\\/es\\\/\",\"name\":\"Express CBD Blog\",\"description\":\"Perspectivas y consejos de expertos sobre el CBD\",\"publisher\":{\"@id\":\"https:\\\/\\\/blog.express-cbd.com\\\/es\\\/#organization\"},\"potentialAction\":[{\"@type\":\"SearchAction\",\"target\":{\"@type\":\"EntryPoint\",\"urlTemplate\":\"https:\\\/\\\/blog.express-cbd.com\\\/es\\\/?s={search_term_string}\"},\"query-input\":{\"@type\":\"PropertyValueSpecification\",\"valueRequired\":true,\"valueName\":\"search_term_string\"}}],\"inLanguage\":\"es\"},{\"@type\":\"Organization\",\"@id\":\"https:\\\/\\\/blog.express-cbd.com\\\/es\\\/#organization\",\"name\":\"Express CBD Blog\",\"url\":\"https:\\\/\\\/blog.express-cbd.com\\\/es\\\/\",\"logo\":{\"@type\":\"ImageObject\",\"inLanguage\":\"es\",\"@id\":\"https:\\\/\\\/blog.express-cbd.com\\\/es\\\/#\\\/schema\\\/logo\\\/image\\\/\",\"url\":\"https:\\\/\\\/blog.express-cbd.com\\\/wp-content\\\/uploads\\\/2023\\\/04\\\/Express-CBD-Blog.png\",\"contentUrl\":\"https:\\\/\\\/blog.express-cbd.com\\\/wp-content\\\/uploads\\\/2023\\\/04\\\/Express-CBD-Blog.png\",\"width\":3596,\"height\":2154,\"caption\":\"Express CBD Blog\"},\"image\":{\"@id\":\"https:\\\/\\\/blog.express-cbd.com\\\/es\\\/#\\\/schema\\\/logo\\\/image\\\/\"},\"sameAs\":[\"https:\\\/\\\/x.com\\\/ExpressCBDCom\",\"https:\\\/\\\/www.threads.com\\\/@expresscbdcom\",\"https:\\\/\\\/www.instagram.com\\\/expresscbdcom\"],\"description\":\"Express CBD is a UK online shop offering premium CBD oils, capsules, vapes, edibles, skincare, and vaping products from hundreds of trusted brands.\",\"email\":\"info@express-cbd.com\",\"legalName\":\"Express CBD\",\"foundingDate\":\"2023-03-02\",\"numberOfEmployees\":{\"@type\":\"QuantitativeValue\",\"minValue\":\"1\",\"maxValue\":\"10\"},\"publishingPrinciples\":\"https:\\\/\\\/blog.express-cbd.com\\\/publishing-principles\\\/\",\"ownershipFundingInfo\":\"https:\\\/\\\/blog.express-cbd.com\\\/ownership-funding\\\/\",\"actionableFeedbackPolicy\":\"https:\\\/\\\/blog.express-cbd.com\\\/feedback\\\/\",\"correctionsPolicy\":\"https:\\\/\\\/blog.express-cbd.com\\\/corrections-policy\\\/\",\"ethicsPolicy\":\"https:\\\/\\\/blog.express-cbd.com\\\/ethics-policy\\\/\"},{\"@type\":\"Person\",\"@id\":\"https:\\\/\\\/blog.express-cbd.com\\\/es\\\/#\\\/schema\\\/person\\\/78065cdeb6132989e9c08e9a8e41a9de\",\"name\":\"mwaqas\",\"image\":{\"@type\":\"ImageObject\",\"inLanguage\":\"es\",\"@id\":\"https:\\\/\\\/secure.gravatar.com\\\/avatar\\\/2a30f733013cda40b9c7ec618bcc992b00abc66beb99013a7ed31247a19de5ee?s=96&d=mm&r=g\",\"url\":\"https:\\\/\\\/secure.gravatar.com\\\/avatar\\\/2a30f733013cda40b9c7ec618bcc992b00abc66beb99013a7ed31247a19de5ee?s=96&d=mm&r=g\",\"contentUrl\":\"https:\\\/\\\/secure.gravatar.com\\\/avatar\\\/2a30f733013cda40b9c7ec618bcc992b00abc66beb99013a7ed31247a19de5ee?s=96&d=mm&r=g\",\"caption\":\"mwaqas\"},\"sameAs\":[\"http:\\\/\\\/blog.express-cbd.com\"],\"url\":\"https:\\\/\\\/blog.express-cbd.com\\\/es\\\/author\\\/mwaqas\\\/\"}]}<\/script>\n<!-- \/ Yoast SEO Premium plugin. -->","yoast_head_json":{"title":"Pol\u00edtica \u00e9tica - Express CBD Blog","robots":{"index":"index","follow":"follow","max-snippet":"max-snippet:-1","max-image-preview":"max-image-preview:large","max-video-preview":"max-video-preview:-1"},"canonical":"https:\/\/blog.express-cbd.com\/es\/politica-etica\/","og_locale":"es_ES","og_type":"article","og_title":"Pol\u00edtica \u00e9tica","og_description":"Por qu\u00e9 existe esta pol\u00edtica La industria del CBD est\u00e1 abarrotada, impulsada comercialmente y, en algunos lugares, mal regulada. Esto hace que el contenido editorial honesto e independiente sea m\u00e1s valioso y m\u00e1s f\u00e1cil de comprometer. Esta pol\u00edtica \u00e9tica establece los principios que rigen nuestra forma de trabajar, c\u00f3mo gestionamos los conflictos de intereses y...","og_url":"https:\/\/blog.express-cbd.com\/es\/politica-etica\/","og_site_name":"Express CBD Blog","article_modified_time":"2026-04-28T16:05:55+00:00","og_image":[{"width":2560,"height":1533,"url":"https:\/\/blog.express-cbd.com\/wp-content\/uploads\/2026\/04\/Express-CBD-Logo-scaled.png","type":"image\/png"}],"twitter_card":"summary_large_image","twitter_site":"@ExpressCBDCom","twitter_misc":{"Tiempo de lectura":"6 minutos"},"schema":{"@context":"https:\/\/schema.org","@graph":[{"@type":["Article","BlogPosting"],"@id":"https:\/\/blog.express-cbd.com\/es\/politica-etica\/#article","isPartOf":{"@id":"https:\/\/blog.express-cbd.com\/es\/politica-etica\/"},"author":{"name":"mwaqas","@id":"https:\/\/blog.express-cbd.com\/es\/#\/schema\/person\/78065cdeb6132989e9c08e9a8e41a9de"},"headline":"Pol\u00edtica \u00e9tica","datePublished":"2026-04-28T14:32:38+00:00","dateModified":"2026-04-28T16:05:55+00:00","mainEntityOfPage":{"@id":"https:\/\/blog.express-cbd.com\/es\/politica-etica\/"},"wordCount":1239,"publisher":{"@id":"https:\/\/blog.express-cbd.com\/es\/#organization"},"inLanguage":"es"},{"@type":"WebPage","@id":"https:\/\/blog.express-cbd.com\/es\/politica-etica\/","url":"https:\/\/blog.express-cbd.com\/es\/politica-etica\/","name":"Pol\u00edtica \u00e9tica - Express CBD Blog","isPartOf":{"@id":"https:\/\/blog.express-cbd.com\/es\/#website"},"datePublished":"2026-04-28T14:32:38+00:00","dateModified":"2026-04-28T16:05:55+00:00","breadcrumb":{"@id":"https:\/\/blog.express-cbd.com\/es\/politica-etica\/#breadcrumb"},"inLanguage":"es","potentialAction":[{"@type":"ReadAction","target":["https:\/\/blog.express-cbd.com\/es\/politica-etica\/"]}]},{"@type":"BreadcrumbList","@id":"https:\/\/blog.express-cbd.com\/es\/politica-etica\/#breadcrumb","itemListElement":[{"@type":"ListItem","position":1,"name":"Express CBD Blog","item":"https:\/\/blog.express-cbd.com\/es\/"},{"@type":"ListItem","position":2,"name":"Pol\u00edtica \u00e9tica"}]},{"@type":"WebSite","@id":"https:\/\/blog.express-cbd.com\/es\/#website","url":"https:\/\/blog.express-cbd.com\/es\/","name":"Express CBD Blog","description":"Perspectivas y consejos de expertos sobre el CBD","publisher":{"@id":"https:\/\/blog.express-cbd.com\/es\/#organization"},"potentialAction":[{"@type":"SearchAction","target":{"@type":"EntryPoint","urlTemplate":"https:\/\/blog.express-cbd.com\/es\/?s={search_term_string}"},"query-input":{"@type":"PropertyValueSpecification","valueRequired":true,"valueName":"search_term_string"}}],"inLanguage":"es"},{"@type":"Organization","@id":"https:\/\/blog.express-cbd.com\/es\/#organization","name":"Express CBD Blog","url":"https:\/\/blog.express-cbd.com\/es\/","logo":{"@type":"ImageObject","inLanguage":"es","@id":"https:\/\/blog.express-cbd.com\/es\/#\/schema\/logo\/image\/","url":"https:\/\/blog.express-cbd.com\/wp-content\/uploads\/2023\/04\/Express-CBD-Blog.png","contentUrl":"https:\/\/blog.express-cbd.com\/wp-content\/uploads\/2023\/04\/Express-CBD-Blog.png","width":3596,"height":2154,"caption":"Express CBD Blog"},"image":{"@id":"https:\/\/blog.express-cbd.com\/es\/#\/schema\/logo\/image\/"},"sameAs":["https:\/\/x.com\/ExpressCBDCom","https:\/\/www.threads.com\/@expresscbdcom","https:\/\/www.instagram.com\/expresscbdcom"],"description":"Express CBD is a UK online shop offering premium CBD oils, capsules, vapes, edibles, skincare, and vaping products from hundreds of trusted brands.","email":"info@express-cbd.com","legalName":"Express CBD","foundingDate":"2023-03-02","numberOfEmployees":{"@type":"QuantitativeValue","minValue":"1","maxValue":"10"},"publishingPrinciples":"https:\/\/blog.express-cbd.com\/publishing-principles\/","ownershipFundingInfo":"https:\/\/blog.express-cbd.com\/ownership-funding\/","actionableFeedbackPolicy":"https:\/\/blog.express-cbd.com\/feedback\/","correctionsPolicy":"https:\/\/blog.express-cbd.com\/corrections-policy\/","ethicsPolicy":"https:\/\/blog.express-cbd.com\/ethics-policy\/"},{"@type":"Person","@id":"https:\/\/blog.express-cbd.com\/es\/#\/schema\/person\/78065cdeb6132989e9c08e9a8e41a9de","name":"mwaqas","image":{"@type":"ImageObject","inLanguage":"es","@id":"https:\/\/secure.gravatar.com\/avatar\/2a30f733013cda40b9c7ec618bcc992b00abc66beb99013a7ed31247a19de5ee?s=96&d=mm&r=g","url":"https:\/\/secure.gravatar.com\/avatar\/2a30f733013cda40b9c7ec618bcc992b00abc66beb99013a7ed31247a19de5ee?s=96&d=mm&r=g","contentUrl":"https:\/\/secure.gravatar.com\/avatar\/2a30f733013cda40b9c7ec618bcc992b00abc66beb99013a7ed31247a19de5ee?s=96&d=mm&r=g","caption":"mwaqas"},"sameAs":["http:\/\/blog.express-cbd.com"],"url":"https:\/\/blog.express-cbd.com\/es\/author\/mwaqas\/"}]}},"_links":{"self":[{"href":"https:\/\/blog.express-cbd.com\/es\/wp-json\/wp\/v2\/pages\/19369","targetHints":{"allow":["GET"]}}],"collection":[{"href":"https:\/\/blog.express-cbd.com\/es\/wp-json\/wp\/v2\/pages"}],"about":[{"href":"https:\/\/blog.express-cbd.com\/es\/wp-json\/wp\/v2\/types\/page"}],"author":[{"embeddable":true,"href":"https:\/\/blog.express-cbd.com\/es\/wp-json\/wp\/v2\/users\/1"}],"replies":[{"embeddable":true,"href":"https:\/\/blog.express-cbd.com\/es\/wp-json\/wp\/v2\/comments?post=19369"}],"version-history":[{"count":1,"href":"https:\/\/blog.express-cbd.com\/es\/wp-json\/wp\/v2\/pages\/19369\/revisions"}],"predecessor-version":[{"id":19371,"href":"https:\/\/blog.express-cbd.com\/es\/wp-json\/wp\/v2\/pages\/19369\/revisions\/19371"}],"wp:attachment":[{"href":"https:\/\/blog.express-cbd.com\/es\/wp-json\/wp\/v2\/media?parent=19369"}],"curies":[{"name":"wp","href":"https:\/\/api.w.org\/{rel}","templated":true}]}}