{"id":19356,"date":"2026-04-28T14:14:33","date_gmt":"2026-04-28T14:14:33","guid":{"rendered":"https:\/\/blog.express-cbd.com\/principes-dedition\/"},"modified":"2026-04-28T16:05:12","modified_gmt":"2026-04-28T16:05:12","slug":"principes-dedition","status":"publish","type":"page","link":"https:\/\/blog.express-cbd.com\/fr\/principes-dedition\/","title":{"rendered":"Principes d&rsquo;\u00e9dition"},"content":{"rendered":"\n<h3 class=\"wp-block-heading\" id=\"h-our-mission\">Notre mission<\/h3>\n\n<p>L&rsquo;Express CBD Blog a pour but d&rsquo;aider les gens de tous les jours \u00e0 prendre des d\u00e9cisions \u00e9clair\u00e9es et s\u00fbres au sujet du CBD. Nous nous d\u00e9marquons du bruit par un contenu clair, honn\u00eate et soutenu par des experts, qu&rsquo;il s&rsquo;agisse d&rsquo;acheter sa premi\u00e8re huile de CBD ou d&rsquo;approfondir les profils des terp\u00e8nes. <\/p>\n\n<hr class=\"wp-block-separator has-alpha-channel-opacity\"\/>\n\n<h3 class=\"wp-block-heading\" id=\"h-editorial-independence\">Ind\u00e9pendance \u00e9ditoriale<\/h3>\n\n<p>Notre contenu \u00e9ditorial est ax\u00e9 sur la valeur ajout\u00e9e pour le lecteur, et non sur l&rsquo;int\u00e9r\u00eat commercial. Bien qu&rsquo;Express CBD Blog soit li\u00e9 \u00e0 la boutique Express CBD, nos critiques, comparaisons et articles \u00e9ducatifs sont r\u00e9dig\u00e9s en toute objectivit\u00e9. Nous ne favorisons pas les produits simplement parce qu&rsquo;ils sont disponibles dans notre magasin. Si un produit ne fonctionne pas bien, nous le disons.   <\/p>\n\n<hr class=\"wp-block-separator has-alpha-channel-opacity\"\/>\n\n<h3 class=\"wp-block-heading\" id=\"h-accuracy-amp-evidence-standards\">Normes d&rsquo;exactitude et de preuve<\/h3>\n\n<p>Nous prenons l&rsquo;exactitude au s\u00e9rieux dans un espace souvent truff\u00e9 d&rsquo;informations erron\u00e9es.<\/p>\n\n<ul class=\"wp-block-list\">\n<li>Toutes les all\u00e9gations relatives \u00e0 la sant\u00e9 sont fond\u00e9es sur des recherches scientifiques disponibles ou des \u00e9tudes \u00e9valu\u00e9es par des pairs, et sont clairement attribu\u00e9es.<\/li>\n\n\n\n<li>Nous faisons la distinction entre ce qui est cliniquement \u00e9tabli, ce qui est \u00e9mergent et ce qui est anecdotique.<\/li>\n\n\n\n<li>Nous n&rsquo;avons aucune pr\u00e9tention m\u00e9dicale et ne sugg\u00e9rons pas que le CBD est un traitement ou un rem\u00e8de pour une quelconque condition.<\/li>\n\n\n\n<li>Les articles sont r\u00e9vis\u00e9s et mis \u00e0 jour r\u00e9guli\u00e8rement pour refl\u00e9ter les changements dans la r\u00e9glementation, la recherche ou la disponibilit\u00e9 du march\u00e9.<\/li>\n<\/ul>\n\n<hr class=\"wp-block-separator has-alpha-channel-opacity\"\/>\n\n<h3 class=\"wp-block-heading\" id=\"h-transparency\">Transparence<\/h3>\n\n<p>Nous sommes francs quant \u00e0 notre identit\u00e9 et au fonctionnement de ce blog.<\/p>\n\n<ul class=\"wp-block-list\">\n<li>Nous divulguons notre affiliation avec le magasin Express CBD.<\/li>\n\n\n\n<li>Le contenu sponsoris\u00e9 ou les partenariats d&rsquo;affiliation, s&rsquo;ils existent, sont clairement indiqu\u00e9s.<\/li>\n\n\n\n<li>Les \u00e9valuations de produits indiquent si des \u00e9chantillons ont \u00e9t\u00e9 fournis par une marque.<\/li>\n\n\n\n<li>Les auteurs nomm\u00e9s sont des personnes r\u00e9elles poss\u00e9dant une expertise ou une exp\u00e9rience v\u00e9cue.<\/li>\n<\/ul>\n\n<hr class=\"wp-block-separator has-alpha-channel-opacity\"\/>\n\n<h3 class=\"wp-block-heading\" id=\"h-legal-responsibility\">Responsabilit\u00e9 juridique<\/h3>\n\n<p>La r\u00e9glementation en mati\u00e8re de CDB varie selon les pays et les langues dans lesquels nous publions. Nous prenons cela au s\u00e9rieux. <\/p>\n\n<ul class=\"wp-block-list\">\n<li>Chaque article tient compte du statut juridique de la CDB dans le territoire concern\u00e9 au moment de la publication.<\/li>\n\n\n\n<li>Nous n&rsquo;encourageons pas l&rsquo;utilisation de produits ill\u00e9gaux dans la juridiction du lecteur.<\/li>\n\n\n\n<li>Les informations juridiques sont fournies \u00e0 titre indicatif et ne constituent pas des conseils juridiques. Les lecteurs sont invit\u00e9s \u00e0 v\u00e9rifier les r\u00e8gles locales. <\/li>\n\n\n\n<li>Nous indiquons clairement le contexte national pour les guides juridiques (par exemple, \u00ab\u00a0L&rsquo;huile de CBD en \u00c9cosse\u00a0\u00bb, \u00ab\u00a0Le CBD est-il l\u00e9gal en Espagne ?)<\/li>\n<\/ul>\n\n<hr class=\"wp-block-separator has-alpha-channel-opacity\"\/>\n\n<h3 class=\"wp-block-heading\" id=\"h-tone-amp-voice\">Ton et voix<\/h3>\n\n<p>Nous \u00e9crivons pour des personnes curieuses et r\u00e9elles, et non pour des initi\u00e9s du secteur.<\/p>\n\n<ul class=\"wp-block-list\">\n<li>Le langage est simple, direct et sans jargon. Lorsque des termes techniques sont n\u00e9cessaires, nous les expliquons. <\/li>\n\n\n\n<li>Nous sommes amicaux, mais jamais moralisateurs. Nous informons sans moraliser. <\/li>\n\n\n\n<li>Les articles sont d&rsquo;abord pratiques : les lecteurs doivent toujours repartir avec quelque chose d&rsquo;utile qu&rsquo;ils peuvent mettre en pratique.<\/li>\n\n\n\n<li>Nous ne faisons pas de sensationnalisme sur les bienfaits du CBD et nous n&rsquo;utilisons pas de langage tapageur.<\/li>\n<\/ul>\n\n<hr class=\"wp-block-separator has-alpha-channel-opacity\"\/>\n\n<h3 class=\"wp-block-heading\" id=\"h-content-categories\">Cat\u00e9gories de contenu<\/h3>\n\n<p>Notre contenu se divise en quatre cat\u00e9gories principales :<\/p>\n\n<ol class=\"wp-block-list\">\n<li><strong>\u00c9ducation<\/strong> &#8211; expliquer ce qu&rsquo;est le CBD, comment il fonctionne, quels sont les types de produits et comment les utiliser en toute s\u00e9curit\u00e9.<\/li>\n\n\n\n<li><strong>Guides d&rsquo;achat<\/strong> &#8211; des conseils honn\u00eates, fond\u00e9s sur des crit\u00e8res, pour aider les lecteurs \u00e0 choisir des produits adapt\u00e9s \u00e0 leurs besoins et \u00e0 leur budget.<\/li>\n\n\n\n<li><strong>Examens de produits<\/strong> &#8211; \u00e9valuations ind\u00e9pendantes de produits sp\u00e9cifiques, test\u00e9s sur la base de crit\u00e8res coh\u00e9rents (r\u00e9sistance, ingr\u00e9dients, tests en laboratoire, valeur).<\/li>\n\n\n\n<li><strong>Juridique et r\u00e9glementaire<\/strong> &#8211; des informations actualis\u00e9es sur la l\u00e9gislation relative \u00e0 la CDB dans les diff\u00e9rents pays o\u00f9 nous publions des ouvrages.<\/li>\n<\/ol>\n\n<hr class=\"wp-block-separator has-alpha-channel-opacity\"\/>\n\n<h3 class=\"wp-block-heading\" id=\"h-multilingual-publishing-standards\">Normes de publication multilingue<\/h3>\n\n<p>Nous publions en anglais, fran\u00e7ais, allemand, italien, polonais, portugais, espagnol et n\u00e9erlandais. Chaque version linguistique est soumise aux m\u00eames normes \u00e9ditoriales. Les traductions ne sont pas des conversions m\u00e9caniques mot \u00e0 mot &#8211; elles sont adapt\u00e9es au contexte, \u00e0 la terminologie et aux r\u00e9glementations locales.  <\/p>\n\n<hr class=\"wp-block-separator has-alpha-channel-opacity\"\/>\n\n<h3 class=\"wp-block-heading\" id=\"h-what-we-don-t-publish\">Ce que nous ne publions pas<\/h3>\n\n<ul class=\"wp-block-list\">\n<li>Contenu pr\u00e9sentant des all\u00e9gations m\u00e9dicales ou th\u00e9rapeutiques non fond\u00e9es.<\/li>\n\n\n\n<li>Des comparaisons qui induisent en erreur gr\u00e2ce \u00e0 des donn\u00e9es s\u00e9lectionn\u00e9es avec soin.<\/li>\n\n\n\n<li>Contenu ciblant les mineurs.<\/li>\n\n\n\n<li>Examens qui n&rsquo;ont pas fait l&rsquo;objet d&rsquo;une \u00e9valuation ind\u00e9pendante.<\/li>\n\n\n\n<li>Mat\u00e9riel faisant la promotion de produits ill\u00e9gaux dans la juridiction du lecteur.<\/li>\n<\/ul>\n\n<hr class=\"wp-block-separator has-alpha-channel-opacity\"\/>\n\n<h3 class=\"wp-block-heading\" id=\"h-corrections-policy\">Politique correctionnelle<\/h3>\n\n<p>Si nous commettons une erreur, nous la corrigeons rapidement et de mani\u00e8re transparente. Les corrections sont indiqu\u00e9es en haut de l&rsquo;article mis \u00e0 jour, avec la date de modification. <\/p>\n\n<hr class=\"wp-block-separator has-alpha-channel-opacity\"\/>\n\n<p><em>Derni\u00e8re r\u00e9vision : avril 2026<\/em><\/p>\n<p style=\"text-align: center\"><a href=\"https:\/\/express-cbd.com\" target=\"_blank\">Visit Express CBD Store<\/a><\/p>","protected":false},"excerpt":{"rendered":"<p>Notre mission L&rsquo;Express CBD Blog a pour but d&rsquo;aider les gens de tous les jours \u00e0 prendre des d\u00e9cisions \u00e9clair\u00e9es et s\u00fbres au sujet du CBD. Nous nous d\u00e9marquons du bruit par un contenu clair, honn\u00eate et soutenu par des experts, qu&rsquo;il s&rsquo;agisse d&rsquo;acheter sa premi\u00e8re huile de CBD ou d&rsquo;approfondir les profils des terp\u00e8nes&#8230;.<\/p>\n","protected":false},"author":1,"featured_media":0,"parent":0,"menu_order":0,"comment_status":"closed","ping_status":"closed","template":"","meta":{"footnotes":""},"class_list":["post-19356","page","type-page","status-publish","hentry"],"yoast_head":"<!-- This site is optimized with the Yoast SEO Premium plugin v27.5 (Yoast SEO v27.5) - https:\/\/yoast.com\/product\/yoast-seo-premium-wordpress\/ -->\n<title>Principes d&#039;\u00e9dition - Express CBD Blog<\/title>\n<meta name=\"robots\" content=\"index, follow, max-snippet:-1, max-image-preview:large, max-video-preview:-1\" \/>\n<link rel=\"canonical\" href=\"https:\/\/blog.express-cbd.com\/fr\/principes-dedition\/\" \/>\n<meta property=\"og:locale\" content=\"fr_FR\" \/>\n<meta property=\"og:type\" content=\"article\" \/>\n<meta property=\"og:title\" content=\"Principes d&#039;\u00e9dition\" \/>\n<meta property=\"og:description\" content=\"Notre mission L&rsquo;Express CBD Blog a pour but d&rsquo;aider les gens de tous les jours \u00e0 prendre des d\u00e9cisions \u00e9clair\u00e9es et s\u00fbres au sujet du CBD. Nous nous d\u00e9marquons du bruit par un contenu clair, honn\u00eate et soutenu par des experts, qu&rsquo;il s&rsquo;agisse d&rsquo;acheter sa premi\u00e8re huile de CBD ou d&rsquo;approfondir les profils des terp\u00e8nes....\" \/>\n<meta property=\"og:url\" content=\"https:\/\/blog.express-cbd.com\/fr\/principes-dedition\/\" \/>\n<meta property=\"og:site_name\" content=\"Express CBD Blog\" \/>\n<meta property=\"article:modified_time\" content=\"2026-04-28T16:05:12+00:00\" \/>\n<meta property=\"og:image\" content=\"https:\/\/blog.express-cbd.com\/wp-content\/uploads\/2026\/04\/Express-CBD-Logo-scaled.png\" \/>\n\t<meta property=\"og:image:width\" content=\"2560\" \/>\n\t<meta property=\"og:image:height\" content=\"1533\" \/>\n\t<meta property=\"og:image:type\" content=\"image\/png\" \/>\n<meta name=\"twitter:card\" content=\"summary_large_image\" \/>\n<meta name=\"twitter:site\" content=\"@ExpressCBDCom\" \/>\n<meta name=\"twitter:label1\" content=\"Dur\u00e9e de lecture estim\u00e9e\" \/>\n\t<meta name=\"twitter:data1\" content=\"4 minutes\" \/>\n<script type=\"application\/ld+json\" class=\"yoast-schema-graph\">{\"@context\":\"https:\\\/\\\/schema.org\",\"@graph\":[{\"@type\":[\"Article\",\"BlogPosting\"],\"@id\":\"https:\\\/\\\/blog.express-cbd.com\\\/fr\\\/principes-dedition\\\/#article\",\"isPartOf\":{\"@id\":\"https:\\\/\\\/blog.express-cbd.com\\\/fr\\\/principes-dedition\\\/\"},\"author\":{\"name\":\"mwaqas\",\"@id\":\"https:\\\/\\\/blog.express-cbd.com\\\/fr\\\/#\\\/schema\\\/person\\\/78065cdeb6132989e9c08e9a8e41a9de\"},\"headline\":\"Principes d&rsquo;\u00e9dition\",\"datePublished\":\"2026-04-28T14:14:33+00:00\",\"dateModified\":\"2026-04-28T16:05:12+00:00\",\"mainEntityOfPage\":{\"@id\":\"https:\\\/\\\/blog.express-cbd.com\\\/fr\\\/principes-dedition\\\/\"},\"wordCount\":788,\"publisher\":{\"@id\":\"https:\\\/\\\/blog.express-cbd.com\\\/fr\\\/#organization\"},\"inLanguage\":\"fr-FR\"},{\"@type\":\"WebPage\",\"@id\":\"https:\\\/\\\/blog.express-cbd.com\\\/fr\\\/principes-dedition\\\/\",\"url\":\"https:\\\/\\\/blog.express-cbd.com\\\/fr\\\/principes-dedition\\\/\",\"name\":\"Principes d'\u00e9dition - Express CBD Blog\",\"isPartOf\":{\"@id\":\"https:\\\/\\\/blog.express-cbd.com\\\/fr\\\/#website\"},\"datePublished\":\"2026-04-28T14:14:33+00:00\",\"dateModified\":\"2026-04-28T16:05:12+00:00\",\"breadcrumb\":{\"@id\":\"https:\\\/\\\/blog.express-cbd.com\\\/fr\\\/principes-dedition\\\/#breadcrumb\"},\"inLanguage\":\"fr-FR\",\"potentialAction\":[{\"@type\":\"ReadAction\",\"target\":[\"https:\\\/\\\/blog.express-cbd.com\\\/fr\\\/principes-dedition\\\/\"]}]},{\"@type\":\"BreadcrumbList\",\"@id\":\"https:\\\/\\\/blog.express-cbd.com\\\/fr\\\/principes-dedition\\\/#breadcrumb\",\"itemListElement\":[{\"@type\":\"ListItem\",\"position\":1,\"name\":\"Express CBD Blog\",\"item\":\"https:\\\/\\\/blog.express-cbd.com\\\/fr\\\/\"},{\"@type\":\"ListItem\",\"position\":2,\"name\":\"Principes d&#8217;\u00e9dition\"}]},{\"@type\":\"WebSite\",\"@id\":\"https:\\\/\\\/blog.express-cbd.com\\\/fr\\\/#website\",\"url\":\"https:\\\/\\\/blog.express-cbd.com\\\/fr\\\/\",\"name\":\"Express CBD Blog\",\"description\":\"Avis et Conseils d\u2019experts sur le CBD\",\"publisher\":{\"@id\":\"https:\\\/\\\/blog.express-cbd.com\\\/fr\\\/#organization\"},\"potentialAction\":[{\"@type\":\"SearchAction\",\"target\":{\"@type\":\"EntryPoint\",\"urlTemplate\":\"https:\\\/\\\/blog.express-cbd.com\\\/fr\\\/?s={search_term_string}\"},\"query-input\":{\"@type\":\"PropertyValueSpecification\",\"valueRequired\":true,\"valueName\":\"search_term_string\"}}],\"inLanguage\":\"fr-FR\"},{\"@type\":\"Organization\",\"@id\":\"https:\\\/\\\/blog.express-cbd.com\\\/fr\\\/#organization\",\"name\":\"Express CBD Blog\",\"url\":\"https:\\\/\\\/blog.express-cbd.com\\\/fr\\\/\",\"logo\":{\"@type\":\"ImageObject\",\"inLanguage\":\"fr-FR\",\"@id\":\"https:\\\/\\\/blog.express-cbd.com\\\/fr\\\/#\\\/schema\\\/logo\\\/image\\\/\",\"url\":\"https:\\\/\\\/blog.express-cbd.com\\\/wp-content\\\/uploads\\\/2023\\\/04\\\/Express-CBD-Blog.png\",\"contentUrl\":\"https:\\\/\\\/blog.express-cbd.com\\\/wp-content\\\/uploads\\\/2023\\\/04\\\/Express-CBD-Blog.png\",\"width\":3596,\"height\":2154,\"caption\":\"Express CBD Blog\"},\"image\":{\"@id\":\"https:\\\/\\\/blog.express-cbd.com\\\/fr\\\/#\\\/schema\\\/logo\\\/image\\\/\"},\"sameAs\":[\"https:\\\/\\\/x.com\\\/ExpressCBDCom\",\"https:\\\/\\\/www.threads.com\\\/@expresscbdcom\",\"https:\\\/\\\/www.instagram.com\\\/expresscbdcom\"],\"description\":\"Express CBD is a UK online shop offering premium CBD oils, capsules, vapes, edibles, skincare, and vaping products from hundreds of trusted brands.\",\"email\":\"info@express-cbd.com\",\"legalName\":\"Express CBD\",\"foundingDate\":\"2023-03-02\",\"numberOfEmployees\":{\"@type\":\"QuantitativeValue\",\"minValue\":\"1\",\"maxValue\":\"10\"},\"publishingPrinciples\":\"https:\\\/\\\/blog.express-cbd.com\\\/publishing-principles\\\/\",\"ownershipFundingInfo\":\"https:\\\/\\\/blog.express-cbd.com\\\/ownership-funding\\\/\",\"actionableFeedbackPolicy\":\"https:\\\/\\\/blog.express-cbd.com\\\/feedback\\\/\",\"correctionsPolicy\":\"https:\\\/\\\/blog.express-cbd.com\\\/corrections-policy\\\/\",\"ethicsPolicy\":\"https:\\\/\\\/blog.express-cbd.com\\\/ethics-policy\\\/\"},{\"@type\":\"Person\",\"@id\":\"https:\\\/\\\/blog.express-cbd.com\\\/fr\\\/#\\\/schema\\\/person\\\/78065cdeb6132989e9c08e9a8e41a9de\",\"name\":\"mwaqas\",\"image\":{\"@type\":\"ImageObject\",\"inLanguage\":\"fr-FR\",\"@id\":\"https:\\\/\\\/secure.gravatar.com\\\/avatar\\\/2a30f733013cda40b9c7ec618bcc992b00abc66beb99013a7ed31247a19de5ee?s=96&d=mm&r=g\",\"url\":\"https:\\\/\\\/secure.gravatar.com\\\/avatar\\\/2a30f733013cda40b9c7ec618bcc992b00abc66beb99013a7ed31247a19de5ee?s=96&d=mm&r=g\",\"contentUrl\":\"https:\\\/\\\/secure.gravatar.com\\\/avatar\\\/2a30f733013cda40b9c7ec618bcc992b00abc66beb99013a7ed31247a19de5ee?s=96&d=mm&r=g\",\"caption\":\"mwaqas\"},\"sameAs\":[\"http:\\\/\\\/blog.express-cbd.com\"],\"url\":\"https:\\\/\\\/blog.express-cbd.com\\\/fr\\\/author\\\/mwaqas\\\/\"}]}<\/script>\n<!-- \/ Yoast SEO Premium plugin. -->","yoast_head_json":{"title":"Principes d'\u00e9dition - Express CBD Blog","robots":{"index":"index","follow":"follow","max-snippet":"max-snippet:-1","max-image-preview":"max-image-preview:large","max-video-preview":"max-video-preview:-1"},"canonical":"https:\/\/blog.express-cbd.com\/fr\/principes-dedition\/","og_locale":"fr_FR","og_type":"article","og_title":"Principes d'\u00e9dition","og_description":"Notre mission L&rsquo;Express CBD Blog a pour but d&rsquo;aider les gens de tous les jours \u00e0 prendre des d\u00e9cisions \u00e9clair\u00e9es et s\u00fbres au sujet du CBD. Nous nous d\u00e9marquons du bruit par un contenu clair, honn\u00eate et soutenu par des experts, qu&rsquo;il s&rsquo;agisse d&rsquo;acheter sa premi\u00e8re huile de CBD ou d&rsquo;approfondir les profils des terp\u00e8nes....","og_url":"https:\/\/blog.express-cbd.com\/fr\/principes-dedition\/","og_site_name":"Express CBD Blog","article_modified_time":"2026-04-28T16:05:12+00:00","og_image":[{"width":2560,"height":1533,"url":"https:\/\/blog.express-cbd.com\/wp-content\/uploads\/2026\/04\/Express-CBD-Logo-scaled.png","type":"image\/png"}],"twitter_card":"summary_large_image","twitter_site":"@ExpressCBDCom","twitter_misc":{"Dur\u00e9e de lecture estim\u00e9e":"4 minutes"},"schema":{"@context":"https:\/\/schema.org","@graph":[{"@type":["Article","BlogPosting"],"@id":"https:\/\/blog.express-cbd.com\/fr\/principes-dedition\/#article","isPartOf":{"@id":"https:\/\/blog.express-cbd.com\/fr\/principes-dedition\/"},"author":{"name":"mwaqas","@id":"https:\/\/blog.express-cbd.com\/fr\/#\/schema\/person\/78065cdeb6132989e9c08e9a8e41a9de"},"headline":"Principes d&rsquo;\u00e9dition","datePublished":"2026-04-28T14:14:33+00:00","dateModified":"2026-04-28T16:05:12+00:00","mainEntityOfPage":{"@id":"https:\/\/blog.express-cbd.com\/fr\/principes-dedition\/"},"wordCount":788,"publisher":{"@id":"https:\/\/blog.express-cbd.com\/fr\/#organization"},"inLanguage":"fr-FR"},{"@type":"WebPage","@id":"https:\/\/blog.express-cbd.com\/fr\/principes-dedition\/","url":"https:\/\/blog.express-cbd.com\/fr\/principes-dedition\/","name":"Principes d'\u00e9dition - Express CBD Blog","isPartOf":{"@id":"https:\/\/blog.express-cbd.com\/fr\/#website"},"datePublished":"2026-04-28T14:14:33+00:00","dateModified":"2026-04-28T16:05:12+00:00","breadcrumb":{"@id":"https:\/\/blog.express-cbd.com\/fr\/principes-dedition\/#breadcrumb"},"inLanguage":"fr-FR","potentialAction":[{"@type":"ReadAction","target":["https:\/\/blog.express-cbd.com\/fr\/principes-dedition\/"]}]},{"@type":"BreadcrumbList","@id":"https:\/\/blog.express-cbd.com\/fr\/principes-dedition\/#breadcrumb","itemListElement":[{"@type":"ListItem","position":1,"name":"Express CBD Blog","item":"https:\/\/blog.express-cbd.com\/fr\/"},{"@type":"ListItem","position":2,"name":"Principes d&#8217;\u00e9dition"}]},{"@type":"WebSite","@id":"https:\/\/blog.express-cbd.com\/fr\/#website","url":"https:\/\/blog.express-cbd.com\/fr\/","name":"Express CBD Blog","description":"Avis et Conseils d\u2019experts sur le CBD","publisher":{"@id":"https:\/\/blog.express-cbd.com\/fr\/#organization"},"potentialAction":[{"@type":"SearchAction","target":{"@type":"EntryPoint","urlTemplate":"https:\/\/blog.express-cbd.com\/fr\/?s={search_term_string}"},"query-input":{"@type":"PropertyValueSpecification","valueRequired":true,"valueName":"search_term_string"}}],"inLanguage":"fr-FR"},{"@type":"Organization","@id":"https:\/\/blog.express-cbd.com\/fr\/#organization","name":"Express CBD Blog","url":"https:\/\/blog.express-cbd.com\/fr\/","logo":{"@type":"ImageObject","inLanguage":"fr-FR","@id":"https:\/\/blog.express-cbd.com\/fr\/#\/schema\/logo\/image\/","url":"https:\/\/blog.express-cbd.com\/wp-content\/uploads\/2023\/04\/Express-CBD-Blog.png","contentUrl":"https:\/\/blog.express-cbd.com\/wp-content\/uploads\/2023\/04\/Express-CBD-Blog.png","width":3596,"height":2154,"caption":"Express CBD Blog"},"image":{"@id":"https:\/\/blog.express-cbd.com\/fr\/#\/schema\/logo\/image\/"},"sameAs":["https:\/\/x.com\/ExpressCBDCom","https:\/\/www.threads.com\/@expresscbdcom","https:\/\/www.instagram.com\/expresscbdcom"],"description":"Express CBD is a UK online shop offering premium CBD oils, capsules, vapes, edibles, skincare, and vaping products from hundreds of trusted brands.","email":"info@express-cbd.com","legalName":"Express CBD","foundingDate":"2023-03-02","numberOfEmployees":{"@type":"QuantitativeValue","minValue":"1","maxValue":"10"},"publishingPrinciples":"https:\/\/blog.express-cbd.com\/publishing-principles\/","ownershipFundingInfo":"https:\/\/blog.express-cbd.com\/ownership-funding\/","actionableFeedbackPolicy":"https:\/\/blog.express-cbd.com\/feedback\/","correctionsPolicy":"https:\/\/blog.express-cbd.com\/corrections-policy\/","ethicsPolicy":"https:\/\/blog.express-cbd.com\/ethics-policy\/"},{"@type":"Person","@id":"https:\/\/blog.express-cbd.com\/fr\/#\/schema\/person\/78065cdeb6132989e9c08e9a8e41a9de","name":"mwaqas","image":{"@type":"ImageObject","inLanguage":"fr-FR","@id":"https:\/\/secure.gravatar.com\/avatar\/2a30f733013cda40b9c7ec618bcc992b00abc66beb99013a7ed31247a19de5ee?s=96&d=mm&r=g","url":"https:\/\/secure.gravatar.com\/avatar\/2a30f733013cda40b9c7ec618bcc992b00abc66beb99013a7ed31247a19de5ee?s=96&d=mm&r=g","contentUrl":"https:\/\/secure.gravatar.com\/avatar\/2a30f733013cda40b9c7ec618bcc992b00abc66beb99013a7ed31247a19de5ee?s=96&d=mm&r=g","caption":"mwaqas"},"sameAs":["http:\/\/blog.express-cbd.com"],"url":"https:\/\/blog.express-cbd.com\/fr\/author\/mwaqas\/"}]}},"_links":{"self":[{"href":"https:\/\/blog.express-cbd.com\/fr\/wp-json\/wp\/v2\/pages\/19356","targetHints":{"allow":["GET"]}}],"collection":[{"href":"https:\/\/blog.express-cbd.com\/fr\/wp-json\/wp\/v2\/pages"}],"about":[{"href":"https:\/\/blog.express-cbd.com\/fr\/wp-json\/wp\/v2\/types\/page"}],"author":[{"embeddable":true,"href":"https:\/\/blog.express-cbd.com\/fr\/wp-json\/wp\/v2\/users\/1"}],"replies":[{"embeddable":true,"href":"https:\/\/blog.express-cbd.com\/fr\/wp-json\/wp\/v2\/comments?post=19356"}],"version-history":[{"count":1,"href":"https:\/\/blog.express-cbd.com\/fr\/wp-json\/wp\/v2\/pages\/19356\/revisions"}],"predecessor-version":[{"id":19358,"href":"https:\/\/blog.express-cbd.com\/fr\/wp-json\/wp\/v2\/pages\/19356\/revisions\/19358"}],"wp:attachment":[{"href":"https:\/\/blog.express-cbd.com\/fr\/wp-json\/wp\/v2\/media?parent=19356"}],"curies":[{"name":"wp","href":"https:\/\/api.w.org\/{rel}","templated":true}]}}