{"id":19370,"date":"2026-04-28T14:32:38","date_gmt":"2026-04-28T14:32:38","guid":{"rendered":"https:\/\/blog.express-cbd.com\/politique-dethique\/"},"modified":"2026-04-28T16:05:53","modified_gmt":"2026-04-28T16:05:53","slug":"politique-dethique","status":"publish","type":"page","link":"https:\/\/blog.express-cbd.com\/fr\/politique-dethique\/","title":{"rendered":"Politique d&rsquo;\u00e9thique"},"content":{"rendered":"\n<h3 class=\"wp-block-heading\" id=\"h-why-this-policy-exists\">Raison d&rsquo;\u00eatre de cette politique<\/h3>\n\n<p>L&rsquo;industrie du CBD est encombr\u00e9e, motiv\u00e9e par des consid\u00e9rations commerciales et, par endroits, mal r\u00e9glement\u00e9e. C&rsquo;est pourquoi un contenu \u00e9ditorial honn\u00eate et ind\u00e9pendant a plus de valeur et est plus facilement compromis. Cette politique d&rsquo;\u00e9thique d\u00e9finit les principes qui r\u00e9gissent notre fa\u00e7on de travailler, de g\u00e9rer les conflits d&rsquo;int\u00e9r\u00eats et de fixer des limites. Elle s&rsquo;applique \u00e0 tous ceux qui contribuent au blog de l&rsquo;Express CBD, qu&rsquo;ils soient r\u00e9dacteurs, pigistes ou \u00e9valuateurs externes.   <\/p>\n\n<hr class=\"wp-block-separator has-alpha-channel-opacity\"\/>\n\n<h3 class=\"wp-block-heading\" id=\"h-editorial-independence\">Ind\u00e9pendance \u00e9ditoriale<\/h3>\n\n<p>Le blog d&rsquo;Express CBD est d\u00e9tenu et financ\u00e9 par Express CBD, un d\u00e9taillant de CBD en ligne. Nous sommes transparents sur cette relation. Cependant, la propri\u00e9t\u00e9 commerciale ne d\u00e9termine pas la production \u00e9ditoriale.  <\/p>\n\n<ul class=\"wp-block-list\">\n<li>Les d\u00e9cisions \u00e9ditoriales &#8211; ce qu&rsquo;il faut couvrir, comment l&rsquo;encadrer, quelles conclusions tirer &#8211; sont prises pour des raisons journalistiques et d&rsquo;int\u00e9r\u00eat du lecteur, et non pour des raisons commerciales.<\/li>\n\n\n\n<li>Aucun article n&rsquo;est r\u00e9dig\u00e9, modifi\u00e9 ou supprim\u00e9 en raison de son effet potentiel sur les ventes ou la r\u00e9putation d&rsquo;Express CBD.<\/li>\n\n\n\n<li>Les produits vendus dans la boutique Express CBD ne b\u00e9n\u00e9ficient pas d&rsquo;un traitement pr\u00e9f\u00e9rentiel dans les commentaires ou les guides d&rsquo;achat. Si un produit que nous vendons est moins performant que d&rsquo;autres, nous le disons. <\/li>\n\n\n\n<li>L&rsquo;\u00e9quipe commerciale de l&rsquo;Express CBD n&rsquo;a pas le droit d&rsquo;approuver le contenu \u00e9ditorial avant sa publication.<\/li>\n<\/ul>\n\n<hr class=\"wp-block-separator has-alpha-channel-opacity\"\/>\n\n<h3 class=\"wp-block-heading\" id=\"h-conflicts-of-interest\">Conflits d&rsquo;int\u00e9r\u00eats<\/h3>\n\n<p>Nous demandons \u00e0 tous ceux qui contribuent \u00e0 ce blog de divulguer toute relation &#8211; financi\u00e8re, personnelle ou professionnelle &#8211; qui pourrait raisonnablement \u00eatre consid\u00e9r\u00e9e comme influen\u00e7ant leur couverture d&rsquo;un sujet, d&rsquo;une marque ou d&rsquo;un produit.<\/p>\n\n<p>Il s&rsquo;agit notamment de<\/p>\n\n<ul class=\"wp-block-list\">\n<li>D\u00e9tention d&rsquo;actions ou d&rsquo;int\u00e9r\u00eats financiers dans une marque faisant l&rsquo;objet d&rsquo;un examen<\/li>\n\n\n\n<li>Une relation personnelle ou professionnelle avec les fondateurs ou l&rsquo;\u00e9quipe de relations publiques d&rsquo;une marque<\/li>\n\n\n\n<li>Avoir \u00e9t\u00e9 employ\u00e9 ou sous contrat avec une marque couverte<\/li>\n\n\n\n<li>Recevoir des cadeaux, des marques d&rsquo;hospitalit\u00e9 ou des avantages de la part d&rsquo;une marque au-del\u00e0 des \u00e9chantillons de produits \u00e0 des fins d&rsquo;\u00e9valuation.<\/li>\n<\/ul>\n\n<p>Lorsqu&rsquo;un conflit d&rsquo;int\u00e9r\u00eats existe et ne peut \u00eatre \u00e9vit\u00e9, il sera clairement divulgu\u00e9 dans l&rsquo;article concern\u00e9. Lorsqu&rsquo;un conflit est suffisamment grave pour compromettre l&rsquo;objectivit\u00e9, le collaborateur sera r\u00e9affect\u00e9 et le conflit ne sera pas divulgu\u00e9 &#8211; l&rsquo;article ne sera tout simplement pas r\u00e9dig\u00e9 par cette personne. <\/p>\n\n<hr class=\"wp-block-separator has-alpha-channel-opacity\"\/>\n\n<h3 class=\"wp-block-heading\" id=\"h-product-samples-amp-brand-relationships\">\u00c9chantillons de produits et relations avec les marques<\/h3>\n\n<p>Nous recevons r\u00e9guli\u00e8rement des \u00e9chantillons de produits afin de r\u00e9aliser des \u00e9valuations. Il s&rsquo;agit d&rsquo;une pratique courante dans notre secteur et elle ne constitue pas en soi un conflit d&rsquo;int\u00e9r\u00eats, \u00e0 condition qu&rsquo;elle soit trait\u00e9e correctement. <\/p>\n\n<p>Nos r\u00e8gles en mati\u00e8re d&rsquo;\u00e9chantillons :<\/p>\n\n<ul class=\"wp-block-list\">\n<li>La r\u00e9ception d&rsquo;un \u00e9chantillon ne garantit pas la couverture et ne garantit jamais une couverture positive.<\/li>\n\n\n\n<li>Les marques ne voient pas les critiques avant leur publication et n&rsquo;ont pas le droit de demander des modifications.<\/li>\n\n\n\n<li>Le fait qu&rsquo;un produit ait \u00e9t\u00e9 fourni \u00e0 titre d&rsquo;\u00e9chantillon est mentionn\u00e9 dans chaque \u00e9valuation o\u00f9 cela s&rsquo;applique.<\/li>\n\n\n\n<li>Nous n&rsquo;acceptons pas de paiements en esp\u00e8ces, de d\u00e9penses publicitaires ou d&rsquo;autres incitations commerciales en \u00e9change d&rsquo;une couverture \u00e9ditoriale.<\/li>\n\n\n\n<li>Nous ne participons pas \u00e0 des syst\u00e8mes de paiement \u00e0 l&rsquo;examen, sous quelque forme que ce soit.<\/li>\n<\/ul>\n\n<hr class=\"wp-block-separator has-alpha-channel-opacity\"\/>\n\n<h3 class=\"wp-block-heading\" id=\"h-sponsored-amp-commercial-content\">Contenu sponsoris\u00e9 et commercial<\/h3>\n\n<p>De temps \u00e0 autre, le blog Express CBD peut publier un contenu qui b\u00e9n\u00e9ficie d&rsquo;un soutien commercial. Si et quand cela se produit : <\/p>\n\n<ul class=\"wp-block-list\">\n<li>La mention \u00ab\u00a0Sponsoris\u00e9\u00a0\u00bb, \u00ab\u00a0Partenariat payant\u00a0\u00bb ou \u00ab\u00a0Publicit\u00e9\u00a0\u00bb sera clairement indiqu\u00e9e en haut de l&rsquo;article, et non pas enfouie dans une note de bas de page.<\/li>\n\n\n\n<li>Les normes \u00e9ditoriales appliqu\u00e9es au contenu sponsoris\u00e9 sont les m\u00eames que pour tout autre contenu. Nous ne publierons pas de mat\u00e9riel sponsoris\u00e9 qui soit factuellement inexact, trompeur ou contraire \u00e0 nos principes de publication. <\/li>\n\n\n\n<li>Le contenu sponsoris\u00e9 n&rsquo;est jamais pr\u00e9sent\u00e9 dans un format con\u00e7u pour le faire passer pour un \u00e9ditorial ind\u00e9pendant.<\/li>\n<\/ul>\n\n<p>Actuellement, le blog Express CBD ne propose aucun contenu sponsoris\u00e9 par des tiers. Si cela change, cette politique sera mise \u00e0 jour pour le refl\u00e9ter. <\/p>\n\n<hr class=\"wp-block-separator has-alpha-channel-opacity\"\/>\n\n<h3 class=\"wp-block-heading\" id=\"h-health-claims-amp-scientific-accuracy\">All\u00e9gations de sant\u00e9 et exactitude scientifique<\/h3>\n\n<p>Le CBD se situe \u00e0 l&rsquo;intersection du bien-\u00eatre, du commerce et de la science &#8211; un domaine o\u00f9 les exag\u00e9rations sont courantes et potentiellement nuisibles. Nous nous imposons des normes \u00e9lev\u00e9es. <\/p>\n\n<ul class=\"wp-block-list\">\n<li>Nous ne pr\u00e9tendons pas que le CBD traite, gu\u00e9rit ou pr\u00e9vient une quelconque maladie.<\/li>\n\n\n\n<li>Les d\u00e9clarations relatives \u00e0 la sant\u00e9 sont attribu\u00e9es \u00e0 des \u00e9tudes sp\u00e9cifiques ou \u00e0 des organismes de r\u00e9glementation et ne sont pas consid\u00e9r\u00e9es comme des faits g\u00e9n\u00e9raux.<\/li>\n\n\n\n<li>Nous faisons une distinction claire entre les preuves \u00e9tablies, les recherches \u00e9mergentes et les anecdotes.<\/li>\n\n\n\n<li>Lorsque les donn\u00e9es scientifiques sont contest\u00e9es ou non concluantes, nous le disons plut\u00f4t que de pr\u00e9senter un point de vue comme acquis.<\/li>\n\n\n\n<li>Nous n&rsquo;amplifions pas des r\u00e9sultats de recherche sensationnels sans contexte.<\/li>\n<\/ul>\n\n<p>Si vous pensez que nous avons fait une all\u00e9gation de sant\u00e9 qui d\u00e9passe cette limite, veuillez nous contacter en utilisant les coordonn\u00e9es figurant au bas de cette page.<\/p>\n\n<hr class=\"wp-block-separator has-alpha-channel-opacity\"\/>\n\n<h3 class=\"wp-block-heading\" id=\"h-legal-amp-regulatory-responsibility\">Responsabilit\u00e9 juridique et r\u00e9glementaire<\/h3>\n\n<p>La l\u00e9gislation sur la CDB varie consid\u00e9rablement d&rsquo;un pays \u00e0 l&rsquo;autre et d&rsquo;une langue \u00e0 l&rsquo;autre. Nous prenons notre responsabilit\u00e9 au s\u00e9rieux. <\/p>\n\n<ul class=\"wp-block-list\">\n<li>Nous ne publions pas de contenu qui encourage les lecteurs \u00e0 acheter ou \u00e0 utiliser des produits ill\u00e9gaux dans leur juridiction.<\/li>\n\n\n\n<li>Les informations juridiques contenues dans nos articles sont fournies \u00e0 titre indicatif et ne constituent pas un avis juridique. Les lecteurs sont invit\u00e9s \u00e0 v\u00e9rifier les r\u00e8gles en vigueur dans leur pays. <\/li>\n\n\n\n<li>Nous r\u00e9examinons r\u00e9guli\u00e8rement les contenus juridiquement sensibles, car les cadres r\u00e9glementaires dans ce domaine changent fr\u00e9quemment.<\/li>\n\n\n\n<li>Les contributeurs sont tenus de signaler l&rsquo;incertitude juridique plut\u00f4t que d&rsquo;\u00e9noncer une position juridique en toute confiance lorsque la situation n&rsquo;est pas claire.<\/li>\n<\/ul>\n\n<hr class=\"wp-block-separator has-alpha-channel-opacity\"\/>\n\n<h3 class=\"wp-block-heading\" id=\"h-treatment-of-people-amp-brands\">Traitement des personnes et des marques<\/h3>\n\n<p>Nous couvrons un large \u00e9ventail de produits, de marques et de sujets. Nos normes concernant la mani\u00e8re dont nous \u00e9crivons sur ces sujets sont coh\u00e9rentes : <\/p>\n\n<ul class=\"wp-block-list\">\n<li>Nous ne publions pas de contenu injurieux \u00e0 l&rsquo;\u00e9gard de personnes &#8211; y compris les fondateurs, les employ\u00e9s ou les personnalit\u00e9s publiques li\u00e9es \u00e0 une marque.<\/li>\n\n\n\n<li>La critique d&rsquo;un produit ou d&rsquo;une entreprise repose sur des faits v\u00e9rifiables, et non sur des rumeurs ou des motivations commerciales.<\/li>\n\n\n\n<li>Nous donnons aux marques une possibilit\u00e9 raisonnable de r\u00e9pondre avant de publier une couverture critique lorsque cela est appropri\u00e9.<\/li>\n\n\n\n<li>Nous ne nous engageons pas dans une couverture sp\u00e9culative destin\u00e9e \u00e0 nuire \u00e0 la r\u00e9putation d&rsquo;un concurrent.<\/li>\n<\/ul>\n\n<hr class=\"wp-block-separator has-alpha-channel-opacity\"\/>\n\n<h3 class=\"wp-block-heading\" id=\"h-contributor-standards\">Normes applicables aux cotisants<\/h3>\n\n<p>Tous les contributeurs au blog de l&rsquo;Express CBD, qu&rsquo;ils soient salari\u00e9s ou ind\u00e9pendants, sont tenus de.. :<\/p>\n\n<ul class=\"wp-block-list\">\n<li>Repr\u00e9senter honn\u00eatement leurs qualifications et leur expertise<\/li>\n\n\n\n<li>Divulguer les conflits d&rsquo;int\u00e9r\u00eats avant d&rsquo;accepter une mission<\/li>\n\n\n\n<li>Attribuer les affirmations \u00e0 leurs sources avec pr\u00e9cision<\/li>\n\n\n\n<li>Ne pas plagier le contenu d&rsquo;autres publications<\/li>\n\n\n\n<li>Ne pas fabriquer de citations, de donn\u00e9es ou d&rsquo;exp\u00e9riences<\/li>\n<\/ul>\n\n<p>Le non-respect de ces normes peut entra\u00eener la r\u00e9tractation du contenu et la fin de la relation du contributeur avec le blog. Le contenu r\u00e9tract\u00e9 sera trait\u00e9 conform\u00e9ment \u00e0 notre politique de correction. <\/p>\n\n<hr class=\"wp-block-separator has-alpha-channel-opacity\"\/>\n\n<h3 class=\"wp-block-heading\" id=\"h-reporting-an-ethics-concern\">Signaler un probl\u00e8me d&rsquo;\u00e9thique<\/h3>\n\n<p>Si vous pensez que nous avons enfreint cette politique d&rsquo;\u00e9thique &#8211; que ce soit en tant que lecteur, contributeur ou marque &#8211; nous vous encourageons \u00e0 nous contacter directement.<\/p>\n\n<p><strong><a href=\"https:\/\/blog.express-cbd.com\/fr\/contactez-nous\/\">Signaler un probl\u00e8me d&rsquo;\u00e9thique \u2192 blog.express-cbd.com\/contact-us\/<\/a><\/strong><\/p>\n\n<p>Veuillez d\u00e9crire le probl\u00e8me de la mani\u00e8re la plus pr\u00e9cise possible, en incluant l&rsquo;URL de tout article pertinent. Les questions d&rsquo;\u00e9thique sont examin\u00e9es par la direction de la r\u00e9daction et trait\u00e9es en priorit\u00e9. Vous recevrez un accus\u00e9 de r\u00e9ception dans les 3 jours ouvrables et une r\u00e9ponse substantielle dans les 15 jours ouvrables.  <\/p>\n\n<p>Nous prenons les plaintes en mati\u00e8re d&rsquo;\u00e9thique au s\u00e9rieux et ne les rejetons pas sous pr\u00e9texte qu&rsquo;elles sont g\u00eanantes ou inconfortables d&rsquo;un point de vue commercial.<\/p>\n\n<hr class=\"wp-block-separator has-alpha-channel-opacity\"\/>\n\n<p><em>Derni\u00e8re r\u00e9vision : Avril 2026<\/em> <em>Pour soulever une question d&rsquo;\u00e9thique : <a href=\"https:\/\/blog.express-cbd.com\/fr\/contactez-nous\/\">blog.express-cbd.com\/contact-us\/<\/a><\/em><\/p>\n<p style=\"text-align: center\"><a href=\"https:\/\/express-cbd.com\" target=\"_blank\">Visit Express CBD Store<\/a><\/p>","protected":false},"excerpt":{"rendered":"<p>Raison d&rsquo;\u00eatre de cette politique L&rsquo;industrie du CBD est encombr\u00e9e, motiv\u00e9e par des consid\u00e9rations commerciales et, par endroits, mal r\u00e9glement\u00e9e. C&rsquo;est pourquoi un contenu \u00e9ditorial honn\u00eate et ind\u00e9pendant a plus de valeur et est plus facilement compromis. Cette politique d&rsquo;\u00e9thique d\u00e9finit les principes qui r\u00e9gissent notre fa\u00e7on de travailler, de g\u00e9rer les conflits d&rsquo;int\u00e9r\u00eats et&#8230;<\/p>\n","protected":false},"author":1,"featured_media":0,"parent":0,"menu_order":0,"comment_status":"closed","ping_status":"closed","template":"","meta":{"footnotes":""},"class_list":["post-19370","page","type-page","status-publish","hentry"],"yoast_head":"<!-- This site is optimized with the Yoast SEO Premium plugin v27.5 (Yoast SEO v27.5) - https:\/\/yoast.com\/product\/yoast-seo-premium-wordpress\/ -->\n<title>Politique d&#039;\u00e9thique - Express CBD Blog<\/title>\n<meta name=\"robots\" content=\"index, follow, max-snippet:-1, max-image-preview:large, max-video-preview:-1\" \/>\n<link rel=\"canonical\" href=\"https:\/\/blog.express-cbd.com\/fr\/politique-dethique\/\" \/>\n<meta property=\"og:locale\" content=\"fr_FR\" \/>\n<meta property=\"og:type\" content=\"article\" \/>\n<meta property=\"og:title\" content=\"Politique d&#039;\u00e9thique\" \/>\n<meta property=\"og:description\" content=\"Raison d&rsquo;\u00eatre de cette politique L&rsquo;industrie du CBD est encombr\u00e9e, motiv\u00e9e par des consid\u00e9rations commerciales et, par endroits, mal r\u00e9glement\u00e9e. C&rsquo;est pourquoi un contenu \u00e9ditorial honn\u00eate et ind\u00e9pendant a plus de valeur et est plus facilement compromis. Cette politique d&rsquo;\u00e9thique d\u00e9finit les principes qui r\u00e9gissent notre fa\u00e7on de travailler, de g\u00e9rer les conflits d&rsquo;int\u00e9r\u00eats et...\" \/>\n<meta property=\"og:url\" content=\"https:\/\/blog.express-cbd.com\/fr\/politique-dethique\/\" \/>\n<meta property=\"og:site_name\" content=\"Express CBD Blog\" \/>\n<meta property=\"article:modified_time\" content=\"2026-04-28T16:05:53+00:00\" \/>\n<meta property=\"og:image\" content=\"https:\/\/blog.express-cbd.com\/wp-content\/uploads\/2026\/04\/Express-CBD-Logo-scaled.png\" \/>\n\t<meta property=\"og:image:width\" content=\"2560\" \/>\n\t<meta property=\"og:image:height\" content=\"1533\" \/>\n\t<meta property=\"og:image:type\" content=\"image\/png\" \/>\n<meta name=\"twitter:card\" content=\"summary_large_image\" \/>\n<meta name=\"twitter:site\" content=\"@ExpressCBDCom\" \/>\n<meta name=\"twitter:label1\" content=\"Dur\u00e9e de lecture estim\u00e9e\" \/>\n\t<meta name=\"twitter:data1\" content=\"7 minutes\" \/>\n<script type=\"application\/ld+json\" class=\"yoast-schema-graph\">{\"@context\":\"https:\\\/\\\/schema.org\",\"@graph\":[{\"@type\":[\"Article\",\"BlogPosting\"],\"@id\":\"https:\\\/\\\/blog.express-cbd.com\\\/fr\\\/politique-dethique\\\/#article\",\"isPartOf\":{\"@id\":\"https:\\\/\\\/blog.express-cbd.com\\\/fr\\\/politique-dethique\\\/\"},\"author\":{\"name\":\"mwaqas\",\"@id\":\"https:\\\/\\\/blog.express-cbd.com\\\/fr\\\/#\\\/schema\\\/person\\\/78065cdeb6132989e9c08e9a8e41a9de\"},\"headline\":\"Politique d&rsquo;\u00e9thique\",\"datePublished\":\"2026-04-28T14:32:38+00:00\",\"dateModified\":\"2026-04-28T16:05:53+00:00\",\"mainEntityOfPage\":{\"@id\":\"https:\\\/\\\/blog.express-cbd.com\\\/fr\\\/politique-dethique\\\/\"},\"wordCount\":1367,\"publisher\":{\"@id\":\"https:\\\/\\\/blog.express-cbd.com\\\/fr\\\/#organization\"},\"inLanguage\":\"fr-FR\"},{\"@type\":\"WebPage\",\"@id\":\"https:\\\/\\\/blog.express-cbd.com\\\/fr\\\/politique-dethique\\\/\",\"url\":\"https:\\\/\\\/blog.express-cbd.com\\\/fr\\\/politique-dethique\\\/\",\"name\":\"Politique d'\u00e9thique - Express CBD Blog\",\"isPartOf\":{\"@id\":\"https:\\\/\\\/blog.express-cbd.com\\\/fr\\\/#website\"},\"datePublished\":\"2026-04-28T14:32:38+00:00\",\"dateModified\":\"2026-04-28T16:05:53+00:00\",\"breadcrumb\":{\"@id\":\"https:\\\/\\\/blog.express-cbd.com\\\/fr\\\/politique-dethique\\\/#breadcrumb\"},\"inLanguage\":\"fr-FR\",\"potentialAction\":[{\"@type\":\"ReadAction\",\"target\":[\"https:\\\/\\\/blog.express-cbd.com\\\/fr\\\/politique-dethique\\\/\"]}]},{\"@type\":\"BreadcrumbList\",\"@id\":\"https:\\\/\\\/blog.express-cbd.com\\\/fr\\\/politique-dethique\\\/#breadcrumb\",\"itemListElement\":[{\"@type\":\"ListItem\",\"position\":1,\"name\":\"Express CBD Blog\",\"item\":\"https:\\\/\\\/blog.express-cbd.com\\\/fr\\\/\"},{\"@type\":\"ListItem\",\"position\":2,\"name\":\"Politique d&rsquo;\u00e9thique\"}]},{\"@type\":\"WebSite\",\"@id\":\"https:\\\/\\\/blog.express-cbd.com\\\/fr\\\/#website\",\"url\":\"https:\\\/\\\/blog.express-cbd.com\\\/fr\\\/\",\"name\":\"Express CBD Blog\",\"description\":\"Avis et Conseils d\u2019experts sur le CBD\",\"publisher\":{\"@id\":\"https:\\\/\\\/blog.express-cbd.com\\\/fr\\\/#organization\"},\"potentialAction\":[{\"@type\":\"SearchAction\",\"target\":{\"@type\":\"EntryPoint\",\"urlTemplate\":\"https:\\\/\\\/blog.express-cbd.com\\\/fr\\\/?s={search_term_string}\"},\"query-input\":{\"@type\":\"PropertyValueSpecification\",\"valueRequired\":true,\"valueName\":\"search_term_string\"}}],\"inLanguage\":\"fr-FR\"},{\"@type\":\"Organization\",\"@id\":\"https:\\\/\\\/blog.express-cbd.com\\\/fr\\\/#organization\",\"name\":\"Express CBD Blog\",\"url\":\"https:\\\/\\\/blog.express-cbd.com\\\/fr\\\/\",\"logo\":{\"@type\":\"ImageObject\",\"inLanguage\":\"fr-FR\",\"@id\":\"https:\\\/\\\/blog.express-cbd.com\\\/fr\\\/#\\\/schema\\\/logo\\\/image\\\/\",\"url\":\"https:\\\/\\\/blog.express-cbd.com\\\/wp-content\\\/uploads\\\/2023\\\/04\\\/Express-CBD-Blog.png\",\"contentUrl\":\"https:\\\/\\\/blog.express-cbd.com\\\/wp-content\\\/uploads\\\/2023\\\/04\\\/Express-CBD-Blog.png\",\"width\":3596,\"height\":2154,\"caption\":\"Express CBD Blog\"},\"image\":{\"@id\":\"https:\\\/\\\/blog.express-cbd.com\\\/fr\\\/#\\\/schema\\\/logo\\\/image\\\/\"},\"sameAs\":[\"https:\\\/\\\/x.com\\\/ExpressCBDCom\",\"https:\\\/\\\/www.threads.com\\\/@expresscbdcom\",\"https:\\\/\\\/www.instagram.com\\\/expresscbdcom\"],\"description\":\"Express CBD is a UK online shop offering premium CBD oils, capsules, vapes, edibles, skincare, and vaping products from hundreds of trusted brands.\",\"email\":\"info@express-cbd.com\",\"legalName\":\"Express CBD\",\"foundingDate\":\"2023-03-02\",\"numberOfEmployees\":{\"@type\":\"QuantitativeValue\",\"minValue\":\"1\",\"maxValue\":\"10\"},\"publishingPrinciples\":\"https:\\\/\\\/blog.express-cbd.com\\\/publishing-principles\\\/\",\"ownershipFundingInfo\":\"https:\\\/\\\/blog.express-cbd.com\\\/ownership-funding\\\/\",\"actionableFeedbackPolicy\":\"https:\\\/\\\/blog.express-cbd.com\\\/feedback\\\/\",\"correctionsPolicy\":\"https:\\\/\\\/blog.express-cbd.com\\\/corrections-policy\\\/\",\"ethicsPolicy\":\"https:\\\/\\\/blog.express-cbd.com\\\/ethics-policy\\\/\"},{\"@type\":\"Person\",\"@id\":\"https:\\\/\\\/blog.express-cbd.com\\\/fr\\\/#\\\/schema\\\/person\\\/78065cdeb6132989e9c08e9a8e41a9de\",\"name\":\"mwaqas\",\"image\":{\"@type\":\"ImageObject\",\"inLanguage\":\"fr-FR\",\"@id\":\"https:\\\/\\\/secure.gravatar.com\\\/avatar\\\/2a30f733013cda40b9c7ec618bcc992b00abc66beb99013a7ed31247a19de5ee?s=96&d=mm&r=g\",\"url\":\"https:\\\/\\\/secure.gravatar.com\\\/avatar\\\/2a30f733013cda40b9c7ec618bcc992b00abc66beb99013a7ed31247a19de5ee?s=96&d=mm&r=g\",\"contentUrl\":\"https:\\\/\\\/secure.gravatar.com\\\/avatar\\\/2a30f733013cda40b9c7ec618bcc992b00abc66beb99013a7ed31247a19de5ee?s=96&d=mm&r=g\",\"caption\":\"mwaqas\"},\"sameAs\":[\"http:\\\/\\\/blog.express-cbd.com\"],\"url\":\"https:\\\/\\\/blog.express-cbd.com\\\/fr\\\/author\\\/mwaqas\\\/\"}]}<\/script>\n<!-- \/ Yoast SEO Premium plugin. -->","yoast_head_json":{"title":"Politique d'\u00e9thique - Express CBD Blog","robots":{"index":"index","follow":"follow","max-snippet":"max-snippet:-1","max-image-preview":"max-image-preview:large","max-video-preview":"max-video-preview:-1"},"canonical":"https:\/\/blog.express-cbd.com\/fr\/politique-dethique\/","og_locale":"fr_FR","og_type":"article","og_title":"Politique d'\u00e9thique","og_description":"Raison d&rsquo;\u00eatre de cette politique L&rsquo;industrie du CBD est encombr\u00e9e, motiv\u00e9e par des consid\u00e9rations commerciales et, par endroits, mal r\u00e9glement\u00e9e. C&rsquo;est pourquoi un contenu \u00e9ditorial honn\u00eate et ind\u00e9pendant a plus de valeur et est plus facilement compromis. Cette politique d&rsquo;\u00e9thique d\u00e9finit les principes qui r\u00e9gissent notre fa\u00e7on de travailler, de g\u00e9rer les conflits d&rsquo;int\u00e9r\u00eats et...","og_url":"https:\/\/blog.express-cbd.com\/fr\/politique-dethique\/","og_site_name":"Express CBD Blog","article_modified_time":"2026-04-28T16:05:53+00:00","og_image":[{"width":2560,"height":1533,"url":"https:\/\/blog.express-cbd.com\/wp-content\/uploads\/2026\/04\/Express-CBD-Logo-scaled.png","type":"image\/png"}],"twitter_card":"summary_large_image","twitter_site":"@ExpressCBDCom","twitter_misc":{"Dur\u00e9e de lecture estim\u00e9e":"7 minutes"},"schema":{"@context":"https:\/\/schema.org","@graph":[{"@type":["Article","BlogPosting"],"@id":"https:\/\/blog.express-cbd.com\/fr\/politique-dethique\/#article","isPartOf":{"@id":"https:\/\/blog.express-cbd.com\/fr\/politique-dethique\/"},"author":{"name":"mwaqas","@id":"https:\/\/blog.express-cbd.com\/fr\/#\/schema\/person\/78065cdeb6132989e9c08e9a8e41a9de"},"headline":"Politique d&rsquo;\u00e9thique","datePublished":"2026-04-28T14:32:38+00:00","dateModified":"2026-04-28T16:05:53+00:00","mainEntityOfPage":{"@id":"https:\/\/blog.express-cbd.com\/fr\/politique-dethique\/"},"wordCount":1367,"publisher":{"@id":"https:\/\/blog.express-cbd.com\/fr\/#organization"},"inLanguage":"fr-FR"},{"@type":"WebPage","@id":"https:\/\/blog.express-cbd.com\/fr\/politique-dethique\/","url":"https:\/\/blog.express-cbd.com\/fr\/politique-dethique\/","name":"Politique d'\u00e9thique - Express CBD Blog","isPartOf":{"@id":"https:\/\/blog.express-cbd.com\/fr\/#website"},"datePublished":"2026-04-28T14:32:38+00:00","dateModified":"2026-04-28T16:05:53+00:00","breadcrumb":{"@id":"https:\/\/blog.express-cbd.com\/fr\/politique-dethique\/#breadcrumb"},"inLanguage":"fr-FR","potentialAction":[{"@type":"ReadAction","target":["https:\/\/blog.express-cbd.com\/fr\/politique-dethique\/"]}]},{"@type":"BreadcrumbList","@id":"https:\/\/blog.express-cbd.com\/fr\/politique-dethique\/#breadcrumb","itemListElement":[{"@type":"ListItem","position":1,"name":"Express CBD Blog","item":"https:\/\/blog.express-cbd.com\/fr\/"},{"@type":"ListItem","position":2,"name":"Politique d&rsquo;\u00e9thique"}]},{"@type":"WebSite","@id":"https:\/\/blog.express-cbd.com\/fr\/#website","url":"https:\/\/blog.express-cbd.com\/fr\/","name":"Express CBD Blog","description":"Avis et Conseils d\u2019experts sur le CBD","publisher":{"@id":"https:\/\/blog.express-cbd.com\/fr\/#organization"},"potentialAction":[{"@type":"SearchAction","target":{"@type":"EntryPoint","urlTemplate":"https:\/\/blog.express-cbd.com\/fr\/?s={search_term_string}"},"query-input":{"@type":"PropertyValueSpecification","valueRequired":true,"valueName":"search_term_string"}}],"inLanguage":"fr-FR"},{"@type":"Organization","@id":"https:\/\/blog.express-cbd.com\/fr\/#organization","name":"Express CBD Blog","url":"https:\/\/blog.express-cbd.com\/fr\/","logo":{"@type":"ImageObject","inLanguage":"fr-FR","@id":"https:\/\/blog.express-cbd.com\/fr\/#\/schema\/logo\/image\/","url":"https:\/\/blog.express-cbd.com\/wp-content\/uploads\/2023\/04\/Express-CBD-Blog.png","contentUrl":"https:\/\/blog.express-cbd.com\/wp-content\/uploads\/2023\/04\/Express-CBD-Blog.png","width":3596,"height":2154,"caption":"Express CBD Blog"},"image":{"@id":"https:\/\/blog.express-cbd.com\/fr\/#\/schema\/logo\/image\/"},"sameAs":["https:\/\/x.com\/ExpressCBDCom","https:\/\/www.threads.com\/@expresscbdcom","https:\/\/www.instagram.com\/expresscbdcom"],"description":"Express CBD is a UK online shop offering premium CBD oils, capsules, vapes, edibles, skincare, and vaping products from hundreds of trusted brands.","email":"info@express-cbd.com","legalName":"Express CBD","foundingDate":"2023-03-02","numberOfEmployees":{"@type":"QuantitativeValue","minValue":"1","maxValue":"10"},"publishingPrinciples":"https:\/\/blog.express-cbd.com\/publishing-principles\/","ownershipFundingInfo":"https:\/\/blog.express-cbd.com\/ownership-funding\/","actionableFeedbackPolicy":"https:\/\/blog.express-cbd.com\/feedback\/","correctionsPolicy":"https:\/\/blog.express-cbd.com\/corrections-policy\/","ethicsPolicy":"https:\/\/blog.express-cbd.com\/ethics-policy\/"},{"@type":"Person","@id":"https:\/\/blog.express-cbd.com\/fr\/#\/schema\/person\/78065cdeb6132989e9c08e9a8e41a9de","name":"mwaqas","image":{"@type":"ImageObject","inLanguage":"fr-FR","@id":"https:\/\/secure.gravatar.com\/avatar\/2a30f733013cda40b9c7ec618bcc992b00abc66beb99013a7ed31247a19de5ee?s=96&d=mm&r=g","url":"https:\/\/secure.gravatar.com\/avatar\/2a30f733013cda40b9c7ec618bcc992b00abc66beb99013a7ed31247a19de5ee?s=96&d=mm&r=g","contentUrl":"https:\/\/secure.gravatar.com\/avatar\/2a30f733013cda40b9c7ec618bcc992b00abc66beb99013a7ed31247a19de5ee?s=96&d=mm&r=g","caption":"mwaqas"},"sameAs":["http:\/\/blog.express-cbd.com"],"url":"https:\/\/blog.express-cbd.com\/fr\/author\/mwaqas\/"}]}},"_links":{"self":[{"href":"https:\/\/blog.express-cbd.com\/fr\/wp-json\/wp\/v2\/pages\/19370","targetHints":{"allow":["GET"]}}],"collection":[{"href":"https:\/\/blog.express-cbd.com\/fr\/wp-json\/wp\/v2\/pages"}],"about":[{"href":"https:\/\/blog.express-cbd.com\/fr\/wp-json\/wp\/v2\/types\/page"}],"author":[{"embeddable":true,"href":"https:\/\/blog.express-cbd.com\/fr\/wp-json\/wp\/v2\/users\/1"}],"replies":[{"embeddable":true,"href":"https:\/\/blog.express-cbd.com\/fr\/wp-json\/wp\/v2\/comments?post=19370"}],"version-history":[{"count":1,"href":"https:\/\/blog.express-cbd.com\/fr\/wp-json\/wp\/v2\/pages\/19370\/revisions"}],"predecessor-version":[{"id":19372,"href":"https:\/\/blog.express-cbd.com\/fr\/wp-json\/wp\/v2\/pages\/19370\/revisions\/19372"}],"wp:attachment":[{"href":"https:\/\/blog.express-cbd.com\/fr\/wp-json\/wp\/v2\/media?parent=19370"}],"curies":[{"name":"wp","href":"https:\/\/api.w.org\/{rel}","templated":true}]}}