{"id":19383,"date":"2026-04-28T14:30:54","date_gmt":"2026-04-28T14:30:54","guid":{"rendered":"https:\/\/blog.express-cbd.com\/politique-correctionnelle\/"},"modified":"2026-04-28T16:06:03","modified_gmt":"2026-04-28T16:06:03","slug":"politique-correctionnelle","status":"publish","type":"page","link":"https:\/\/blog.express-cbd.com\/fr\/politique-correctionnelle\/","title":{"rendered":"Politique correctionnelle"},"content":{"rendered":"\n<hr class=\"wp-block-separator has-alpha-channel-opacity\"\/>\n\n<h2 class=\"wp-block-heading\" id=\"h-corrections-policy-express-cbd-blog\">Politique correctionnelle &#8211; Express CBD Blog<\/h2>\n\n<h3 class=\"wp-block-heading\" id=\"h-our-approach-to-corrections\">Notre approche de l&rsquo;administration p\u00e9nitentiaire<\/h3>\n\n<p>Nous nous effor\u00e7ons de faire les choses correctement d\u00e8s la premi\u00e8re fois. Lorsque ce n&rsquo;est pas le cas, nous corrigeons le document &#8211; ouvertement, rapidement et sans essayer de cacher qu&rsquo;une erreur s&rsquo;est produite. Les modifications discr\u00e8tes qui ne laissent aucune trace sapent la confiance des lecteurs. La pr\u00e9sente politique explique comment nous traitons les erreurs et comment vous pouvez en signaler une.   <\/p>\n\n<hr class=\"wp-block-separator has-alpha-channel-opacity\"\/>\n\n<h3 class=\"wp-block-heading\" id=\"h-types-of-corrections\">Types de corrections<\/h3>\n\n<p><strong>Erreurs factuelles.<\/strong>  Un chiffre, une date, un nom, une sp\u00e9cification de produit ou une d\u00e9claration de fait erron\u00e9s. Ces erreurs sont corrig\u00e9es d\u00e8s qu&rsquo;elles sont v\u00e9rifi\u00e9es et une note de correction est ajout\u00e9e \u00e0 l&rsquo;article. <\/p>\n\n<p><strong>Informations obsol\u00e8tes.<\/strong>  La l\u00e9gislation sur le CBD, la formulation des produits et leur disponibilit\u00e9 sur le march\u00e9 changent r\u00e9guli\u00e8rement sur nos march\u00e9s d&rsquo;\u00e9dition. Le contenu qui \u00e9tait exact au moment de la publication peut devenir trompeur au fil du temps. Lorsque nous le constatons &#8211; par notre \u00e9quipe ou par un lecteur &#8211; nous mettons \u00e0 jour le contenu et indiquons la date de r\u00e9vision.  <\/p>\n\n<p><strong>Un cadrage trompeur.<\/strong>  Il arrive que certains faits soient corrects, mais que l&rsquo;impression g\u00e9n\u00e9rale qui se d\u00e9gage de l&rsquo;article ne le soit pas. Si nous d\u00e9terminons qu&rsquo;un article induit en erreur par omission, d\u00e9s\u00e9quilibre ou cadrage, nous le r\u00e9viserons et expliquerons ce qui a chang\u00e9. <\/p>\n\n<p><strong>Erreurs de traduction.<\/strong>  Nous publions en huit langues. Les erreurs introduites lors de la traduction &#8211; qu&rsquo;il s&rsquo;agisse du sens, du ton ou du contexte juridique &#8211; sont trait\u00e9es de la m\u00eame mani\u00e8re que les erreurs dans le contenu original. <\/p>\n\n<p><strong>Erreurs mineures.<\/strong>  Les fautes d&rsquo;orthographe, les liens bris\u00e9s, les probl\u00e8mes de formatage et autres probl\u00e8mes similaires non substantiels sont corrig\u00e9s discr\u00e8tement sans avis de correction formel, car ils n&rsquo;affectent pas le sens ou l&rsquo;exactitude du texte.<\/p>\n\n<hr class=\"wp-block-separator has-alpha-channel-opacity\"\/>\n\n<h3 class=\"wp-block-heading\" id=\"h-how-corrections-are-made\">Comment les corrections sont-elles effectu\u00e9es ?<\/h3>\n\n<p>Lorsqu&rsquo;une correction substantielle est n\u00e9cessaire, nous suivons les \u00e9tapes suivantes :<\/p>\n\n<p><strong>1. V\u00e9rifiez l&rsquo;erreur.<\/strong>  Nous examinons la demande, v\u00e9rifions la source originale et confirmons si une correction est justifi\u00e9e. Nous ne proc\u00e9dons pas \u00e0 des corrections sur la base d&rsquo;une opinion ou d&rsquo;une pression commerciale. <\/p>\n\n<p><strong>2. Mettez \u00e0 jour le contenu.<\/strong>  L&rsquo;article est modifi\u00e9 pour refl\u00e9ter l&rsquo;information exacte.<\/p>\n\n<p><strong>3. Ajoutez un avis de correction.<\/strong>  Une note clairement \u00e9tiquet\u00e9e est ajout\u00e9e en haut de l&rsquo;article, avec la mention suivante :<\/p>\n\n<ul class=\"wp-block-list\">\n<li>La date \u00e0 laquelle la correction a \u00e9t\u00e9 effectu\u00e9e<\/li>\n\n\n\n<li>Ce qui n&rsquo;\u00e9tait pas correct<\/li>\n\n\n\n<li>Quelles sont les informations correctes ?<\/li>\n<\/ul>\n\n<p>Nous ne supprimons pas le texte original incorrect sans le divulguer. Lorsque le contexte l&rsquo;exige, le texte original peut figurer \u00e0 c\u00f4t\u00e9 de la correction. <\/p>\n\n<p><strong>4. Pr\u00e9venez le journaliste.<\/strong>  Si la correction a \u00e9t\u00e9 soumise par un lecteur, nous l&rsquo;informons qu&rsquo;elle a \u00e9t\u00e9 prise en compte.<\/p>\n\n<hr class=\"wp-block-separator has-alpha-channel-opacity\"\/>\n\n<h3 class=\"wp-block-heading\" id=\"h-correction-notice-format\">Format de l&rsquo;avis de correction<\/h3>\n\n<p>Les corrections apparaissent en t\u00eate de l&rsquo;article concern\u00e9 dans le format suivant :<\/p>\n\n<blockquote class=\"wp-block-quote\">\n<p><strong>Correction &#8211; [Date] :<\/strong> Une version ant\u00e9rieure de cet article indiquait [X]. Ce n&rsquo;\u00e9tait pas le cas. L&rsquo;information correcte est [Y]. L&rsquo;article a \u00e9t\u00e9 mis \u00e0 jour en cons\u00e9quence.   <\/p>\n<\/blockquote>\n\n<hr class=\"wp-block-separator has-alpha-channel-opacity\"\/>\n\n<h3 class=\"wp-block-heading\" id=\"h-how-to-report-an-error\">Comment signaler une erreur<\/h3>\n\n<p>Si vous pensez que quelque chose que nous avons publi\u00e9 est inexact, veuillez nous contacter :<\/p>\n\n<p><strong><a href=\"https:\/\/blog.express-cbd.com\/fr\/contactez-nous\/\">Signaler une erreur \u2192 blog.express-cbd.com\/contact-us\/<\/a><\/strong><\/p>\n\n<p>Pour nous aider \u00e0 enqu\u00eater efficacement, veuillez inclure<\/p>\n\n<ul class=\"wp-block-list\">\n<li>L&rsquo;URL de l&rsquo;article contenant l&rsquo;erreur<\/li>\n\n\n\n<li>L&rsquo;affirmation ou le passage sp\u00e9cifique que vous estimez incorrect<\/li>\n\n\n\n<li>Ce que vous pensez \u00eatre l&rsquo;information correcte<\/li>\n\n\n\n<li>Toute source ou preuve \u00e0 laquelle vous pouvez faire r\u00e9f\u00e9rence<\/li>\n<\/ul>\n\n<p>Les rapports anonymes sont accept\u00e9s, mais le fait de fournir des coordonn\u00e9es nous permet de vous tenir au courant des r\u00e9sultats.<\/p>\n\n<hr class=\"wp-block-separator has-alpha-channel-opacity\"\/>\n\n<h3 class=\"wp-block-heading\" id=\"h-response-timelines\">D\u00e9lais de r\u00e9ponse<\/h3>\n\n<figure class=\"wp-block-table\"><table class=\"has-fixed-layout\"><thead><tr><th>Stade<\/th><th>P\u00e9riode cible<\/th><\/tr><\/thead><tbody><tr><td>Reconnaissance du rapport<\/td><td>Dans les 3 jours ouvrables<\/td><\/tr><tr><td>Enqu\u00eate termin\u00e9e<\/td><td>Dans les 10 jours ouvrables<\/td><\/tr><tr><td>Correction publi\u00e9e (si confirm\u00e9e)<\/td><td>D\u00e8s que la v\u00e9rification est faite &#8211; souvent le jour m\u00eame<\/td><\/tr><\/tbody><\/table><\/figure>\n\n<p>Pour les erreurs factuelles \u00e9videntes et solidement \u00e9tay\u00e9es, nous nous effor\u00e7ons de les corriger dans les 24 heures suivant la v\u00e9rification.<\/p>\n\n<hr class=\"wp-block-separator has-alpha-channel-opacity\"\/>\n\n<h3 class=\"wp-block-heading\" id=\"h-what-we-don-t-correct\">Ce que nous ne corrigeons pas<\/h3>\n\n<p>Toute contestation de notre contenu ne donne pas lieu \u00e0 une correction. Nous ne modifions pas les articles sur la base de : <\/p>\n\n<ul class=\"wp-block-list\">\n<li>D\u00e9saccord personnel avec une conclusion ou une opinion \u00e9ditoriale<\/li>\n\n\n\n<li>Demandes commerciales \u00e9manant de marques ou de repr\u00e9sentants des relations publiques sans justification factuelle<\/li>\n\n\n\n<li>Pression pour enlever une couverture pr\u00e9cise mais peu flatteuse<\/li>\n\n\n\n<li>Affirmations non \u00e9tay\u00e9es sans preuves \u00e0 l&rsquo;appui<\/li>\n<\/ul>\n\n<p>Si nous examinons un rapport et d\u00e9terminons qu&rsquo;aucune correction n&rsquo;est n\u00e9cessaire, nous expliquerons notre raisonnement de mani\u00e8re claire et respectueuse.<\/p>\n\n<hr class=\"wp-block-separator has-alpha-channel-opacity\"\/>\n\n<h3 class=\"wp-block-heading\" id=\"h-appeals\">Recours<\/h3>\n\n<p>Si vous avez soumis une demande de correction et que vous n&rsquo;\u00eates pas d&rsquo;accord avec notre d\u00e9cision de ne pas y donner suite, vous pouvez demander un second examen en l&rsquo;indiquant dans un message de suivi via la m\u00eame page de contact. Les secondes r\u00e9visions sont trait\u00e9es par un membre senior de l&rsquo;\u00e9quipe \u00e9ditoriale qui n&rsquo;a pas \u00e9t\u00e9 impliqu\u00e9 dans la d\u00e9cision initiale. <\/p>\n\n<hr class=\"wp-block-separator has-alpha-channel-opacity\"\/>\n\n<h3 class=\"wp-block-heading\" id=\"h-proactive-corrections\">Corrections proactives<\/h3>\n\n<p>Nous n&rsquo;attendons pas que les lecteurs identifient les erreurs. Notre \u00e9quipe \u00e9ditoriale proc\u00e8de \u00e0 des r\u00e9visions p\u00e9riodiques du contenu publi\u00e9, en particulier des articles portant sur la l\u00e9gislation relative au CBD, les sp\u00e9cifications des produits et les all\u00e9gations relatives \u00e0 la sant\u00e9, afin de s&rsquo;assurer que l&rsquo;exactitude est maintenue au fil du temps. Lorsque des erreurs sont d\u00e9tect\u00e9es en interne, elles sont corrig\u00e9es selon le m\u00eame processus que celui d\u00e9crit ci-dessus.  <\/p>\n\n<hr class=\"wp-block-separator has-alpha-channel-opacity\"\/>\n\n<p><em>Derni\u00e8re r\u00e9vision : Avril 2026<\/em> <em>Pour signaler une erreur : <a href=\"https:\/\/blog.express-cbd.com\/fr\/contactez-nous\/\">blog.express-cbd.com\/contact-us\/<\/a><\/em><\/p>\n<p style=\"text-align: center\"><a href=\"https:\/\/express-cbd.com\" target=\"_blank\">Visit Express CBD Store<\/a><\/p>","protected":false},"excerpt":{"rendered":"<p>Politique correctionnelle &#8211; Express CBD Blog Notre approche de l&rsquo;administration p\u00e9nitentiaire Nous nous effor\u00e7ons de faire les choses correctement d\u00e8s la premi\u00e8re fois. Lorsque ce n&rsquo;est pas le cas, nous corrigeons le document &#8211; ouvertement, rapidement et sans essayer de cacher qu&rsquo;une erreur s&rsquo;est produite. Les modifications discr\u00e8tes qui ne laissent aucune trace sapent la&#8230;<\/p>\n","protected":false},"author":1,"featured_media":0,"parent":0,"menu_order":0,"comment_status":"closed","ping_status":"closed","template":"","meta":{"footnotes":""},"class_list":["post-19383","page","type-page","status-publish","hentry"],"yoast_head":"<!-- This site is optimized with the Yoast SEO Premium plugin v27.5 (Yoast SEO v27.5) - https:\/\/yoast.com\/product\/yoast-seo-premium-wordpress\/ -->\n<title>Politique correctionnelle - Express CBD Blog<\/title>\n<meta name=\"robots\" content=\"index, follow, max-snippet:-1, max-image-preview:large, max-video-preview:-1\" \/>\n<link rel=\"canonical\" href=\"https:\/\/blog.express-cbd.com\/fr\/politique-correctionnelle\/\" \/>\n<meta property=\"og:locale\" content=\"fr_FR\" \/>\n<meta property=\"og:type\" content=\"article\" \/>\n<meta property=\"og:title\" content=\"Politique correctionnelle\" \/>\n<meta property=\"og:description\" content=\"Politique correctionnelle &#8211; Express CBD Blog Notre approche de l&rsquo;administration p\u00e9nitentiaire Nous nous effor\u00e7ons de faire les choses correctement d\u00e8s la premi\u00e8re fois. Lorsque ce n&rsquo;est pas le cas, nous corrigeons le document &#8211; ouvertement, rapidement et sans essayer de cacher qu&rsquo;une erreur s&rsquo;est produite. Les modifications discr\u00e8tes qui ne laissent aucune trace sapent la...\" \/>\n<meta property=\"og:url\" content=\"https:\/\/blog.express-cbd.com\/fr\/politique-correctionnelle\/\" \/>\n<meta property=\"og:site_name\" content=\"Express CBD Blog\" \/>\n<meta property=\"article:modified_time\" content=\"2026-04-28T16:06:03+00:00\" \/>\n<meta property=\"og:image\" content=\"https:\/\/blog.express-cbd.com\/wp-content\/uploads\/2026\/04\/Express-CBD-Logo-scaled.png\" \/>\n\t<meta property=\"og:image:width\" content=\"2560\" \/>\n\t<meta property=\"og:image:height\" content=\"1533\" \/>\n\t<meta property=\"og:image:type\" content=\"image\/png\" \/>\n<meta name=\"twitter:card\" content=\"summary_large_image\" \/>\n<meta name=\"twitter:site\" content=\"@ExpressCBDCom\" \/>\n<meta name=\"twitter:label1\" content=\"Dur\u00e9e de lecture estim\u00e9e\" \/>\n\t<meta name=\"twitter:data1\" content=\"5 minutes\" \/>\n<script type=\"application\/ld+json\" class=\"yoast-schema-graph\">{\"@context\":\"https:\\\/\\\/schema.org\",\"@graph\":[{\"@type\":[\"Article\",\"BlogPosting\"],\"@id\":\"https:\\\/\\\/blog.express-cbd.com\\\/fr\\\/politique-correctionnelle\\\/#article\",\"isPartOf\":{\"@id\":\"https:\\\/\\\/blog.express-cbd.com\\\/fr\\\/politique-correctionnelle\\\/\"},\"author\":{\"name\":\"mwaqas\",\"@id\":\"https:\\\/\\\/blog.express-cbd.com\\\/fr\\\/#\\\/schema\\\/person\\\/78065cdeb6132989e9c08e9a8e41a9de\"},\"headline\":\"Politique correctionnelle\",\"datePublished\":\"2026-04-28T14:30:54+00:00\",\"dateModified\":\"2026-04-28T16:06:03+00:00\",\"mainEntityOfPage\":{\"@id\":\"https:\\\/\\\/blog.express-cbd.com\\\/fr\\\/politique-correctionnelle\\\/\"},\"wordCount\":950,\"publisher\":{\"@id\":\"https:\\\/\\\/blog.express-cbd.com\\\/fr\\\/#organization\"},\"inLanguage\":\"fr-FR\"},{\"@type\":\"WebPage\",\"@id\":\"https:\\\/\\\/blog.express-cbd.com\\\/fr\\\/politique-correctionnelle\\\/\",\"url\":\"https:\\\/\\\/blog.express-cbd.com\\\/fr\\\/politique-correctionnelle\\\/\",\"name\":\"Politique correctionnelle - Express CBD Blog\",\"isPartOf\":{\"@id\":\"https:\\\/\\\/blog.express-cbd.com\\\/fr\\\/#website\"},\"datePublished\":\"2026-04-28T14:30:54+00:00\",\"dateModified\":\"2026-04-28T16:06:03+00:00\",\"breadcrumb\":{\"@id\":\"https:\\\/\\\/blog.express-cbd.com\\\/fr\\\/politique-correctionnelle\\\/#breadcrumb\"},\"inLanguage\":\"fr-FR\",\"potentialAction\":[{\"@type\":\"ReadAction\",\"target\":[\"https:\\\/\\\/blog.express-cbd.com\\\/fr\\\/politique-correctionnelle\\\/\"]}]},{\"@type\":\"BreadcrumbList\",\"@id\":\"https:\\\/\\\/blog.express-cbd.com\\\/fr\\\/politique-correctionnelle\\\/#breadcrumb\",\"itemListElement\":[{\"@type\":\"ListItem\",\"position\":1,\"name\":\"Express CBD Blog\",\"item\":\"https:\\\/\\\/blog.express-cbd.com\\\/fr\\\/\"},{\"@type\":\"ListItem\",\"position\":2,\"name\":\"Politique correctionnelle\"}]},{\"@type\":\"WebSite\",\"@id\":\"https:\\\/\\\/blog.express-cbd.com\\\/fr\\\/#website\",\"url\":\"https:\\\/\\\/blog.express-cbd.com\\\/fr\\\/\",\"name\":\"Express CBD Blog\",\"description\":\"Avis et Conseils d\u2019experts sur le CBD\",\"publisher\":{\"@id\":\"https:\\\/\\\/blog.express-cbd.com\\\/fr\\\/#organization\"},\"potentialAction\":[{\"@type\":\"SearchAction\",\"target\":{\"@type\":\"EntryPoint\",\"urlTemplate\":\"https:\\\/\\\/blog.express-cbd.com\\\/fr\\\/?s={search_term_string}\"},\"query-input\":{\"@type\":\"PropertyValueSpecification\",\"valueRequired\":true,\"valueName\":\"search_term_string\"}}],\"inLanguage\":\"fr-FR\"},{\"@type\":\"Organization\",\"@id\":\"https:\\\/\\\/blog.express-cbd.com\\\/fr\\\/#organization\",\"name\":\"Express CBD Blog\",\"url\":\"https:\\\/\\\/blog.express-cbd.com\\\/fr\\\/\",\"logo\":{\"@type\":\"ImageObject\",\"inLanguage\":\"fr-FR\",\"@id\":\"https:\\\/\\\/blog.express-cbd.com\\\/fr\\\/#\\\/schema\\\/logo\\\/image\\\/\",\"url\":\"https:\\\/\\\/blog.express-cbd.com\\\/wp-content\\\/uploads\\\/2023\\\/04\\\/Express-CBD-Blog.png\",\"contentUrl\":\"https:\\\/\\\/blog.express-cbd.com\\\/wp-content\\\/uploads\\\/2023\\\/04\\\/Express-CBD-Blog.png\",\"width\":3596,\"height\":2154,\"caption\":\"Express CBD Blog\"},\"image\":{\"@id\":\"https:\\\/\\\/blog.express-cbd.com\\\/fr\\\/#\\\/schema\\\/logo\\\/image\\\/\"},\"sameAs\":[\"https:\\\/\\\/x.com\\\/ExpressCBDCom\",\"https:\\\/\\\/www.threads.com\\\/@expresscbdcom\",\"https:\\\/\\\/www.instagram.com\\\/expresscbdcom\"],\"description\":\"Express CBD is a UK online shop offering premium CBD oils, capsules, vapes, edibles, skincare, and vaping products from hundreds of trusted brands.\",\"email\":\"info@express-cbd.com\",\"legalName\":\"Express CBD\",\"foundingDate\":\"2023-03-02\",\"numberOfEmployees\":{\"@type\":\"QuantitativeValue\",\"minValue\":\"1\",\"maxValue\":\"10\"},\"publishingPrinciples\":\"https:\\\/\\\/blog.express-cbd.com\\\/publishing-principles\\\/\",\"ownershipFundingInfo\":\"https:\\\/\\\/blog.express-cbd.com\\\/ownership-funding\\\/\",\"actionableFeedbackPolicy\":\"https:\\\/\\\/blog.express-cbd.com\\\/feedback\\\/\",\"correctionsPolicy\":\"https:\\\/\\\/blog.express-cbd.com\\\/corrections-policy\\\/\",\"ethicsPolicy\":\"https:\\\/\\\/blog.express-cbd.com\\\/ethics-policy\\\/\"},{\"@type\":\"Person\",\"@id\":\"https:\\\/\\\/blog.express-cbd.com\\\/fr\\\/#\\\/schema\\\/person\\\/78065cdeb6132989e9c08e9a8e41a9de\",\"name\":\"mwaqas\",\"image\":{\"@type\":\"ImageObject\",\"inLanguage\":\"fr-FR\",\"@id\":\"https:\\\/\\\/secure.gravatar.com\\\/avatar\\\/2a30f733013cda40b9c7ec618bcc992b00abc66beb99013a7ed31247a19de5ee?s=96&d=mm&r=g\",\"url\":\"https:\\\/\\\/secure.gravatar.com\\\/avatar\\\/2a30f733013cda40b9c7ec618bcc992b00abc66beb99013a7ed31247a19de5ee?s=96&d=mm&r=g\",\"contentUrl\":\"https:\\\/\\\/secure.gravatar.com\\\/avatar\\\/2a30f733013cda40b9c7ec618bcc992b00abc66beb99013a7ed31247a19de5ee?s=96&d=mm&r=g\",\"caption\":\"mwaqas\"},\"sameAs\":[\"http:\\\/\\\/blog.express-cbd.com\"],\"url\":\"https:\\\/\\\/blog.express-cbd.com\\\/fr\\\/author\\\/mwaqas\\\/\"}]}<\/script>\n<!-- \/ Yoast SEO Premium plugin. -->","yoast_head_json":{"title":"Politique correctionnelle - Express CBD Blog","robots":{"index":"index","follow":"follow","max-snippet":"max-snippet:-1","max-image-preview":"max-image-preview:large","max-video-preview":"max-video-preview:-1"},"canonical":"https:\/\/blog.express-cbd.com\/fr\/politique-correctionnelle\/","og_locale":"fr_FR","og_type":"article","og_title":"Politique correctionnelle","og_description":"Politique correctionnelle &#8211; Express CBD Blog Notre approche de l&rsquo;administration p\u00e9nitentiaire Nous nous effor\u00e7ons de faire les choses correctement d\u00e8s la premi\u00e8re fois. Lorsque ce n&rsquo;est pas le cas, nous corrigeons le document &#8211; ouvertement, rapidement et sans essayer de cacher qu&rsquo;une erreur s&rsquo;est produite. Les modifications discr\u00e8tes qui ne laissent aucune trace sapent la...","og_url":"https:\/\/blog.express-cbd.com\/fr\/politique-correctionnelle\/","og_site_name":"Express CBD Blog","article_modified_time":"2026-04-28T16:06:03+00:00","og_image":[{"width":2560,"height":1533,"url":"https:\/\/blog.express-cbd.com\/wp-content\/uploads\/2026\/04\/Express-CBD-Logo-scaled.png","type":"image\/png"}],"twitter_card":"summary_large_image","twitter_site":"@ExpressCBDCom","twitter_misc":{"Dur\u00e9e de lecture estim\u00e9e":"5 minutes"},"schema":{"@context":"https:\/\/schema.org","@graph":[{"@type":["Article","BlogPosting"],"@id":"https:\/\/blog.express-cbd.com\/fr\/politique-correctionnelle\/#article","isPartOf":{"@id":"https:\/\/blog.express-cbd.com\/fr\/politique-correctionnelle\/"},"author":{"name":"mwaqas","@id":"https:\/\/blog.express-cbd.com\/fr\/#\/schema\/person\/78065cdeb6132989e9c08e9a8e41a9de"},"headline":"Politique correctionnelle","datePublished":"2026-04-28T14:30:54+00:00","dateModified":"2026-04-28T16:06:03+00:00","mainEntityOfPage":{"@id":"https:\/\/blog.express-cbd.com\/fr\/politique-correctionnelle\/"},"wordCount":950,"publisher":{"@id":"https:\/\/blog.express-cbd.com\/fr\/#organization"},"inLanguage":"fr-FR"},{"@type":"WebPage","@id":"https:\/\/blog.express-cbd.com\/fr\/politique-correctionnelle\/","url":"https:\/\/blog.express-cbd.com\/fr\/politique-correctionnelle\/","name":"Politique correctionnelle - Express CBD Blog","isPartOf":{"@id":"https:\/\/blog.express-cbd.com\/fr\/#website"},"datePublished":"2026-04-28T14:30:54+00:00","dateModified":"2026-04-28T16:06:03+00:00","breadcrumb":{"@id":"https:\/\/blog.express-cbd.com\/fr\/politique-correctionnelle\/#breadcrumb"},"inLanguage":"fr-FR","potentialAction":[{"@type":"ReadAction","target":["https:\/\/blog.express-cbd.com\/fr\/politique-correctionnelle\/"]}]},{"@type":"BreadcrumbList","@id":"https:\/\/blog.express-cbd.com\/fr\/politique-correctionnelle\/#breadcrumb","itemListElement":[{"@type":"ListItem","position":1,"name":"Express CBD Blog","item":"https:\/\/blog.express-cbd.com\/fr\/"},{"@type":"ListItem","position":2,"name":"Politique correctionnelle"}]},{"@type":"WebSite","@id":"https:\/\/blog.express-cbd.com\/fr\/#website","url":"https:\/\/blog.express-cbd.com\/fr\/","name":"Express CBD Blog","description":"Avis et Conseils d\u2019experts sur le CBD","publisher":{"@id":"https:\/\/blog.express-cbd.com\/fr\/#organization"},"potentialAction":[{"@type":"SearchAction","target":{"@type":"EntryPoint","urlTemplate":"https:\/\/blog.express-cbd.com\/fr\/?s={search_term_string}"},"query-input":{"@type":"PropertyValueSpecification","valueRequired":true,"valueName":"search_term_string"}}],"inLanguage":"fr-FR"},{"@type":"Organization","@id":"https:\/\/blog.express-cbd.com\/fr\/#organization","name":"Express CBD Blog","url":"https:\/\/blog.express-cbd.com\/fr\/","logo":{"@type":"ImageObject","inLanguage":"fr-FR","@id":"https:\/\/blog.express-cbd.com\/fr\/#\/schema\/logo\/image\/","url":"https:\/\/blog.express-cbd.com\/wp-content\/uploads\/2023\/04\/Express-CBD-Blog.png","contentUrl":"https:\/\/blog.express-cbd.com\/wp-content\/uploads\/2023\/04\/Express-CBD-Blog.png","width":3596,"height":2154,"caption":"Express CBD Blog"},"image":{"@id":"https:\/\/blog.express-cbd.com\/fr\/#\/schema\/logo\/image\/"},"sameAs":["https:\/\/x.com\/ExpressCBDCom","https:\/\/www.threads.com\/@expresscbdcom","https:\/\/www.instagram.com\/expresscbdcom"],"description":"Express CBD is a UK online shop offering premium CBD oils, capsules, vapes, edibles, skincare, and vaping products from hundreds of trusted brands.","email":"info@express-cbd.com","legalName":"Express CBD","foundingDate":"2023-03-02","numberOfEmployees":{"@type":"QuantitativeValue","minValue":"1","maxValue":"10"},"publishingPrinciples":"https:\/\/blog.express-cbd.com\/publishing-principles\/","ownershipFundingInfo":"https:\/\/blog.express-cbd.com\/ownership-funding\/","actionableFeedbackPolicy":"https:\/\/blog.express-cbd.com\/feedback\/","correctionsPolicy":"https:\/\/blog.express-cbd.com\/corrections-policy\/","ethicsPolicy":"https:\/\/blog.express-cbd.com\/ethics-policy\/"},{"@type":"Person","@id":"https:\/\/blog.express-cbd.com\/fr\/#\/schema\/person\/78065cdeb6132989e9c08e9a8e41a9de","name":"mwaqas","image":{"@type":"ImageObject","inLanguage":"fr-FR","@id":"https:\/\/secure.gravatar.com\/avatar\/2a30f733013cda40b9c7ec618bcc992b00abc66beb99013a7ed31247a19de5ee?s=96&d=mm&r=g","url":"https:\/\/secure.gravatar.com\/avatar\/2a30f733013cda40b9c7ec618bcc992b00abc66beb99013a7ed31247a19de5ee?s=96&d=mm&r=g","contentUrl":"https:\/\/secure.gravatar.com\/avatar\/2a30f733013cda40b9c7ec618bcc992b00abc66beb99013a7ed31247a19de5ee?s=96&d=mm&r=g","caption":"mwaqas"},"sameAs":["http:\/\/blog.express-cbd.com"],"url":"https:\/\/blog.express-cbd.com\/fr\/author\/mwaqas\/"}]}},"_links":{"self":[{"href":"https:\/\/blog.express-cbd.com\/fr\/wp-json\/wp\/v2\/pages\/19383","targetHints":{"allow":["GET"]}}],"collection":[{"href":"https:\/\/blog.express-cbd.com\/fr\/wp-json\/wp\/v2\/pages"}],"about":[{"href":"https:\/\/blog.express-cbd.com\/fr\/wp-json\/wp\/v2\/types\/page"}],"author":[{"embeddable":true,"href":"https:\/\/blog.express-cbd.com\/fr\/wp-json\/wp\/v2\/users\/1"}],"replies":[{"embeddable":true,"href":"https:\/\/blog.express-cbd.com\/fr\/wp-json\/wp\/v2\/comments?post=19383"}],"version-history":[{"count":1,"href":"https:\/\/blog.express-cbd.com\/fr\/wp-json\/wp\/v2\/pages\/19383\/revisions"}],"predecessor-version":[{"id":19384,"href":"https:\/\/blog.express-cbd.com\/fr\/wp-json\/wp\/v2\/pages\/19383\/revisions\/19384"}],"wp:attachment":[{"href":"https:\/\/blog.express-cbd.com\/fr\/wp-json\/wp\/v2\/media?parent=19383"}],"curies":[{"name":"wp","href":"https:\/\/api.w.org\/{rel}","templated":true}]}}