{"id":19348,"date":"2026-04-28T14:14:33","date_gmt":"2026-04-28T14:14:33","guid":{"rendered":"https:\/\/blog.express-cbd.com\/principi-di-pubblicazione\/"},"modified":"2026-04-28T16:05:12","modified_gmt":"2026-04-28T16:05:12","slug":"principi-di-pubblicazione","status":"publish","type":"page","link":"https:\/\/blog.express-cbd.com\/it\/principi-di-pubblicazione\/","title":{"rendered":"Principi di pubblicazione"},"content":{"rendered":"\n<h3 class=\"wp-block-heading\" id=\"h-our-mission\">La nostra missione<\/h3>\n\n<p>Il blog di Express CBD esiste per aiutare le persone comuni a prendere decisioni informate e sicure sul CBD. Ci facciamo largo tra i rumori con contenuti chiari, onesti e sostenuti da esperti, sia che si tratti dell&#8217;acquisto del primo olio di CBD sia che si cerchi un approfondimento sui profili dei terpeni. <\/p>\n\n<hr class=\"wp-block-separator has-alpha-channel-opacity\"\/>\n\n<h3 class=\"wp-block-heading\" id=\"h-editorial-independence\">Indipendenza editoriale<\/h3>\n\n<p>I nostri contenuti editoriali sono guidati dal valore dei lettori, non da interessi commerciali. Sebbene il Blog Express CBD sia collegato al negozio Express CBD, le nostre recensioni, i confronti e gli articoli educativi sono scritti in modo obiettivo. Non favoriamo i prodotti solo perch\u00e9 sono disponibili nel nostro negozio. Se qualcosa non funziona bene, lo diciamo.   <\/p>\n\n<hr class=\"wp-block-separator has-alpha-channel-opacity\"\/>\n\n<h3 class=\"wp-block-heading\" id=\"h-accuracy-amp-evidence-standards\">Standard di accuratezza e di evidenza<\/h3>\n\n<p>Prendiamo sul serio l&#8217;accuratezza in uno spazio spesso pieno di disinformazione.<\/p>\n\n<ul class=\"wp-block-list\">\n<li>Tutte le indicazioni relative alla salute si basano su ricerche scientifiche disponibili o su studi sottoposti a revisione paritaria e sono chiaramente attribuite.<\/li>\n\n\n\n<li>Distinguiamo tra ci\u00f2 che \u00e8 clinicamente stabilito, ci\u00f2 che \u00e8 emergente e ci\u00f2 che \u00e8 aneddotico.<\/li>\n\n\n\n<li>Non forniamo indicazioni mediche n\u00e9 suggeriamo che il CBD sia un trattamento o una cura per qualsiasi condizione.<\/li>\n\n\n\n<li>Gli articoli vengono rivisti e aggiornati regolarmente per riflettere le modifiche alla normativa, alla ricerca o alla disponibilit\u00e0 del mercato.<\/li>\n<\/ul>\n\n<hr class=\"wp-block-separator has-alpha-channel-opacity\"\/>\n\n<h3 class=\"wp-block-heading\" id=\"h-transparency\">Trasparenza<\/h3>\n\n<p>Siamo sinceri su chi siamo e su come funziona questo blog.<\/p>\n\n<ul class=\"wp-block-list\">\n<li>Segnaliamo la nostra affiliazione con il negozio Express CBD.<\/li>\n\n\n\n<li>I contenuti sponsorizzati o le partnership di affiliazione, se presenti, sono chiaramente indicati.<\/li>\n\n\n\n<li>Le recensioni dei prodotti identificano se i campioni sono stati forniti da un marchio.<\/li>\n\n\n\n<li>Gli autori nominati sono persone reali con competenze rilevanti o esperienze vissute.<\/li>\n<\/ul>\n\n<hr class=\"wp-block-separator has-alpha-channel-opacity\"\/>\n\n<h3 class=\"wp-block-heading\" id=\"h-legal-responsibility\">Responsabilit\u00e0 legale<\/h3>\n\n<p>La normativa sui CBD varia a seconda dei paesi e delle lingue in cui pubblichiamo. Prendiamo questo aspetto in seria considerazione. <\/p>\n\n<ul class=\"wp-block-list\">\n<li>Ogni articolo tiene conto dello status giuridico della CBD nel territorio di riferimento al momento della pubblicazione.<\/li>\n\n\n\n<li>Non incoraggiamo l&#8217;uso di prodotti che sono illegali nella giurisdizione del lettore.<\/li>\n\n\n\n<li>Le informazioni legali sono fornite a titolo indicativo e non costituiscono una consulenza legale. I lettori sono invitati a verificare le norme locali. <\/li>\n\n\n\n<li>Per le guide legali indichiamo chiaramente il contesto nazionale (ad esempio &#8220;Olio di CBD in Scozia&#8221;, &#8220;Il CBD \u00e8 legale in Spagna?&#8221;).<\/li>\n<\/ul>\n\n<hr class=\"wp-block-separator has-alpha-channel-opacity\"\/>\n\n<h3 class=\"wp-block-heading\" id=\"h-tone-amp-voice\">Tono e voce<\/h3>\n\n<p>Scriviamo per persone curiose e reali, non per addetti ai lavori.<\/p>\n\n<ul class=\"wp-block-list\">\n<li>Il linguaggio \u00e8 semplice, diretto e privo di gergo. Quando sono necessari termini tecnici, li spieghiamo. <\/li>\n\n\n\n<li>Siamo amichevoli ma mai predicatori. Informiamo senza fare moralismi. <\/li>\n\n\n\n<li>Gli articoli sono prima di tutto pratici: i lettori devono sempre lasciare qualcosa di utile su cui agire.<\/li>\n\n\n\n<li>Non pubblicizziamo i benefici del CBD e non usiamo un linguaggio volgare.<\/li>\n<\/ul>\n\n<hr class=\"wp-block-separator has-alpha-channel-opacity\"\/>\n\n<h3 class=\"wp-block-heading\" id=\"h-content-categories\">Categorie di contenuti<\/h3>\n\n<p>I nostri contenuti si dividono in quattro tipologie principali:<\/p>\n\n<ol class=\"wp-block-list\">\n<li><strong>Educativi<\/strong>: spiegano cos&#8217;\u00e8 il CBD, come funziona, i tipi di prodotti e come usarli in modo sicuro.<\/li>\n\n\n\n<li><strong>Guide all&#8217;acquisto<\/strong> &#8211; indicazioni oneste e basate su criteri per aiutare i lettori a scegliere i prodotti pi\u00f9 adatti alle loro esigenze e al loro budget.<\/li>\n\n\n\n<li><strong>Recensioni sui prodotti<\/strong> &#8211; valutazioni indipendenti di prodotti specifici, testati in base a criteri coerenti (resistenza, ingredienti, test di laboratorio, valore).<\/li>\n\n\n\n<li><strong>Legislazione e normative<\/strong> &#8211; analisi aggiornate delle leggi CBD specifiche per ogni paese nei nostri mercati editoriali.<\/li>\n<\/ol>\n\n<hr class=\"wp-block-separator has-alpha-channel-opacity\"\/>\n\n<h3 class=\"wp-block-heading\" id=\"h-multilingual-publishing-standards\">Standard di pubblicazione multilingue<\/h3>\n\n<p>Pubblichiamo in inglese, francese, tedesco, italiano, polacco, portoghese, spagnolo e olandese. Ogni versione linguistica rispetta gli stessi standard editoriali. Le traduzioni non sono conversioni meccaniche parola per parola, ma sono adattate al contesto, alla terminologia e alle normative locali.  <\/p>\n\n<hr class=\"wp-block-separator has-alpha-channel-opacity\"\/>\n\n<h3 class=\"wp-block-heading\" id=\"h-what-we-don-t-publish\">Cosa non pubblichiamo<\/h3>\n\n<ul class=\"wp-block-list\">\n<li>Contenuti che contengono affermazioni mediche o terapeutiche non comprovate.<\/li>\n\n\n\n<li>Confronti che ingannano grazie a dati selezionati.<\/li>\n\n\n\n<li>Contenuti rivolti ai minori.<\/li>\n\n\n\n<li>Recensioni che non sono state valutate in modo indipendente.<\/li>\n\n\n\n<li>Materiale che promuove prodotti illegali nella giurisdizione del lettore.<\/li>\n<\/ul>\n\n<hr class=\"wp-block-separator has-alpha-channel-opacity\"\/>\n\n<h3 class=\"wp-block-heading\" id=\"h-corrections-policy\">Politica delle correzioni<\/h3>\n\n<p>Se sbagliamo qualcosa, lo correggiamo prontamente e in modo trasparente. Le correzioni vengono segnalate all&#8217;inizio dell&#8217;articolo aggiornato con la data di modifica. <\/p>\n\n<hr class=\"wp-block-separator has-alpha-channel-opacity\"\/>\n\n<p><em>Ultima revisione: Aprile 2026<\/em><\/p>\n<p style=\"text-align: center\"><a href=\"https:\/\/express-cbd.com\" target=\"_blank\">Visit Express CBD Store<\/a><\/p>","protected":false},"excerpt":{"rendered":"<p>La nostra missione Il blog di Express CBD esiste per aiutare le persone comuni a prendere decisioni informate e sicure sul CBD. Ci facciamo largo tra i rumori con contenuti chiari, onesti e sostenuti da esperti, sia che si tratti dell&#8217;acquisto del primo olio di CBD sia che si cerchi un approfondimento sui profili dei&#8230;<\/p>\n","protected":false},"author":1,"featured_media":0,"parent":0,"menu_order":0,"comment_status":"closed","ping_status":"closed","template":"","meta":{"footnotes":""},"class_list":["post-19348","page","type-page","status-publish","hentry"],"yoast_head":"<!-- This site is optimized with the Yoast SEO Premium plugin v27.5 (Yoast SEO v27.5) - https:\/\/yoast.com\/product\/yoast-seo-premium-wordpress\/ -->\n<title>Principi di pubblicazione - Express CBD Blog<\/title>\n<meta name=\"robots\" content=\"index, follow, max-snippet:-1, max-image-preview:large, max-video-preview:-1\" \/>\n<link rel=\"canonical\" href=\"https:\/\/blog.express-cbd.com\/it\/principi-di-pubblicazione\/\" \/>\n<meta property=\"og:locale\" content=\"it_IT\" \/>\n<meta property=\"og:type\" content=\"article\" \/>\n<meta property=\"og:title\" content=\"Principi di pubblicazione\" \/>\n<meta property=\"og:description\" content=\"La nostra missione Il blog di Express CBD esiste per aiutare le persone comuni a prendere decisioni informate e sicure sul CBD. Ci facciamo largo tra i rumori con contenuti chiari, onesti e sostenuti da esperti, sia che si tratti dell&#8217;acquisto del primo olio di CBD sia che si cerchi un approfondimento sui profili dei...\" \/>\n<meta property=\"og:url\" content=\"https:\/\/blog.express-cbd.com\/it\/principi-di-pubblicazione\/\" \/>\n<meta property=\"og:site_name\" content=\"Express CBD Blog\" \/>\n<meta property=\"article:modified_time\" content=\"2026-04-28T16:05:12+00:00\" \/>\n<meta property=\"og:image\" content=\"https:\/\/blog.express-cbd.com\/wp-content\/uploads\/2026\/04\/Express-CBD-Logo-scaled.png\" \/>\n\t<meta property=\"og:image:width\" content=\"2560\" \/>\n\t<meta property=\"og:image:height\" content=\"1533\" \/>\n\t<meta property=\"og:image:type\" content=\"image\/png\" \/>\n<meta name=\"twitter:card\" content=\"summary_large_image\" \/>\n<meta name=\"twitter:site\" content=\"@ExpressCBDCom\" \/>\n<meta name=\"twitter:label1\" content=\"Tempo di lettura stimato\" \/>\n\t<meta name=\"twitter:data1\" content=\"3 minuti\" \/>\n<script type=\"application\/ld+json\" class=\"yoast-schema-graph\">{\"@context\":\"https:\\\/\\\/schema.org\",\"@graph\":[{\"@type\":[\"Article\",\"BlogPosting\"],\"@id\":\"https:\\\/\\\/blog.express-cbd.com\\\/it\\\/principi-di-pubblicazione\\\/#article\",\"isPartOf\":{\"@id\":\"https:\\\/\\\/blog.express-cbd.com\\\/it\\\/principi-di-pubblicazione\\\/\"},\"author\":{\"name\":\"mwaqas\",\"@id\":\"https:\\\/\\\/blog.express-cbd.com\\\/it\\\/#\\\/schema\\\/person\\\/78065cdeb6132989e9c08e9a8e41a9de\"},\"headline\":\"Principi di pubblicazione\",\"datePublished\":\"2026-04-28T14:14:33+00:00\",\"dateModified\":\"2026-04-28T16:05:12+00:00\",\"mainEntityOfPage\":{\"@id\":\"https:\\\/\\\/blog.express-cbd.com\\\/it\\\/principi-di-pubblicazione\\\/\"},\"wordCount\":638,\"publisher\":{\"@id\":\"https:\\\/\\\/blog.express-cbd.com\\\/it\\\/#organization\"},\"inLanguage\":\"it-IT\"},{\"@type\":\"WebPage\",\"@id\":\"https:\\\/\\\/blog.express-cbd.com\\\/it\\\/principi-di-pubblicazione\\\/\",\"url\":\"https:\\\/\\\/blog.express-cbd.com\\\/it\\\/principi-di-pubblicazione\\\/\",\"name\":\"Principi di pubblicazione - Express CBD Blog\",\"isPartOf\":{\"@id\":\"https:\\\/\\\/blog.express-cbd.com\\\/it\\\/#website\"},\"datePublished\":\"2026-04-28T14:14:33+00:00\",\"dateModified\":\"2026-04-28T16:05:12+00:00\",\"breadcrumb\":{\"@id\":\"https:\\\/\\\/blog.express-cbd.com\\\/it\\\/principi-di-pubblicazione\\\/#breadcrumb\"},\"inLanguage\":\"it-IT\",\"potentialAction\":[{\"@type\":\"ReadAction\",\"target\":[\"https:\\\/\\\/blog.express-cbd.com\\\/it\\\/principi-di-pubblicazione\\\/\"]}]},{\"@type\":\"BreadcrumbList\",\"@id\":\"https:\\\/\\\/blog.express-cbd.com\\\/it\\\/principi-di-pubblicazione\\\/#breadcrumb\",\"itemListElement\":[{\"@type\":\"ListItem\",\"position\":1,\"name\":\"Express CBD Blog\",\"item\":\"https:\\\/\\\/blog.express-cbd.com\\\/it\\\/\"},{\"@type\":\"ListItem\",\"position\":2,\"name\":\"Principi di pubblicazione\"}]},{\"@type\":\"WebSite\",\"@id\":\"https:\\\/\\\/blog.express-cbd.com\\\/it\\\/#website\",\"url\":\"https:\\\/\\\/blog.express-cbd.com\\\/it\\\/\",\"name\":\"Express CBD Blog\",\"description\":\"Approfondimenti e Suggerimenti degli esperti sul CBD\",\"publisher\":{\"@id\":\"https:\\\/\\\/blog.express-cbd.com\\\/it\\\/#organization\"},\"potentialAction\":[{\"@type\":\"SearchAction\",\"target\":{\"@type\":\"EntryPoint\",\"urlTemplate\":\"https:\\\/\\\/blog.express-cbd.com\\\/it\\\/?s={search_term_string}\"},\"query-input\":{\"@type\":\"PropertyValueSpecification\",\"valueRequired\":true,\"valueName\":\"search_term_string\"}}],\"inLanguage\":\"it-IT\"},{\"@type\":\"Organization\",\"@id\":\"https:\\\/\\\/blog.express-cbd.com\\\/it\\\/#organization\",\"name\":\"Express CBD Blog\",\"url\":\"https:\\\/\\\/blog.express-cbd.com\\\/it\\\/\",\"logo\":{\"@type\":\"ImageObject\",\"inLanguage\":\"it-IT\",\"@id\":\"https:\\\/\\\/blog.express-cbd.com\\\/it\\\/#\\\/schema\\\/logo\\\/image\\\/\",\"url\":\"https:\\\/\\\/blog.express-cbd.com\\\/wp-content\\\/uploads\\\/2023\\\/04\\\/Express-CBD-Blog.png\",\"contentUrl\":\"https:\\\/\\\/blog.express-cbd.com\\\/wp-content\\\/uploads\\\/2023\\\/04\\\/Express-CBD-Blog.png\",\"width\":3596,\"height\":2154,\"caption\":\"Express CBD Blog\"},\"image\":{\"@id\":\"https:\\\/\\\/blog.express-cbd.com\\\/it\\\/#\\\/schema\\\/logo\\\/image\\\/\"},\"sameAs\":[\"https:\\\/\\\/x.com\\\/ExpressCBDCom\",\"https:\\\/\\\/www.threads.com\\\/@expresscbdcom\",\"https:\\\/\\\/www.instagram.com\\\/expresscbdcom\"],\"description\":\"Express CBD is a UK online shop offering premium CBD oils, capsules, vapes, edibles, skincare, and vaping products from hundreds of trusted brands.\",\"email\":\"info@express-cbd.com\",\"legalName\":\"Express CBD\",\"foundingDate\":\"2023-03-02\",\"numberOfEmployees\":{\"@type\":\"QuantitativeValue\",\"minValue\":\"1\",\"maxValue\":\"10\"},\"publishingPrinciples\":\"https:\\\/\\\/blog.express-cbd.com\\\/publishing-principles\\\/\",\"ownershipFundingInfo\":\"https:\\\/\\\/blog.express-cbd.com\\\/ownership-funding\\\/\",\"actionableFeedbackPolicy\":\"https:\\\/\\\/blog.express-cbd.com\\\/feedback\\\/\",\"correctionsPolicy\":\"https:\\\/\\\/blog.express-cbd.com\\\/corrections-policy\\\/\",\"ethicsPolicy\":\"https:\\\/\\\/blog.express-cbd.com\\\/ethics-policy\\\/\"},{\"@type\":\"Person\",\"@id\":\"https:\\\/\\\/blog.express-cbd.com\\\/it\\\/#\\\/schema\\\/person\\\/78065cdeb6132989e9c08e9a8e41a9de\",\"name\":\"mwaqas\",\"image\":{\"@type\":\"ImageObject\",\"inLanguage\":\"it-IT\",\"@id\":\"https:\\\/\\\/secure.gravatar.com\\\/avatar\\\/2a30f733013cda40b9c7ec618bcc992b00abc66beb99013a7ed31247a19de5ee?s=96&d=mm&r=g\",\"url\":\"https:\\\/\\\/secure.gravatar.com\\\/avatar\\\/2a30f733013cda40b9c7ec618bcc992b00abc66beb99013a7ed31247a19de5ee?s=96&d=mm&r=g\",\"contentUrl\":\"https:\\\/\\\/secure.gravatar.com\\\/avatar\\\/2a30f733013cda40b9c7ec618bcc992b00abc66beb99013a7ed31247a19de5ee?s=96&d=mm&r=g\",\"caption\":\"mwaqas\"},\"sameAs\":[\"http:\\\/\\\/blog.express-cbd.com\"],\"url\":\"https:\\\/\\\/blog.express-cbd.com\\\/it\\\/author\\\/mwaqas\\\/\"}]}<\/script>\n<!-- \/ Yoast SEO Premium plugin. -->","yoast_head_json":{"title":"Principi di pubblicazione - Express CBD Blog","robots":{"index":"index","follow":"follow","max-snippet":"max-snippet:-1","max-image-preview":"max-image-preview:large","max-video-preview":"max-video-preview:-1"},"canonical":"https:\/\/blog.express-cbd.com\/it\/principi-di-pubblicazione\/","og_locale":"it_IT","og_type":"article","og_title":"Principi di pubblicazione","og_description":"La nostra missione Il blog di Express CBD esiste per aiutare le persone comuni a prendere decisioni informate e sicure sul CBD. Ci facciamo largo tra i rumori con contenuti chiari, onesti e sostenuti da esperti, sia che si tratti dell&#8217;acquisto del primo olio di CBD sia che si cerchi un approfondimento sui profili dei...","og_url":"https:\/\/blog.express-cbd.com\/it\/principi-di-pubblicazione\/","og_site_name":"Express CBD Blog","article_modified_time":"2026-04-28T16:05:12+00:00","og_image":[{"width":2560,"height":1533,"url":"https:\/\/blog.express-cbd.com\/wp-content\/uploads\/2026\/04\/Express-CBD-Logo-scaled.png","type":"image\/png"}],"twitter_card":"summary_large_image","twitter_site":"@ExpressCBDCom","twitter_misc":{"Tempo di lettura stimato":"3 minuti"},"schema":{"@context":"https:\/\/schema.org","@graph":[{"@type":["Article","BlogPosting"],"@id":"https:\/\/blog.express-cbd.com\/it\/principi-di-pubblicazione\/#article","isPartOf":{"@id":"https:\/\/blog.express-cbd.com\/it\/principi-di-pubblicazione\/"},"author":{"name":"mwaqas","@id":"https:\/\/blog.express-cbd.com\/it\/#\/schema\/person\/78065cdeb6132989e9c08e9a8e41a9de"},"headline":"Principi di pubblicazione","datePublished":"2026-04-28T14:14:33+00:00","dateModified":"2026-04-28T16:05:12+00:00","mainEntityOfPage":{"@id":"https:\/\/blog.express-cbd.com\/it\/principi-di-pubblicazione\/"},"wordCount":638,"publisher":{"@id":"https:\/\/blog.express-cbd.com\/it\/#organization"},"inLanguage":"it-IT"},{"@type":"WebPage","@id":"https:\/\/blog.express-cbd.com\/it\/principi-di-pubblicazione\/","url":"https:\/\/blog.express-cbd.com\/it\/principi-di-pubblicazione\/","name":"Principi di pubblicazione - Express CBD Blog","isPartOf":{"@id":"https:\/\/blog.express-cbd.com\/it\/#website"},"datePublished":"2026-04-28T14:14:33+00:00","dateModified":"2026-04-28T16:05:12+00:00","breadcrumb":{"@id":"https:\/\/blog.express-cbd.com\/it\/principi-di-pubblicazione\/#breadcrumb"},"inLanguage":"it-IT","potentialAction":[{"@type":"ReadAction","target":["https:\/\/blog.express-cbd.com\/it\/principi-di-pubblicazione\/"]}]},{"@type":"BreadcrumbList","@id":"https:\/\/blog.express-cbd.com\/it\/principi-di-pubblicazione\/#breadcrumb","itemListElement":[{"@type":"ListItem","position":1,"name":"Express CBD Blog","item":"https:\/\/blog.express-cbd.com\/it\/"},{"@type":"ListItem","position":2,"name":"Principi di pubblicazione"}]},{"@type":"WebSite","@id":"https:\/\/blog.express-cbd.com\/it\/#website","url":"https:\/\/blog.express-cbd.com\/it\/","name":"Express CBD Blog","description":"Approfondimenti e Suggerimenti degli esperti sul CBD","publisher":{"@id":"https:\/\/blog.express-cbd.com\/it\/#organization"},"potentialAction":[{"@type":"SearchAction","target":{"@type":"EntryPoint","urlTemplate":"https:\/\/blog.express-cbd.com\/it\/?s={search_term_string}"},"query-input":{"@type":"PropertyValueSpecification","valueRequired":true,"valueName":"search_term_string"}}],"inLanguage":"it-IT"},{"@type":"Organization","@id":"https:\/\/blog.express-cbd.com\/it\/#organization","name":"Express CBD Blog","url":"https:\/\/blog.express-cbd.com\/it\/","logo":{"@type":"ImageObject","inLanguage":"it-IT","@id":"https:\/\/blog.express-cbd.com\/it\/#\/schema\/logo\/image\/","url":"https:\/\/blog.express-cbd.com\/wp-content\/uploads\/2023\/04\/Express-CBD-Blog.png","contentUrl":"https:\/\/blog.express-cbd.com\/wp-content\/uploads\/2023\/04\/Express-CBD-Blog.png","width":3596,"height":2154,"caption":"Express CBD Blog"},"image":{"@id":"https:\/\/blog.express-cbd.com\/it\/#\/schema\/logo\/image\/"},"sameAs":["https:\/\/x.com\/ExpressCBDCom","https:\/\/www.threads.com\/@expresscbdcom","https:\/\/www.instagram.com\/expresscbdcom"],"description":"Express CBD is a UK online shop offering premium CBD oils, capsules, vapes, edibles, skincare, and vaping products from hundreds of trusted brands.","email":"info@express-cbd.com","legalName":"Express CBD","foundingDate":"2023-03-02","numberOfEmployees":{"@type":"QuantitativeValue","minValue":"1","maxValue":"10"},"publishingPrinciples":"https:\/\/blog.express-cbd.com\/publishing-principles\/","ownershipFundingInfo":"https:\/\/blog.express-cbd.com\/ownership-funding\/","actionableFeedbackPolicy":"https:\/\/blog.express-cbd.com\/feedback\/","correctionsPolicy":"https:\/\/blog.express-cbd.com\/corrections-policy\/","ethicsPolicy":"https:\/\/blog.express-cbd.com\/ethics-policy\/"},{"@type":"Person","@id":"https:\/\/blog.express-cbd.com\/it\/#\/schema\/person\/78065cdeb6132989e9c08e9a8e41a9de","name":"mwaqas","image":{"@type":"ImageObject","inLanguage":"it-IT","@id":"https:\/\/secure.gravatar.com\/avatar\/2a30f733013cda40b9c7ec618bcc992b00abc66beb99013a7ed31247a19de5ee?s=96&d=mm&r=g","url":"https:\/\/secure.gravatar.com\/avatar\/2a30f733013cda40b9c7ec618bcc992b00abc66beb99013a7ed31247a19de5ee?s=96&d=mm&r=g","contentUrl":"https:\/\/secure.gravatar.com\/avatar\/2a30f733013cda40b9c7ec618bcc992b00abc66beb99013a7ed31247a19de5ee?s=96&d=mm&r=g","caption":"mwaqas"},"sameAs":["http:\/\/blog.express-cbd.com"],"url":"https:\/\/blog.express-cbd.com\/it\/author\/mwaqas\/"}]}},"_links":{"self":[{"href":"https:\/\/blog.express-cbd.com\/it\/wp-json\/wp\/v2\/pages\/19348","targetHints":{"allow":["GET"]}}],"collection":[{"href":"https:\/\/blog.express-cbd.com\/it\/wp-json\/wp\/v2\/pages"}],"about":[{"href":"https:\/\/blog.express-cbd.com\/it\/wp-json\/wp\/v2\/types\/page"}],"author":[{"embeddable":true,"href":"https:\/\/blog.express-cbd.com\/it\/wp-json\/wp\/v2\/users\/1"}],"replies":[{"embeddable":true,"href":"https:\/\/blog.express-cbd.com\/it\/wp-json\/wp\/v2\/comments?post=19348"}],"version-history":[{"count":1,"href":"https:\/\/blog.express-cbd.com\/it\/wp-json\/wp\/v2\/pages\/19348\/revisions"}],"predecessor-version":[{"id":19350,"href":"https:\/\/blog.express-cbd.com\/it\/wp-json\/wp\/v2\/pages\/19348\/revisions\/19350"}],"wp:attachment":[{"href":"https:\/\/blog.express-cbd.com\/it\/wp-json\/wp\/v2\/media?parent=19348"}],"curies":[{"name":"wp","href":"https:\/\/api.w.org\/{rel}","templated":true}]}}