{"id":19366,"date":"2026-04-28T14:32:38","date_gmt":"2026-04-28T14:32:38","guid":{"rendered":"https:\/\/blog.express-cbd.com\/ethisch-beleid\/"},"modified":"2026-04-28T16:05:53","modified_gmt":"2026-04-28T16:05:53","slug":"ethisch-beleid","status":"publish","type":"page","link":"https:\/\/blog.express-cbd.com\/nl\/ethisch-beleid\/","title":{"rendered":"Ethisch beleid"},"content":{"rendered":"\n<h3 class=\"wp-block-heading\" id=\"h-why-this-policy-exists\">Waarom dit beleid bestaat<\/h3>\n\n<p>De CBD-industrie is druk, commercieel gedreven en &#8211; op sommige plaatsen &#8211; slecht gereguleerd. Dat maakt eerlijke, onafhankelijke redactionele inhoud waardevoller en gemakkelijker te compromitteren. Dit ethisch beleid zet de principes uiteen die bepalen hoe we werken, hoe we omgaan met belangenverstrengeling en waar we de grens trekken. Het is van toepassing op iedereen die een bijdrage levert aan de Express CBD Blog, of dat nu is als schrijver, freelancer of externe recensent.   <\/p>\n\n<hr class=\"wp-block-separator has-alpha-channel-opacity\"\/>\n\n<h3 class=\"wp-block-heading\" id=\"h-editorial-independence\">Redactionele onafhankelijkheid<\/h3>\n\n<p>De Express CBD Blog is eigendom van en wordt gefinancierd door Express CBD, een online CBD-verkoper. We zijn transparant over deze relatie. Commercieel eigendom is echter niet bepalend voor de redactionele output.  <\/p>\n\n<ul class=\"wp-block-list\">\n<li>Redactionele beslissingen &#8211; wat behandelen, hoe inkaderen, welke conclusies trekken &#8211; worden genomen op basis van journalistieke overwegingen en het belang van de lezer, niet op basis van commerci\u00eble overwegingen.<\/li>\n\n\n\n<li>Geen enkel artikel wordt geschreven, gewijzigd of onderdrukt vanwege het mogelijke effect op de verkoop of reputatie van Express CBD.<\/li>\n\n\n\n<li>Producten die worden verkocht in de Express CBD winkel krijgen geen voorkeursbehandeling in recensies of koopgidsen. Als een product dat we op voorraad hebben slecht presteert ten opzichte van andere producten, dan zeggen we dat. <\/li>\n\n\n\n<li>Het commerci\u00eble team van Express CBD heeft geen goedkeuringsrechten voor redactionele inhoud v\u00f3\u00f3r publicatie.<\/li>\n<\/ul>\n\n<hr class=\"wp-block-separator has-alpha-channel-opacity\"\/>\n\n<h3 class=\"wp-block-heading\" id=\"h-conflicts-of-interest\">Belangenverstrengeling<\/h3>\n\n<p>We eisen van iedereen die een bijdrage levert aan dit blog dat ze elke relatie &#8211; financieel, persoonlijk of professioneel &#8211; bekendmaken waarvan redelijkerwijs kan worden aangenomen dat deze hun berichtgeving over een onderwerp, merk of product be\u00efnvloedt.<\/p>\n\n<p>Dit omvat:<\/p>\n\n<ul class=\"wp-block-list\">\n<li>Bezit van aandelen of financi\u00eble belangen in een merk dat wordt beoordeeld<\/li>\n\n\n\n<li>Een persoonlijke of professionele relatie met de oprichters of het PR-team van een merk<\/li>\n\n\n\n<li>In dienst zijn geweest van of een contract hebben met een merk dat wordt gedekt<\/li>\n\n\n\n<li>Geschenken, gastvrijheid of voordelen ontvangen van een merk, behalve productmonsters voor recensiedoeleinden<\/li>\n<\/ul>\n\n<p>Als er sprake is van een belangenconflict dat niet kan worden vermeden, wordt dit duidelijk in het betreffende artikel vermeld. Als een conflict ernstig genoeg is om de objectiviteit in gevaar te brengen, wordt de persoon die de bijdrage levert overgeplaatst en wordt het conflict niet openbaar gemaakt &#8211; het artikel wordt gewoon niet door die persoon geschreven. <\/p>\n\n<hr class=\"wp-block-separator has-alpha-channel-opacity\"\/>\n\n<h3 class=\"wp-block-heading\" id=\"h-product-samples-amp-brand-relationships\">Productvoorbeelden &amp; merkrelaties<\/h3>\n\n<p>We ontvangen regelmatig productmonsters om beoordelingen uit te voeren. Dit is een standaardpraktijk in onze branche en vormt op zichzelf geen belangenverstrengeling, mits er correct mee wordt omgegaan. <\/p>\n\n<p>Onze regels voor monsters:<\/p>\n\n<ul class=\"wp-block-list\">\n<li>Het ontvangen van een monster garandeert geen dekking, en het garandeert nooit een positieve dekking.<\/li>\n\n\n\n<li>Merken krijgen de recensies niet te zien voordat ze worden gepubliceerd en ze hebben niet het recht om wijzigingen aan te vragen.<\/li>\n\n\n\n<li>Het feit dat een product als monster is geleverd, wordt vermeld in elke beoordeling waar dit van toepassing is.<\/li>\n\n\n\n<li>We accepteren geen contante betalingen, advertentie-uitgaven of andere commerci\u00eble prikkels in ruil voor redactionele berichtgeving.<\/li>\n\n\n\n<li>We doen niet mee aan pay-to-review-programma&#8217;s, onder welke beschrijving dan ook.<\/li>\n<\/ul>\n\n<hr class=\"wp-block-separator has-alpha-channel-opacity\"\/>\n\n<h3 class=\"wp-block-heading\" id=\"h-sponsored-amp-commercial-content\">Gesponsorde en commerci\u00eble inhoud<\/h3>\n\n<p>Van tijd tot tijd kan de Express CBD Blog inhoud publiceren die commercieel wordt ondersteund. Als en wanneer dit gebeurt: <\/p>\n\n<ul class=\"wp-block-list\">\n<li>Het zal duidelijk worden gelabeld als &#8220;Gesponsord&#8221;, &#8220;Betaald partnerschap&#8221; of &#8220;Advertentie&#8221; bovenaan het stuk &#8211; niet begraven in een voetnoot.<\/li>\n\n\n\n<li>De redactionele normen voor gesponsorde inhoud zijn dezelfde als voor alle andere inhoud. We zullen geen gesponsord materiaal publiceren dat feitelijk onjuist, misleidend of in strijd met onze publicatieprincipes is. <\/li>\n\n\n\n<li>Gesponsorde inhoud wordt nooit gepresenteerd in een opmaak die is ontworpen om het op onafhankelijke redactionele inhoud te laten lijken.<\/li>\n<\/ul>\n\n<p>Op dit moment bevat de Express CBD Blog geen gesponsorde inhoud van derden. Als dit verandert, zal dit beleid worden bijgewerkt om het weer te geven. <\/p>\n\n<hr class=\"wp-block-separator has-alpha-channel-opacity\"\/>\n\n<h3 class=\"wp-block-heading\" id=\"h-health-claims-amp-scientific-accuracy\">Gezondheidsclaims &amp; wetenschappelijke nauwkeurigheid<\/h3>\n\n<p>CBD bevindt zich op het snijvlak van welzijn, commercie en wetenschap &#8211; een gebied waar overdrijving gebruikelijk en potentieel schadelijk is. We stellen hoge eisen aan onszelf. <\/p>\n\n<ul class=\"wp-block-list\">\n<li>We beweren of impliceren niet dat CBD een medische aandoening behandelt, geneest of voorkomt.<\/li>\n\n\n\n<li>Gezondheidsgerelateerde uitspraken worden toegeschreven aan specifieke onderzoeken of regelgevende instanties en niet als algemeen feit vermeld.<\/li>\n\n\n\n<li>We maken een duidelijk onderscheid tussen vaststaand bewijs, nieuw onderzoek en anekdotes.<\/li>\n\n\n\n<li>Als de wetenschap wordt betwist of geen uitsluitsel geeft, zeggen we dat in plaats van \u00e9\u00e9n kant als vaststaand te presenteren.<\/li>\n\n\n\n<li>We versterken geen sensationele onderzoeksresultaten zonder context.<\/li>\n<\/ul>\n\n<p>Als u van mening bent dat we een gezondheidsclaim hebben gemaakt die deze grens overschrijdt, neem dan contact met ons op via de gegevens onderaan deze pagina.<\/p>\n\n<hr class=\"wp-block-separator has-alpha-channel-opacity\"\/>\n\n<h3 class=\"wp-block-heading\" id=\"h-legal-amp-regulatory-responsibility\">Wettelijke en reglementaire verantwoordelijkheid<\/h3>\n\n<p>De CBD-wetgeving verschilt aanzienlijk in de landen en talen waarin we publiceren. We nemen onze verantwoordelijkheid serieus. <\/p>\n\n<ul class=\"wp-block-list\">\n<li>We publiceren geen inhoud die lezers aanmoedigt om producten te kopen of te gebruiken die illegaal zijn in hun rechtsgebied.<\/li>\n\n\n\n<li>Juridische informatie in onze artikelen is alleen bedoeld als richtlijn en is geen juridisch advies. Lezers worden verwezen naar de huidige regels voor hun land. <\/li>\n\n\n\n<li>We bekijken regelmatig juridisch gevoelige inhoud, omdat de regelgeving op dit gebied regelmatig verandert.<\/li>\n\n\n\n<li>Bijdragers moeten juridische onzekerheid signaleren in plaats van zelfverzekerd een juridisch standpunt in te nemen wanneer het beeld onduidelijk is.<\/li>\n<\/ul>\n\n<hr class=\"wp-block-separator has-alpha-channel-opacity\"\/>\n\n<h3 class=\"wp-block-heading\" id=\"h-treatment-of-people-amp-brands\">Behandeling van mensen en merken<\/h3>\n\n<p>We behandelen een breed scala aan producten, merken en onderwerpen. Onze normen voor hoe we erover schrijven zijn consistent: <\/p>\n\n<ul class=\"wp-block-list\">\n<li>We publiceren geen inhoud die persoonlijk beledigend is voor individuen &#8211; inclusief oprichters, werknemers of publieke figuren die verbonden zijn aan een merk.<\/li>\n\n\n\n<li>Kritiek op een product of bedrijf is gebaseerd op verifieerbare feiten, niet op geruchten of een commercieel gemotiveerde agenda.<\/li>\n\n\n\n<li>We geven merken een redelijke kans om te reageren voordat we kritische berichtgeving publiceren waar dat gepast is.<\/li>\n\n\n\n<li>We doen niet aan speculatieve berichtgeving om de reputatie van een concurrent te schaden.<\/li>\n<\/ul>\n\n<hr class=\"wp-block-separator has-alpha-channel-opacity\"\/>\n\n<h3 class=\"wp-block-heading\" id=\"h-contributor-standards\">Normen voor medewerkers<\/h3>\n\n<p>Van alle medewerkers aan de Express CBD Blog &#8211; medewerkers of freelancers &#8211; wordt verwacht dat ze:<\/p>\n\n<ul class=\"wp-block-list\">\n<li>Hun kwalificaties en expertise eerlijk vertegenwoordigen<\/li>\n\n\n\n<li>Belangenverstrengeling bekendmaken voordat je een opdracht accepteert<\/li>\n\n\n\n<li>Beweringen nauwkeurig aan hun bronnen toeschrijven<\/li>\n\n\n\n<li>Geen inhoud plagi\u00ebren uit andere publicaties<\/li>\n\n\n\n<li>Geen citaten, gegevens of ervaringen verzinnen<\/li>\n<\/ul>\n\n<p>Schending van deze normen kan ertoe leiden dat inhoud wordt ingetrokken en dat de relatie van de bijdrager met het blog wordt be\u00ebindigd. Ingetrokken inhoud wordt behandeld in overeenstemming met ons correctiebeleid. <\/p>\n\n<hr class=\"wp-block-separator has-alpha-channel-opacity\"\/>\n\n<h3 class=\"wp-block-heading\" id=\"h-reporting-an-ethics-concern\">Een ethisch probleem melden<\/h3>\n\n<p>Als je van mening bent dat we dit ethisch beleid hebben geschonden &#8211; als lezer, als medewerker of als merk &#8211; raden we je aan direct contact met ons op te nemen.<\/p>\n\n<p><strong><a href=\"https:\/\/blog.express-cbd.com\/nl\/neem-contact-met-ons-op\/\">Meld een ethische kwestie \u2192 blog.express-cbd.com\/contact-us\/<\/a><\/strong><\/p>\n\n<p>Beschrijf de kwestie zo specifiek mogelijk, inclusief de URL van een relevant artikel. Ethische kwesties worden beoordeeld door het redactioneel management en met voorrang behandeld. U ontvangt binnen 3 werkdagen een bevestiging en binnen 15 werkdagen een inhoudelijk antwoord.  <\/p>\n\n<p>We nemen klachten over ethiek serieus en zullen ze niet afwijzen op basis van het feit dat ze ongelegen komen of commercieel ongemakkelijk zijn.<\/p>\n\n<hr class=\"wp-block-separator has-alpha-channel-opacity\"\/>\n\n<p><em>Laatst herzien: April 2026<\/em> <em>Een ethisch probleem melden: <a href=\"https:\/\/blog.express-cbd.com\/nl\/neem-contact-met-ons-op\/\">blog.express-cbd.com\/contact-us\/<\/a><\/em><\/p>\n<p style=\"text-align: center\"><a href=\"https:\/\/express-cbd.com\" target=\"_blank\">Visit Express CBD Store<\/a><\/p>","protected":false},"excerpt":{"rendered":"<p>Waarom dit beleid bestaat De CBD-industrie is druk, commercieel gedreven en &#8211; op sommige plaatsen &#8211; slecht gereguleerd. Dat maakt eerlijke, onafhankelijke redactionele inhoud waardevoller en gemakkelijker te compromitteren. Dit ethisch beleid zet de principes uiteen die bepalen hoe we werken, hoe we omgaan met belangenverstrengeling en waar we de grens trekken. Het is van&#8230;<\/p>\n","protected":false},"author":1,"featured_media":0,"parent":0,"menu_order":0,"comment_status":"closed","ping_status":"closed","template":"","meta":{"footnotes":""},"class_list":["post-19366","page","type-page","status-publish","hentry"],"yoast_head":"<!-- This site is optimized with the Yoast SEO Premium plugin v27.5 (Yoast SEO v27.5) - https:\/\/yoast.com\/product\/yoast-seo-premium-wordpress\/ -->\n<title>Ethisch beleid - Express CBD Blog<\/title>\n<meta name=\"robots\" content=\"index, follow, max-snippet:-1, max-image-preview:large, max-video-preview:-1\" \/>\n<link rel=\"canonical\" href=\"https:\/\/blog.express-cbd.com\/nl\/ethisch-beleid\/\" \/>\n<meta property=\"og:locale\" content=\"nl_NL\" \/>\n<meta property=\"og:type\" content=\"article\" \/>\n<meta property=\"og:title\" content=\"Ethisch beleid\" \/>\n<meta property=\"og:description\" content=\"Waarom dit beleid bestaat De CBD-industrie is druk, commercieel gedreven en &#8211; op sommige plaatsen &#8211; slecht gereguleerd. Dat maakt eerlijke, onafhankelijke redactionele inhoud waardevoller en gemakkelijker te compromitteren. Dit ethisch beleid zet de principes uiteen die bepalen hoe we werken, hoe we omgaan met belangenverstrengeling en waar we de grens trekken. Het is van...\" \/>\n<meta property=\"og:url\" content=\"https:\/\/blog.express-cbd.com\/nl\/ethisch-beleid\/\" \/>\n<meta property=\"og:site_name\" content=\"Express CBD Blog\" \/>\n<meta property=\"article:modified_time\" content=\"2026-04-28T16:05:53+00:00\" \/>\n<meta property=\"og:image\" content=\"https:\/\/blog.express-cbd.com\/wp-content\/uploads\/2026\/04\/Express-CBD-Logo-scaled.png\" \/>\n\t<meta property=\"og:image:width\" content=\"2560\" \/>\n\t<meta property=\"og:image:height\" content=\"1533\" \/>\n\t<meta property=\"og:image:type\" content=\"image\/png\" \/>\n<meta name=\"twitter:card\" content=\"summary_large_image\" \/>\n<meta name=\"twitter:site\" content=\"@ExpressCBDCom\" \/>\n<meta name=\"twitter:label1\" content=\"Geschatte leestijd\" \/>\n\t<meta name=\"twitter:data1\" content=\"6 minuten\" \/>\n<script type=\"application\/ld+json\" class=\"yoast-schema-graph\">{\"@context\":\"https:\\\/\\\/schema.org\",\"@graph\":[{\"@type\":[\"Article\",\"BlogPosting\"],\"@id\":\"https:\\\/\\\/blog.express-cbd.com\\\/nl\\\/ethisch-beleid\\\/#article\",\"isPartOf\":{\"@id\":\"https:\\\/\\\/blog.express-cbd.com\\\/nl\\\/ethisch-beleid\\\/\"},\"author\":{\"name\":\"mwaqas\",\"@id\":\"https:\\\/\\\/blog.express-cbd.com\\\/nl\\\/#\\\/schema\\\/person\\\/78065cdeb6132989e9c08e9a8e41a9de\"},\"headline\":\"Ethisch beleid\",\"datePublished\":\"2026-04-28T14:32:38+00:00\",\"dateModified\":\"2026-04-28T16:05:53+00:00\",\"mainEntityOfPage\":{\"@id\":\"https:\\\/\\\/blog.express-cbd.com\\\/nl\\\/ethisch-beleid\\\/\"},\"wordCount\":1135,\"publisher\":{\"@id\":\"https:\\\/\\\/blog.express-cbd.com\\\/nl\\\/#organization\"},\"inLanguage\":\"nl-NL\"},{\"@type\":\"WebPage\",\"@id\":\"https:\\\/\\\/blog.express-cbd.com\\\/nl\\\/ethisch-beleid\\\/\",\"url\":\"https:\\\/\\\/blog.express-cbd.com\\\/nl\\\/ethisch-beleid\\\/\",\"name\":\"Ethisch beleid - Express CBD Blog\",\"isPartOf\":{\"@id\":\"https:\\\/\\\/blog.express-cbd.com\\\/nl\\\/#website\"},\"datePublished\":\"2026-04-28T14:32:38+00:00\",\"dateModified\":\"2026-04-28T16:05:53+00:00\",\"breadcrumb\":{\"@id\":\"https:\\\/\\\/blog.express-cbd.com\\\/nl\\\/ethisch-beleid\\\/#breadcrumb\"},\"inLanguage\":\"nl-NL\",\"potentialAction\":[{\"@type\":\"ReadAction\",\"target\":[\"https:\\\/\\\/blog.express-cbd.com\\\/nl\\\/ethisch-beleid\\\/\"]}]},{\"@type\":\"BreadcrumbList\",\"@id\":\"https:\\\/\\\/blog.express-cbd.com\\\/nl\\\/ethisch-beleid\\\/#breadcrumb\",\"itemListElement\":[{\"@type\":\"ListItem\",\"position\":1,\"name\":\"Express CBD Blog\",\"item\":\"https:\\\/\\\/blog.express-cbd.com\\\/nl\\\/\"},{\"@type\":\"ListItem\",\"position\":2,\"name\":\"Ethisch beleid\"}]},{\"@type\":\"WebSite\",\"@id\":\"https:\\\/\\\/blog.express-cbd.com\\\/nl\\\/#website\",\"url\":\"https:\\\/\\\/blog.express-cbd.com\\\/nl\\\/\",\"name\":\"Express CBD Blog\",\"description\":\"Expert Insights &amp; Tips on CBD\",\"publisher\":{\"@id\":\"https:\\\/\\\/blog.express-cbd.com\\\/nl\\\/#organization\"},\"potentialAction\":[{\"@type\":\"SearchAction\",\"target\":{\"@type\":\"EntryPoint\",\"urlTemplate\":\"https:\\\/\\\/blog.express-cbd.com\\\/nl\\\/?s={search_term_string}\"},\"query-input\":{\"@type\":\"PropertyValueSpecification\",\"valueRequired\":true,\"valueName\":\"search_term_string\"}}],\"inLanguage\":\"nl-NL\"},{\"@type\":\"Organization\",\"@id\":\"https:\\\/\\\/blog.express-cbd.com\\\/nl\\\/#organization\",\"name\":\"Express CBD Blog\",\"url\":\"https:\\\/\\\/blog.express-cbd.com\\\/nl\\\/\",\"logo\":{\"@type\":\"ImageObject\",\"inLanguage\":\"nl-NL\",\"@id\":\"https:\\\/\\\/blog.express-cbd.com\\\/nl\\\/#\\\/schema\\\/logo\\\/image\\\/\",\"url\":\"https:\\\/\\\/blog.express-cbd.com\\\/wp-content\\\/uploads\\\/2023\\\/04\\\/Express-CBD-Blog.png\",\"contentUrl\":\"https:\\\/\\\/blog.express-cbd.com\\\/wp-content\\\/uploads\\\/2023\\\/04\\\/Express-CBD-Blog.png\",\"width\":3596,\"height\":2154,\"caption\":\"Express CBD Blog\"},\"image\":{\"@id\":\"https:\\\/\\\/blog.express-cbd.com\\\/nl\\\/#\\\/schema\\\/logo\\\/image\\\/\"},\"sameAs\":[\"https:\\\/\\\/x.com\\\/ExpressCBDCom\",\"https:\\\/\\\/www.threads.com\\\/@expresscbdcom\",\"https:\\\/\\\/www.instagram.com\\\/expresscbdcom\"],\"description\":\"Express CBD is a UK online shop offering premium CBD oils, capsules, vapes, edibles, skincare, and vaping products from hundreds of trusted brands.\",\"email\":\"info@express-cbd.com\",\"legalName\":\"Express CBD\",\"foundingDate\":\"2023-03-02\",\"numberOfEmployees\":{\"@type\":\"QuantitativeValue\",\"minValue\":\"1\",\"maxValue\":\"10\"},\"publishingPrinciples\":\"https:\\\/\\\/blog.express-cbd.com\\\/publishing-principles\\\/\",\"ownershipFundingInfo\":\"https:\\\/\\\/blog.express-cbd.com\\\/ownership-funding\\\/\",\"actionableFeedbackPolicy\":\"https:\\\/\\\/blog.express-cbd.com\\\/feedback\\\/\",\"correctionsPolicy\":\"https:\\\/\\\/blog.express-cbd.com\\\/corrections-policy\\\/\",\"ethicsPolicy\":\"https:\\\/\\\/blog.express-cbd.com\\\/ethics-policy\\\/\"},{\"@type\":\"Person\",\"@id\":\"https:\\\/\\\/blog.express-cbd.com\\\/nl\\\/#\\\/schema\\\/person\\\/78065cdeb6132989e9c08e9a8e41a9de\",\"name\":\"mwaqas\",\"image\":{\"@type\":\"ImageObject\",\"inLanguage\":\"nl-NL\",\"@id\":\"https:\\\/\\\/secure.gravatar.com\\\/avatar\\\/2a30f733013cda40b9c7ec618bcc992b00abc66beb99013a7ed31247a19de5ee?s=96&d=mm&r=g\",\"url\":\"https:\\\/\\\/secure.gravatar.com\\\/avatar\\\/2a30f733013cda40b9c7ec618bcc992b00abc66beb99013a7ed31247a19de5ee?s=96&d=mm&r=g\",\"contentUrl\":\"https:\\\/\\\/secure.gravatar.com\\\/avatar\\\/2a30f733013cda40b9c7ec618bcc992b00abc66beb99013a7ed31247a19de5ee?s=96&d=mm&r=g\",\"caption\":\"mwaqas\"},\"sameAs\":[\"http:\\\/\\\/blog.express-cbd.com\"],\"url\":\"https:\\\/\\\/blog.express-cbd.com\\\/nl\\\/author\\\/mwaqas\\\/\"}]}<\/script>\n<!-- \/ Yoast SEO Premium plugin. -->","yoast_head_json":{"title":"Ethisch beleid - Express CBD Blog","robots":{"index":"index","follow":"follow","max-snippet":"max-snippet:-1","max-image-preview":"max-image-preview:large","max-video-preview":"max-video-preview:-1"},"canonical":"https:\/\/blog.express-cbd.com\/nl\/ethisch-beleid\/","og_locale":"nl_NL","og_type":"article","og_title":"Ethisch beleid","og_description":"Waarom dit beleid bestaat De CBD-industrie is druk, commercieel gedreven en &#8211; op sommige plaatsen &#8211; slecht gereguleerd. Dat maakt eerlijke, onafhankelijke redactionele inhoud waardevoller en gemakkelijker te compromitteren. Dit ethisch beleid zet de principes uiteen die bepalen hoe we werken, hoe we omgaan met belangenverstrengeling en waar we de grens trekken. Het is van...","og_url":"https:\/\/blog.express-cbd.com\/nl\/ethisch-beleid\/","og_site_name":"Express CBD Blog","article_modified_time":"2026-04-28T16:05:53+00:00","og_image":[{"width":2560,"height":1533,"url":"https:\/\/blog.express-cbd.com\/wp-content\/uploads\/2026\/04\/Express-CBD-Logo-scaled.png","type":"image\/png"}],"twitter_card":"summary_large_image","twitter_site":"@ExpressCBDCom","twitter_misc":{"Geschatte leestijd":"6 minuten"},"schema":{"@context":"https:\/\/schema.org","@graph":[{"@type":["Article","BlogPosting"],"@id":"https:\/\/blog.express-cbd.com\/nl\/ethisch-beleid\/#article","isPartOf":{"@id":"https:\/\/blog.express-cbd.com\/nl\/ethisch-beleid\/"},"author":{"name":"mwaqas","@id":"https:\/\/blog.express-cbd.com\/nl\/#\/schema\/person\/78065cdeb6132989e9c08e9a8e41a9de"},"headline":"Ethisch beleid","datePublished":"2026-04-28T14:32:38+00:00","dateModified":"2026-04-28T16:05:53+00:00","mainEntityOfPage":{"@id":"https:\/\/blog.express-cbd.com\/nl\/ethisch-beleid\/"},"wordCount":1135,"publisher":{"@id":"https:\/\/blog.express-cbd.com\/nl\/#organization"},"inLanguage":"nl-NL"},{"@type":"WebPage","@id":"https:\/\/blog.express-cbd.com\/nl\/ethisch-beleid\/","url":"https:\/\/blog.express-cbd.com\/nl\/ethisch-beleid\/","name":"Ethisch beleid - Express CBD Blog","isPartOf":{"@id":"https:\/\/blog.express-cbd.com\/nl\/#website"},"datePublished":"2026-04-28T14:32:38+00:00","dateModified":"2026-04-28T16:05:53+00:00","breadcrumb":{"@id":"https:\/\/blog.express-cbd.com\/nl\/ethisch-beleid\/#breadcrumb"},"inLanguage":"nl-NL","potentialAction":[{"@type":"ReadAction","target":["https:\/\/blog.express-cbd.com\/nl\/ethisch-beleid\/"]}]},{"@type":"BreadcrumbList","@id":"https:\/\/blog.express-cbd.com\/nl\/ethisch-beleid\/#breadcrumb","itemListElement":[{"@type":"ListItem","position":1,"name":"Express CBD Blog","item":"https:\/\/blog.express-cbd.com\/nl\/"},{"@type":"ListItem","position":2,"name":"Ethisch beleid"}]},{"@type":"WebSite","@id":"https:\/\/blog.express-cbd.com\/nl\/#website","url":"https:\/\/blog.express-cbd.com\/nl\/","name":"Express CBD Blog","description":"Expert Insights &amp; Tips on CBD","publisher":{"@id":"https:\/\/blog.express-cbd.com\/nl\/#organization"},"potentialAction":[{"@type":"SearchAction","target":{"@type":"EntryPoint","urlTemplate":"https:\/\/blog.express-cbd.com\/nl\/?s={search_term_string}"},"query-input":{"@type":"PropertyValueSpecification","valueRequired":true,"valueName":"search_term_string"}}],"inLanguage":"nl-NL"},{"@type":"Organization","@id":"https:\/\/blog.express-cbd.com\/nl\/#organization","name":"Express CBD Blog","url":"https:\/\/blog.express-cbd.com\/nl\/","logo":{"@type":"ImageObject","inLanguage":"nl-NL","@id":"https:\/\/blog.express-cbd.com\/nl\/#\/schema\/logo\/image\/","url":"https:\/\/blog.express-cbd.com\/wp-content\/uploads\/2023\/04\/Express-CBD-Blog.png","contentUrl":"https:\/\/blog.express-cbd.com\/wp-content\/uploads\/2023\/04\/Express-CBD-Blog.png","width":3596,"height":2154,"caption":"Express CBD Blog"},"image":{"@id":"https:\/\/blog.express-cbd.com\/nl\/#\/schema\/logo\/image\/"},"sameAs":["https:\/\/x.com\/ExpressCBDCom","https:\/\/www.threads.com\/@expresscbdcom","https:\/\/www.instagram.com\/expresscbdcom"],"description":"Express CBD is a UK online shop offering premium CBD oils, capsules, vapes, edibles, skincare, and vaping products from hundreds of trusted brands.","email":"info@express-cbd.com","legalName":"Express CBD","foundingDate":"2023-03-02","numberOfEmployees":{"@type":"QuantitativeValue","minValue":"1","maxValue":"10"},"publishingPrinciples":"https:\/\/blog.express-cbd.com\/publishing-principles\/","ownershipFundingInfo":"https:\/\/blog.express-cbd.com\/ownership-funding\/","actionableFeedbackPolicy":"https:\/\/blog.express-cbd.com\/feedback\/","correctionsPolicy":"https:\/\/blog.express-cbd.com\/corrections-policy\/","ethicsPolicy":"https:\/\/blog.express-cbd.com\/ethics-policy\/"},{"@type":"Person","@id":"https:\/\/blog.express-cbd.com\/nl\/#\/schema\/person\/78065cdeb6132989e9c08e9a8e41a9de","name":"mwaqas","image":{"@type":"ImageObject","inLanguage":"nl-NL","@id":"https:\/\/secure.gravatar.com\/avatar\/2a30f733013cda40b9c7ec618bcc992b00abc66beb99013a7ed31247a19de5ee?s=96&d=mm&r=g","url":"https:\/\/secure.gravatar.com\/avatar\/2a30f733013cda40b9c7ec618bcc992b00abc66beb99013a7ed31247a19de5ee?s=96&d=mm&r=g","contentUrl":"https:\/\/secure.gravatar.com\/avatar\/2a30f733013cda40b9c7ec618bcc992b00abc66beb99013a7ed31247a19de5ee?s=96&d=mm&r=g","caption":"mwaqas"},"sameAs":["http:\/\/blog.express-cbd.com"],"url":"https:\/\/blog.express-cbd.com\/nl\/author\/mwaqas\/"}]}},"_links":{"self":[{"href":"https:\/\/blog.express-cbd.com\/nl\/wp-json\/wp\/v2\/pages\/19366","targetHints":{"allow":["GET"]}}],"collection":[{"href":"https:\/\/blog.express-cbd.com\/nl\/wp-json\/wp\/v2\/pages"}],"about":[{"href":"https:\/\/blog.express-cbd.com\/nl\/wp-json\/wp\/v2\/types\/page"}],"author":[{"embeddable":true,"href":"https:\/\/blog.express-cbd.com\/nl\/wp-json\/wp\/v2\/users\/1"}],"replies":[{"embeddable":true,"href":"https:\/\/blog.express-cbd.com\/nl\/wp-json\/wp\/v2\/comments?post=19366"}],"version-history":[{"count":1,"href":"https:\/\/blog.express-cbd.com\/nl\/wp-json\/wp\/v2\/pages\/19366\/revisions"}],"predecessor-version":[{"id":19368,"href":"https:\/\/blog.express-cbd.com\/nl\/wp-json\/wp\/v2\/pages\/19366\/revisions\/19368"}],"wp:attachment":[{"href":"https:\/\/blog.express-cbd.com\/nl\/wp-json\/wp\/v2\/media?parent=19366"}],"curies":[{"name":"wp","href":"https:\/\/api.w.org\/{rel}","templated":true}]}}