{"id":19347,"date":"2026-04-28T14:29:10","date_gmt":"2026-04-28T14:29:10","guid":{"rendered":"https:\/\/blog.express-cbd.com\/zasady-przekazywania-informacji-zwrotnych\/"},"modified":"2026-04-28T16:05:11","modified_gmt":"2026-04-28T16:05:11","slug":"zasady-przekazywania-informacji-zwrotnych","status":"publish","type":"page","link":"https:\/\/blog.express-cbd.com\/pl\/zasady-przekazywania-informacji-zwrotnych\/","title":{"rendered":"Zasady przekazywania informacji zwrotnych"},"content":{"rendered":"\n<h3 class=\"wp-block-heading\" id=\"h-our-commitment-to-feedback\">Nasze zaanga\u017cowanie w przekazywanie informacji zwrotnych<\/h3>\n\n<p>Opinie czytelnik\u00f3w traktujemy powa\u017cnie. Niezale\u017cnie od tego, czy zauwa\u017cy\u0142e\u015b b\u0142\u0105d rzeczowy, chcesz zakwestionowa\u0107 co\u015b, co napisali\u015bmy, masz skarg\u0119 dotycz\u0105c\u0105 sposobu, w jaki temat zosta\u0142 potraktowany, czy po prostu chcesz podzieli\u0107 si\u0119 sugesti\u0105 &#8211; chcemy us\u0142ysze\u0107 od Ciebie i zobowi\u0105zujemy si\u0119 do odpowiedzi. <\/p>\n\n<p>Na tej stronie wyja\u015bniono, jak si\u0119 z nami skontaktowa\u0107, co si\u0119 dzieje, gdy to zrobisz, i czego mo\u017cesz oczekiwa\u0107 w zamian.<\/p>\n\n<hr class=\"wp-block-separator has-alpha-channel-opacity\"\/>\n\n<h3 class=\"wp-block-heading\" id=\"h-what-we-want-to-hear-about\">O czym chcemy us\u0142ysze\u0107<\/h3>\n\n<p><strong>B\u0142\u0119dy rzeczowe.<\/strong>  Je\u015bli co\u015b, co napisali\u015bmy, jest nieprawid\u0142owe &#8211; b\u0142\u0119dna liczba dawek, nieaktualny status prawny, b\u0142\u0119dnie przypisane roszczenie &#8211; prosimy o poinformowanie nas o tym. Sprawdzimy to i niezw\u0142ocznie poprawimy. <\/p>\n\n<p><strong>Nieaktualne informacje.<\/strong>  Przepisy dotycz\u0105ce CBD i dost\u0119pno\u015b\u0107 produkt\u00f3w cz\u0119sto zmieniaj\u0105 si\u0119 na naszych rynkach. Je\u015bli jaka\u015b tre\u015b\u0107 nie jest ju\u017c odpowiednia dla twojego kraju lub regionu, daj nam zna\u0107, a my j\u0105 zweryfikujemy. <\/p>\n\n<p><strong>W\u0105tpliwo\u015bci redakcyjne.<\/strong>  Je\u015bli uwa\u017casz, \u017ce artyku\u0142 wprowadza w b\u0142\u0105d, jest niewywa\u017cony lub b\u0142\u0119dnie przedstawia produkt, mark\u0119 lub temat, chcemy o tym wiedzie\u0107. Powa\u017cnie traktujemy rzetelno\u015b\u0107 redakcyjn\u0105 i przeanalizujemy wszelkie uzasadnione obawy. <\/p>\n\n<p><strong>Kwestie dost\u0119pno\u015bci.<\/strong>  Je\u015bli nasze tre\u015bci s\u0105 trudne do odczytania, nawigacji lub zrozumienia &#8211; ze wzgl\u0119du na j\u0119zyk, formatowanie lub bariery techniczne &#8211; prosimy o ich oznaczenie.<\/p>\n\n<p><strong>Jako\u015b\u0107 t\u0142umaczenia.<\/strong>  Publikujemy w o\u015bmiu j\u0119zykach. Je\u015bli zauwa\u017cysz b\u0142\u0105d lub niezr\u0119czne t\u0142umaczenie w jednym z naszych wyda\u0144 nieangloj\u0119zycznych, b\u0119dziemy wdzi\u0119czni za powiadomienie. <\/p>\n\n<p><strong>Og\u00f3lne sugestie.<\/strong>  Tematy, kt\u00f3re chcia\u0142by\u015b, aby\u015bmy poruszyli, formaty, kt\u00f3re uwa\u017casz za bardziej przydatne, lub cokolwiek innego, co mog\u0142oby ulepszy\u0107 blog &#8211; jeste\u015bmy na to otwarci.<\/p>\n\n<hr class=\"wp-block-separator has-alpha-channel-opacity\"\/>\n\n<h3 class=\"wp-block-heading\" id=\"h-how-to-submit-feedback\">Jak przes\u0142a\u0107 opini\u0119<\/h3>\n\n<p>Wszystkie opinie s\u0105 przesy\u0142ane za po\u015brednictwem naszej strony kontaktowej:<\/p>\n\n<p><strong><a href=\"https:\/\/blog.express-cbd.com\/pl\/kontakt\/\">Prze\u015blij opini\u0119 tutaj \u2192 blog.express-cbd.com\/contact-us\/<\/a><\/strong><\/p>\n\n<p>Przy sk\u0142adaniu wniosku warto za\u0142\u0105czy\u0107:<\/p>\n\n<ul class=\"wp-block-list\">\n<li>Adres URL artyku\u0142u lub strony, o kt\u00f3rej piszesz<\/li>\n\n\n\n<li>Jasny opis problemu lub sugestii<\/li>\n\n\n\n<li>Wszelkie \u017ar\u00f3d\u0142a lub dowody, kt\u00f3re mo\u017cesz wskaza\u0107, je\u015bli s\u0105 istotne<\/li>\n<\/ul>\n\n<p>Nie musisz podawa\u0107 swojego imienia i nazwiska, je\u015bli wolisz pozosta\u0107 anonimowy, ale podanie danych kontaktowych pozwoli nam skontaktowa\u0107 si\u0119 z Tob\u0105 bezpo\u015brednio.<\/p>\n\n<hr class=\"wp-block-separator has-alpha-channel-opacity\"\/>\n\n<h3 class=\"wp-block-heading\" id=\"h-what-happens-next\">Co b\u0119dzie dalej<\/h3>\n\n<p><strong>W ci\u0105gu 3 dni roboczych<\/strong> &#8211; potwierdzimy Twoj\u0105 wiadomo\u015b\u0107 i potwierdzimy, \u017ce dotar\u0142a ona do w\u0142a\u015bciwej osoby.<\/p>\n\n<p><strong>W ci\u0105gu 10 dni roboczych<\/strong> &#8211; zako\u0144czymy weryfikacj\u0119 i udzielimy odpowiedzi. W przypadku prostych poprawek merytorycznych staramy si\u0119 dzia\u0142a\u0107 znacznie szybciej. <\/p>\n\n<p><strong>Je\u015bli zostanie wprowadzona korekta<\/strong> &#8211; zaktualizujemy artyku\u0142 i dodamy notatk\u0119 o korekcie u g\u00f3ry strony, podaj\u0105c dat\u0119 i charakter zmiany. Nie edytujemy tre\u015bci po cichu. <\/p>\n\n<p><strong>Je\u015bli si\u0119 nie zgadzamy<\/strong> &#8211; wyja\u015bnimy nasze rozumowanie jasno i z szacunkiem. Nie b\u0119dziemy odrzuca\u0107 opinii bez zaanga\u017cowania si\u0119 w nie, ale nie b\u0119dziemy te\u017c wprowadza\u0107 zmian, kt\u00f3re naszym zdaniem nie s\u0105 redakcyjnie uzasadnione. <\/p>\n\n<hr class=\"wp-block-separator has-alpha-channel-opacity\"\/>\n\n<h3 class=\"wp-block-heading\" id=\"h-complaints-about-editorial-conduct\">Skargi dotycz\u0105ce post\u0119powania redakcyjnego<\/h3>\n\n<p>Je\u015bli Twoje obawy dotycz\u0105 post\u0119powania redakcyjnego &#8211; takiego jak konflikt interes\u00f3w, naruszenie naszych zasad publikowania lub tre\u015bci, kt\u00f3re uwa\u017casz za szkodliwe &#8211; prosimy o wyra\u017ane zaznaczenie tego w wiadomo\u015bci. Takie skargi s\u0105 traktowane priorytetowo i rozpatrywane bezpo\u015brednio przez kierownictwo redakcji, a nie nasz og\u00f3lny zesp\u00f3\u0142 wsparcia. <\/p>\n\n<p>Je\u015bli uwa\u017casz, \u017ce Twoja skarga nie zosta\u0142a odpowiednio rozwi\u0105zana po wykonaniu tego procesu, napisz o tym w wiadomo\u015bci uzupe\u0142niaj\u0105cej, a my odpowiednio eskalujemy.<\/p>\n\n<hr class=\"wp-block-separator has-alpha-channel-opacity\"\/>\n\n<h3 class=\"wp-block-heading\" id=\"h-what-we-don-t-action\">Czego nie robimy<\/h3>\n\n<p>W ramach tego procesu nie jeste\u015bmy w stanie podj\u0105\u0107 nast\u0119puj\u0105cych dzia\u0142a\u0144:<\/p>\n\n<ul class=\"wp-block-list\">\n<li>Wnioski o usuni\u0119cie artyku\u0142\u00f3w z powod\u00f3w komercyjnych lub wizerunkowych bez uzasadnienia redakcyjnego<\/li>\n\n\n\n<li>Informacje zwrotne przes\u0142ane w imieniu marki w celu wywarcia wp\u0142ywu na zasi\u0119g.<\/li>\n\n\n\n<li>Gro\u017aby lub \u017c\u0105dania prawne &#8211; nale\u017cy je kierowa\u0107 na nasz zarejestrowany adres za po\u015brednictwem formalnych kana\u0142\u00f3w.<\/li>\n<\/ul>\n\n<hr class=\"wp-block-separator has-alpha-channel-opacity\"\/>\n\n<h3 class=\"wp-block-heading\" id=\"h-corrections-log\">Dziennik korekt<\/h3>\n\n<p>Istotne poprawki wprowadzone w wyniku opinii czytelnik\u00f3w s\u0105 odnotowywane w odpowiednich artyku\u0142ach. Wierzymy, \u017ce przejrzysto\u015b\u0107 w kwestii b\u0142\u0119d\u00f3w buduje wi\u0119ksze zaufanie ni\u017c udawanie, \u017ce do nich nie dosz\u0142o. <\/p>\n\n<hr class=\"wp-block-separator has-alpha-channel-opacity\"\/>\n\n<p><em>Ostatni przegl\u0105d: Kwiecie\u0144 2026<\/em> <em>Aby przes\u0142a\u0107 opini\u0119: <a href=\"https:\/\/blog.express-cbd.com\/pl\/kontakt\/\">blog.express-cbd.com\/contact-us\/<\/a><\/em><\/p>\n<p style=\"text-align: center\"><a href=\"https:\/\/express-cbd.com\" target=\"_blank\">Visit Express CBD Store<\/a><\/p>","protected":false},"excerpt":{"rendered":"<p>Nasze zaanga\u017cowanie w przekazywanie informacji zwrotnych Opinie czytelnik\u00f3w traktujemy powa\u017cnie. Niezale\u017cnie od tego, czy zauwa\u017cy\u0142e\u015b b\u0142\u0105d rzeczowy, chcesz zakwestionowa\u0107 co\u015b, co napisali\u015bmy, masz skarg\u0119 dotycz\u0105c\u0105 sposobu, w jaki temat zosta\u0142 potraktowany, czy po prostu chcesz podzieli\u0107 si\u0119 sugesti\u0105 &#8211; chcemy us\u0142ysze\u0107 od Ciebie i zobowi\u0105zujemy si\u0119 do odpowiedzi. Na tej stronie wyja\u015bniono, jak si\u0119 z&#8230;<\/p>\n","protected":false},"author":1,"featured_media":0,"parent":0,"menu_order":0,"comment_status":"closed","ping_status":"closed","template":"","meta":{"footnotes":""},"class_list":["post-19347","page","type-page","status-publish","hentry"],"yoast_head":"<!-- This site is optimized with the Yoast SEO Premium plugin v27.5 (Yoast SEO v27.5) - https:\/\/yoast.com\/product\/yoast-seo-premium-wordpress\/ -->\n<title>Zasady przekazywania informacji zwrotnych - Express CBD Blog<\/title>\n<meta name=\"robots\" content=\"index, follow, max-snippet:-1, max-image-preview:large, max-video-preview:-1\" \/>\n<link rel=\"canonical\" href=\"https:\/\/blog.express-cbd.com\/pl\/zasady-przekazywania-informacji-zwrotnych\/\" \/>\n<meta property=\"og:locale\" content=\"pl_PL\" \/>\n<meta property=\"og:type\" content=\"article\" \/>\n<meta property=\"og:title\" content=\"Zasady przekazywania informacji zwrotnych\" \/>\n<meta property=\"og:description\" content=\"Nasze zaanga\u017cowanie w przekazywanie informacji zwrotnych Opinie czytelnik\u00f3w traktujemy powa\u017cnie. Niezale\u017cnie od tego, czy zauwa\u017cy\u0142e\u015b b\u0142\u0105d rzeczowy, chcesz zakwestionowa\u0107 co\u015b, co napisali\u015bmy, masz skarg\u0119 dotycz\u0105c\u0105 sposobu, w jaki temat zosta\u0142 potraktowany, czy po prostu chcesz podzieli\u0107 si\u0119 sugesti\u0105 &#8211; chcemy us\u0142ysze\u0107 od Ciebie i zobowi\u0105zujemy si\u0119 do odpowiedzi. Na tej stronie wyja\u015bniono, jak si\u0119 z...\" \/>\n<meta property=\"og:url\" content=\"https:\/\/blog.express-cbd.com\/pl\/zasady-przekazywania-informacji-zwrotnych\/\" \/>\n<meta property=\"og:site_name\" content=\"Express CBD Blog\" \/>\n<meta property=\"article:modified_time\" content=\"2026-04-28T16:05:11+00:00\" \/>\n<meta property=\"og:image\" content=\"https:\/\/blog.express-cbd.com\/wp-content\/uploads\/2026\/04\/Express-CBD-Logo-scaled.png\" \/>\n\t<meta property=\"og:image:width\" content=\"2560\" \/>\n\t<meta property=\"og:image:height\" content=\"1533\" \/>\n\t<meta property=\"og:image:type\" content=\"image\/png\" \/>\n<meta name=\"twitter:card\" content=\"summary_large_image\" \/>\n<meta name=\"twitter:site\" content=\"@ExpressCBDCom\" \/>\n<meta name=\"twitter:label1\" content=\"Szacowany czas czytania\" \/>\n\t<meta name=\"twitter:data1\" content=\"4 minuty\" \/>\n<script type=\"application\/ld+json\" class=\"yoast-schema-graph\">{\"@context\":\"https:\\\/\\\/schema.org\",\"@graph\":[{\"@type\":[\"Article\",\"BlogPosting\"],\"@id\":\"https:\\\/\\\/blog.express-cbd.com\\\/pl\\\/zasady-przekazywania-informacji-zwrotnych\\\/#article\",\"isPartOf\":{\"@id\":\"https:\\\/\\\/blog.express-cbd.com\\\/pl\\\/zasady-przekazywania-informacji-zwrotnych\\\/\"},\"author\":{\"name\":\"mwaqas\",\"@id\":\"https:\\\/\\\/blog.express-cbd.com\\\/pl\\\/#\\\/schema\\\/person\\\/78065cdeb6132989e9c08e9a8e41a9de\"},\"headline\":\"Zasady przekazywania informacji zwrotnych\",\"datePublished\":\"2026-04-28T14:29:10+00:00\",\"dateModified\":\"2026-04-28T16:05:11+00:00\",\"mainEntityOfPage\":{\"@id\":\"https:\\\/\\\/blog.express-cbd.com\\\/pl\\\/zasady-przekazywania-informacji-zwrotnych\\\/\"},\"wordCount\":711,\"publisher\":{\"@id\":\"https:\\\/\\\/blog.express-cbd.com\\\/pl\\\/#organization\"},\"inLanguage\":\"pl-PL\"},{\"@type\":\"WebPage\",\"@id\":\"https:\\\/\\\/blog.express-cbd.com\\\/pl\\\/zasady-przekazywania-informacji-zwrotnych\\\/\",\"url\":\"https:\\\/\\\/blog.express-cbd.com\\\/pl\\\/zasady-przekazywania-informacji-zwrotnych\\\/\",\"name\":\"Zasady przekazywania informacji zwrotnych - Express CBD Blog\",\"isPartOf\":{\"@id\":\"https:\\\/\\\/blog.express-cbd.com\\\/pl\\\/#website\"},\"datePublished\":\"2026-04-28T14:29:10+00:00\",\"dateModified\":\"2026-04-28T16:05:11+00:00\",\"breadcrumb\":{\"@id\":\"https:\\\/\\\/blog.express-cbd.com\\\/pl\\\/zasady-przekazywania-informacji-zwrotnych\\\/#breadcrumb\"},\"inLanguage\":\"pl-PL\",\"potentialAction\":[{\"@type\":\"ReadAction\",\"target\":[\"https:\\\/\\\/blog.express-cbd.com\\\/pl\\\/zasady-przekazywania-informacji-zwrotnych\\\/\"]}]},{\"@type\":\"BreadcrumbList\",\"@id\":\"https:\\\/\\\/blog.express-cbd.com\\\/pl\\\/zasady-przekazywania-informacji-zwrotnych\\\/#breadcrumb\",\"itemListElement\":[{\"@type\":\"ListItem\",\"position\":1,\"name\":\"Express CBD Blog\",\"item\":\"https:\\\/\\\/blog.express-cbd.com\\\/pl\\\/\"},{\"@type\":\"ListItem\",\"position\":2,\"name\":\"Zasady przekazywania informacji zwrotnych\"}]},{\"@type\":\"WebSite\",\"@id\":\"https:\\\/\\\/blog.express-cbd.com\\\/pl\\\/#website\",\"url\":\"https:\\\/\\\/blog.express-cbd.com\\\/pl\\\/\",\"name\":\"Express CBD Blog\",\"description\":\"Spostrze\u017cenia i Porady ekspert\u00f3w na temat CBD\",\"publisher\":{\"@id\":\"https:\\\/\\\/blog.express-cbd.com\\\/pl\\\/#organization\"},\"potentialAction\":[{\"@type\":\"SearchAction\",\"target\":{\"@type\":\"EntryPoint\",\"urlTemplate\":\"https:\\\/\\\/blog.express-cbd.com\\\/pl\\\/?s={search_term_string}\"},\"query-input\":{\"@type\":\"PropertyValueSpecification\",\"valueRequired\":true,\"valueName\":\"search_term_string\"}}],\"inLanguage\":\"pl-PL\"},{\"@type\":\"Organization\",\"@id\":\"https:\\\/\\\/blog.express-cbd.com\\\/pl\\\/#organization\",\"name\":\"Express CBD Blog\",\"url\":\"https:\\\/\\\/blog.express-cbd.com\\\/pl\\\/\",\"logo\":{\"@type\":\"ImageObject\",\"inLanguage\":\"pl-PL\",\"@id\":\"https:\\\/\\\/blog.express-cbd.com\\\/pl\\\/#\\\/schema\\\/logo\\\/image\\\/\",\"url\":\"https:\\\/\\\/blog.express-cbd.com\\\/wp-content\\\/uploads\\\/2023\\\/04\\\/Express-CBD-Blog.png\",\"contentUrl\":\"https:\\\/\\\/blog.express-cbd.com\\\/wp-content\\\/uploads\\\/2023\\\/04\\\/Express-CBD-Blog.png\",\"width\":3596,\"height\":2154,\"caption\":\"Express CBD Blog\"},\"image\":{\"@id\":\"https:\\\/\\\/blog.express-cbd.com\\\/pl\\\/#\\\/schema\\\/logo\\\/image\\\/\"},\"sameAs\":[\"https:\\\/\\\/x.com\\\/ExpressCBDCom\",\"https:\\\/\\\/www.threads.com\\\/@expresscbdcom\",\"https:\\\/\\\/www.instagram.com\\\/expresscbdcom\"],\"description\":\"Express CBD is a UK online shop offering premium CBD oils, capsules, vapes, edibles, skincare, and vaping products from hundreds of trusted brands.\",\"email\":\"info@express-cbd.com\",\"legalName\":\"Express CBD\",\"foundingDate\":\"2023-03-02\",\"numberOfEmployees\":{\"@type\":\"QuantitativeValue\",\"minValue\":\"1\",\"maxValue\":\"10\"},\"publishingPrinciples\":\"https:\\\/\\\/blog.express-cbd.com\\\/publishing-principles\\\/\",\"ownershipFundingInfo\":\"https:\\\/\\\/blog.express-cbd.com\\\/ownership-funding\\\/\",\"actionableFeedbackPolicy\":\"https:\\\/\\\/blog.express-cbd.com\\\/feedback\\\/\",\"correctionsPolicy\":\"https:\\\/\\\/blog.express-cbd.com\\\/corrections-policy\\\/\",\"ethicsPolicy\":\"https:\\\/\\\/blog.express-cbd.com\\\/ethics-policy\\\/\"},{\"@type\":\"Person\",\"@id\":\"https:\\\/\\\/blog.express-cbd.com\\\/pl\\\/#\\\/schema\\\/person\\\/78065cdeb6132989e9c08e9a8e41a9de\",\"name\":\"mwaqas\",\"image\":{\"@type\":\"ImageObject\",\"inLanguage\":\"pl-PL\",\"@id\":\"https:\\\/\\\/secure.gravatar.com\\\/avatar\\\/2a30f733013cda40b9c7ec618bcc992b00abc66beb99013a7ed31247a19de5ee?s=96&d=mm&r=g\",\"url\":\"https:\\\/\\\/secure.gravatar.com\\\/avatar\\\/2a30f733013cda40b9c7ec618bcc992b00abc66beb99013a7ed31247a19de5ee?s=96&d=mm&r=g\",\"contentUrl\":\"https:\\\/\\\/secure.gravatar.com\\\/avatar\\\/2a30f733013cda40b9c7ec618bcc992b00abc66beb99013a7ed31247a19de5ee?s=96&d=mm&r=g\",\"caption\":\"mwaqas\"},\"sameAs\":[\"http:\\\/\\\/blog.express-cbd.com\"],\"url\":\"https:\\\/\\\/blog.express-cbd.com\\\/pl\\\/author\\\/mwaqas\\\/\"}]}<\/script>\n<!-- \/ Yoast SEO Premium plugin. -->","yoast_head_json":{"title":"Zasady przekazywania informacji zwrotnych - Express CBD Blog","robots":{"index":"index","follow":"follow","max-snippet":"max-snippet:-1","max-image-preview":"max-image-preview:large","max-video-preview":"max-video-preview:-1"},"canonical":"https:\/\/blog.express-cbd.com\/pl\/zasady-przekazywania-informacji-zwrotnych\/","og_locale":"pl_PL","og_type":"article","og_title":"Zasady przekazywania informacji zwrotnych","og_description":"Nasze zaanga\u017cowanie w przekazywanie informacji zwrotnych Opinie czytelnik\u00f3w traktujemy powa\u017cnie. Niezale\u017cnie od tego, czy zauwa\u017cy\u0142e\u015b b\u0142\u0105d rzeczowy, chcesz zakwestionowa\u0107 co\u015b, co napisali\u015bmy, masz skarg\u0119 dotycz\u0105c\u0105 sposobu, w jaki temat zosta\u0142 potraktowany, czy po prostu chcesz podzieli\u0107 si\u0119 sugesti\u0105 &#8211; chcemy us\u0142ysze\u0107 od Ciebie i zobowi\u0105zujemy si\u0119 do odpowiedzi. Na tej stronie wyja\u015bniono, jak si\u0119 z...","og_url":"https:\/\/blog.express-cbd.com\/pl\/zasady-przekazywania-informacji-zwrotnych\/","og_site_name":"Express CBD Blog","article_modified_time":"2026-04-28T16:05:11+00:00","og_image":[{"width":2560,"height":1533,"url":"https:\/\/blog.express-cbd.com\/wp-content\/uploads\/2026\/04\/Express-CBD-Logo-scaled.png","type":"image\/png"}],"twitter_card":"summary_large_image","twitter_site":"@ExpressCBDCom","twitter_misc":{"Szacowany czas czytania":"4 minuty"},"schema":{"@context":"https:\/\/schema.org","@graph":[{"@type":["Article","BlogPosting"],"@id":"https:\/\/blog.express-cbd.com\/pl\/zasady-przekazywania-informacji-zwrotnych\/#article","isPartOf":{"@id":"https:\/\/blog.express-cbd.com\/pl\/zasady-przekazywania-informacji-zwrotnych\/"},"author":{"name":"mwaqas","@id":"https:\/\/blog.express-cbd.com\/pl\/#\/schema\/person\/78065cdeb6132989e9c08e9a8e41a9de"},"headline":"Zasady przekazywania informacji zwrotnych","datePublished":"2026-04-28T14:29:10+00:00","dateModified":"2026-04-28T16:05:11+00:00","mainEntityOfPage":{"@id":"https:\/\/blog.express-cbd.com\/pl\/zasady-przekazywania-informacji-zwrotnych\/"},"wordCount":711,"publisher":{"@id":"https:\/\/blog.express-cbd.com\/pl\/#organization"},"inLanguage":"pl-PL"},{"@type":"WebPage","@id":"https:\/\/blog.express-cbd.com\/pl\/zasady-przekazywania-informacji-zwrotnych\/","url":"https:\/\/blog.express-cbd.com\/pl\/zasady-przekazywania-informacji-zwrotnych\/","name":"Zasady przekazywania informacji zwrotnych - Express CBD Blog","isPartOf":{"@id":"https:\/\/blog.express-cbd.com\/pl\/#website"},"datePublished":"2026-04-28T14:29:10+00:00","dateModified":"2026-04-28T16:05:11+00:00","breadcrumb":{"@id":"https:\/\/blog.express-cbd.com\/pl\/zasady-przekazywania-informacji-zwrotnych\/#breadcrumb"},"inLanguage":"pl-PL","potentialAction":[{"@type":"ReadAction","target":["https:\/\/blog.express-cbd.com\/pl\/zasady-przekazywania-informacji-zwrotnych\/"]}]},{"@type":"BreadcrumbList","@id":"https:\/\/blog.express-cbd.com\/pl\/zasady-przekazywania-informacji-zwrotnych\/#breadcrumb","itemListElement":[{"@type":"ListItem","position":1,"name":"Express CBD Blog","item":"https:\/\/blog.express-cbd.com\/pl\/"},{"@type":"ListItem","position":2,"name":"Zasady przekazywania informacji zwrotnych"}]},{"@type":"WebSite","@id":"https:\/\/blog.express-cbd.com\/pl\/#website","url":"https:\/\/blog.express-cbd.com\/pl\/","name":"Express CBD Blog","description":"Spostrze\u017cenia i Porady ekspert\u00f3w na temat CBD","publisher":{"@id":"https:\/\/blog.express-cbd.com\/pl\/#organization"},"potentialAction":[{"@type":"SearchAction","target":{"@type":"EntryPoint","urlTemplate":"https:\/\/blog.express-cbd.com\/pl\/?s={search_term_string}"},"query-input":{"@type":"PropertyValueSpecification","valueRequired":true,"valueName":"search_term_string"}}],"inLanguage":"pl-PL"},{"@type":"Organization","@id":"https:\/\/blog.express-cbd.com\/pl\/#organization","name":"Express CBD Blog","url":"https:\/\/blog.express-cbd.com\/pl\/","logo":{"@type":"ImageObject","inLanguage":"pl-PL","@id":"https:\/\/blog.express-cbd.com\/pl\/#\/schema\/logo\/image\/","url":"https:\/\/blog.express-cbd.com\/wp-content\/uploads\/2023\/04\/Express-CBD-Blog.png","contentUrl":"https:\/\/blog.express-cbd.com\/wp-content\/uploads\/2023\/04\/Express-CBD-Blog.png","width":3596,"height":2154,"caption":"Express CBD Blog"},"image":{"@id":"https:\/\/blog.express-cbd.com\/pl\/#\/schema\/logo\/image\/"},"sameAs":["https:\/\/x.com\/ExpressCBDCom","https:\/\/www.threads.com\/@expresscbdcom","https:\/\/www.instagram.com\/expresscbdcom"],"description":"Express CBD is a UK online shop offering premium CBD oils, capsules, vapes, edibles, skincare, and vaping products from hundreds of trusted brands.","email":"info@express-cbd.com","legalName":"Express CBD","foundingDate":"2023-03-02","numberOfEmployees":{"@type":"QuantitativeValue","minValue":"1","maxValue":"10"},"publishingPrinciples":"https:\/\/blog.express-cbd.com\/publishing-principles\/","ownershipFundingInfo":"https:\/\/blog.express-cbd.com\/ownership-funding\/","actionableFeedbackPolicy":"https:\/\/blog.express-cbd.com\/feedback\/","correctionsPolicy":"https:\/\/blog.express-cbd.com\/corrections-policy\/","ethicsPolicy":"https:\/\/blog.express-cbd.com\/ethics-policy\/"},{"@type":"Person","@id":"https:\/\/blog.express-cbd.com\/pl\/#\/schema\/person\/78065cdeb6132989e9c08e9a8e41a9de","name":"mwaqas","image":{"@type":"ImageObject","inLanguage":"pl-PL","@id":"https:\/\/secure.gravatar.com\/avatar\/2a30f733013cda40b9c7ec618bcc992b00abc66beb99013a7ed31247a19de5ee?s=96&d=mm&r=g","url":"https:\/\/secure.gravatar.com\/avatar\/2a30f733013cda40b9c7ec618bcc992b00abc66beb99013a7ed31247a19de5ee?s=96&d=mm&r=g","contentUrl":"https:\/\/secure.gravatar.com\/avatar\/2a30f733013cda40b9c7ec618bcc992b00abc66beb99013a7ed31247a19de5ee?s=96&d=mm&r=g","caption":"mwaqas"},"sameAs":["http:\/\/blog.express-cbd.com"],"url":"https:\/\/blog.express-cbd.com\/pl\/author\/mwaqas\/"}]}},"_links":{"self":[{"href":"https:\/\/blog.express-cbd.com\/pl\/wp-json\/wp\/v2\/pages\/19347","targetHints":{"allow":["GET"]}}],"collection":[{"href":"https:\/\/blog.express-cbd.com\/pl\/wp-json\/wp\/v2\/pages"}],"about":[{"href":"https:\/\/blog.express-cbd.com\/pl\/wp-json\/wp\/v2\/types\/page"}],"author":[{"embeddable":true,"href":"https:\/\/blog.express-cbd.com\/pl\/wp-json\/wp\/v2\/users\/1"}],"replies":[{"embeddable":true,"href":"https:\/\/blog.express-cbd.com\/pl\/wp-json\/wp\/v2\/comments?post=19347"}],"version-history":[{"count":1,"href":"https:\/\/blog.express-cbd.com\/pl\/wp-json\/wp\/v2\/pages\/19347\/revisions"}],"predecessor-version":[{"id":19349,"href":"https:\/\/blog.express-cbd.com\/pl\/wp-json\/wp\/v2\/pages\/19347\/revisions\/19349"}],"wp:attachment":[{"href":"https:\/\/blog.express-cbd.com\/pl\/wp-json\/wp\/v2\/media?parent=19347"}],"curies":[{"name":"wp","href":"https:\/\/api.w.org\/{rel}","templated":true}]}}