{"id":19377,"date":"2026-04-28T14:30:54","date_gmt":"2026-04-28T14:30:54","guid":{"rendered":"https:\/\/blog.express-cbd.com\/polityka-poprawek\/"},"modified":"2026-04-28T16:05:55","modified_gmt":"2026-04-28T16:05:55","slug":"polityka-poprawek","status":"publish","type":"page","link":"https:\/\/blog.express-cbd.com\/pl\/polityka-poprawek\/","title":{"rendered":"Polityka poprawek"},"content":{"rendered":"\n<hr class=\"wp-block-separator has-alpha-channel-opacity\"\/>\n\n<h2 class=\"wp-block-heading\" id=\"h-corrections-policy-express-cbd-blog\">Polityka poprawek &#8211; Blog Express CBD<\/h2>\n\n<h3 class=\"wp-block-heading\" id=\"h-our-approach-to-corrections\">Nasze podej\u015bcie do poprawek<\/h3>\n\n<p>Staramy si\u0119, aby wszystko by\u0142o dobrze za pierwszym razem. Gdy nam si\u0119 to nie uda, poprawiamy zapis &#8211; otwarcie, szybko i bez pr\u00f3by ukrycia, \u017ce wyst\u0105pi\u0142 b\u0142\u0105d. Ciche edycje, kt\u00f3re nie pozostawiaj\u0105 \u015blad\u00f3w, podwa\u017caj\u0105 zaufanie czytelnik\u00f3w. Niniejsze zasady wyja\u015bniaj\u0105, jak radzimy sobie z b\u0142\u0119dami i jak mo\u017cna je zg\u0142asza\u0107.   <\/p>\n\n<hr class=\"wp-block-separator has-alpha-channel-opacity\"\/>\n\n<h3 class=\"wp-block-heading\" id=\"h-types-of-corrections\">Rodzaje poprawek<\/h3>\n\n<p><strong>B\u0142\u0119dy rzeczowe.<\/strong>  B\u0142\u0119dna liczba, data, nazwa, specyfikacja produktu lub stwierdzenie faktu. S\u0105 one korygowane natychmiast po ich zweryfikowaniu, a do artyku\u0142u dodawana jest nota koryguj\u0105ca. <\/p>\n\n<p><strong>Nieaktualne informacje.<\/strong>  Prawo CBD, formu\u0142y produkt\u00f3w i dost\u0119pno\u015b\u0107 rynkowa zmieniaj\u0105 si\u0119 regularnie na naszych rynkach wydawniczych. Tre\u015bci, kt\u00f3re by\u0142y dok\u0142adne w momencie publikacji, mog\u0105 z czasem sta\u0107 si\u0119 myl\u0105ce. Gdy zostanie to zidentyfikowane &#8211; przez nasz zesp\u00f3\u0142 lub czytelnika &#8211; aktualizujemy tre\u015b\u0107 i odnotowujemy dat\u0119 aktualizacji.  <\/p>\n\n<p><strong>Wprowadzaj\u0105ce w b\u0142\u0105d kadrowanie.<\/strong>  Czasami poszczeg\u00f3lne fakty s\u0105 prawid\u0142owe, ale og\u00f3lne wra\u017cenie, jakie wywo\u0142uje artyku\u0142, nie jest prawid\u0142owe. Je\u015bli stwierdzimy, \u017ce artyku\u0142 wprowadza w b\u0142\u0105d poprzez pomini\u0119cie, brak r\u00f3wnowagi lub kadrowanie, poprawimy go i wyja\u015bnimy, co si\u0119 zmieni\u0142o. <\/p>\n\n<p><strong>B\u0142\u0119dy w t\u0142umaczeniu.<\/strong>  Publikujemy w o\u015bmiu j\u0119zykach. B\u0142\u0119dy wprowadzone podczas t\u0142umaczenia &#8211; czy to w znaczeniu, tonie czy kontek\u015bcie prawnym &#8211; s\u0105 traktowane tak samo jak b\u0142\u0119dy w oryginalnej tre\u015bci. <\/p>\n\n<p><strong>Drobne b\u0142\u0119dy.<\/strong>  B\u0142\u0119dy ortograficzne, niedzia\u0142aj\u0105ce linki, problemy z formatowaniem i podobne nieistotne problemy s\u0105 naprawiane po cichu bez formalnego powiadomienia o korekcie, poniewa\u017c nie maj\u0105 one wp\u0142ywu na znaczenie lub dok\u0142adno\u015b\u0107.<\/p>\n\n<hr class=\"wp-block-separator has-alpha-channel-opacity\"\/>\n\n<h3 class=\"wp-block-heading\" id=\"h-how-corrections-are-made\">Jak wprowadzane s\u0105 poprawki<\/h3>\n\n<p>Gdy wymagana jest korekta merytoryczna, post\u0119pujemy zgodnie z poni\u017cszymi krokami:<\/p>\n\n<p><strong>1. Zweryfikuj b\u0142\u0105d.<\/strong>  Weryfikujemy roszczenie, sprawdzamy oryginalne \u017ar\u00f3d\u0142o i potwierdzamy, czy korekta jest uzasadniona. Nie dokonujemy korekt wy\u0142\u0105cznie na podstawie opinii lub nacisk\u00f3w komercyjnych. <\/p>\n\n<p><strong>2. Zaktualizuj zawarto\u015b\u0107.<\/strong>  Artyku\u0142 zosta\u0142 zmieniony, aby odzwierciedli\u0107 dok\u0142adne informacje.<\/p>\n\n<p><strong>3. Dodaj powiadomienie o korekcie.<\/strong>  W g\u00f3rnej cz\u0119\u015bci artyku\u0142u znajduje si\u0119 wyra\u017anie oznaczona uwaga:<\/p>\n\n<ul class=\"wp-block-list\">\n<li>Data dokonania korekty<\/li>\n\n\n\n<li>Co by\u0142o nieprawid\u0142owe<\/li>\n\n\n\n<li>Jakie s\u0105 prawid\u0142owe informacje<\/li>\n<\/ul>\n\n<p>Nie usuwamy oryginalnego nieprawid\u0142owego tekstu bez jego ujawnienia. Tam, gdzie jest to pomocne dla kontekstu, oryginalne sformu\u0142owanie mo\u017ce by\u0107 pokazane wraz z poprawk\u0105. <\/p>\n\n<p><strong>4. Powiadomi\u0107 reportera.<\/strong>  Je\u015bli korekta zosta\u0142a przes\u0142ana przez czytelnika, informujemy go, \u017ce zosta\u0142a ona uwzgl\u0119dniona.<\/p>\n\n<hr class=\"wp-block-separator has-alpha-channel-opacity\"\/>\n\n<h3 class=\"wp-block-heading\" id=\"h-correction-notice-format\">Format powiadomienia o korekcie<\/h3>\n\n<p>Poprawki pojawiaj\u0105 si\u0119 na g\u00f3rze odpowiedniego artyku\u0142u w nast\u0119puj\u0105cym formacie:<\/p>\n\n<blockquote class=\"wp-block-quote\">\n<p><strong>Korekta &#8211; [Data]:<\/strong> We wcze\u015bniejszej wersji tego artyku\u0142u podano [X]. By\u0142o to nieprawid\u0142owe. Prawid\u0142owa informacja to [Y]. Artyku\u0142 zosta\u0142 odpowiednio zaktualizowany.   <\/p>\n<\/blockquote>\n\n<hr class=\"wp-block-separator has-alpha-channel-opacity\"\/>\n\n<h3 class=\"wp-block-heading\" id=\"h-how-to-report-an-error\">Jak zg\u0142osi\u0107 b\u0142\u0105d<\/h3>\n\n<p>Je\u015bli uwa\u017casz, \u017ce co\u015b, co opublikowali\u015bmy, jest niedok\u0142adne, skontaktuj si\u0119 z nami:<\/p>\n\n<p><strong><a href=\"https:\/\/blog.express-cbd.com\/pl\/kontakt\/\">Zg\u0142o\u015b b\u0142\u0105d \u2192 blog.express-cbd.com\/contact-us\/<\/a><\/strong><\/p>\n\n<p>Aby pom\u00f3c nam w skutecznym przeprowadzeniu dochodzenia, prosimy o do\u0142\u0105czenie:<\/p>\n\n<ul class=\"wp-block-list\">\n<li>Adres URL artyku\u0142u zawieraj\u0105cego b\u0142\u0105d<\/li>\n\n\n\n<li>Konkretne twierdzenie lub fragment, kt\u00f3ry uwa\u017casz za nieprawid\u0142owy<\/li>\n\n\n\n<li>Jakie informacje uwa\u017casz za prawid\u0142owe<\/li>\n\n\n\n<li>Wszelkie \u017ar\u00f3d\u0142a lub dowody, do kt\u00f3rych mo\u017cna si\u0119 odwo\u0142a\u0107<\/li>\n<\/ul>\n\n<p>Zg\u0142oszenia anonimowe s\u0105 akceptowane, ale podanie danych kontaktowych pozwala nam informowa\u0107 o wynikach.<\/p>\n\n<hr class=\"wp-block-separator has-alpha-channel-opacity\"\/>\n\n<h3 class=\"wp-block-heading\" id=\"h-response-timelines\">Terminy odpowiedzi<\/h3>\n\n<figure class=\"wp-block-table\"><table class=\"has-fixed-layout\"><thead><tr><th>Etap<\/th><th>Docelowe ramy czasowe<\/th><\/tr><\/thead><tbody><tr><td>Potwierdzenie raportu<\/td><td>W ci\u0105gu 3 dni roboczych<\/td><\/tr><tr><td>Dochodzenie zako\u0144czone<\/td><td>W ci\u0105gu 10 dni roboczych<\/td><\/tr><tr><td>Opublikowana korekta (je\u015bli utrzymana)<\/td><td>Natychmiast po weryfikacji &#8211; cz\u0119sto tego samego dnia<\/td><\/tr><\/tbody><\/table><\/figure>\n\n<p>W przypadku wyra\u017anych b\u0142\u0119d\u00f3w rzeczowych z solidnymi dowodami, staramy si\u0119 je poprawi\u0107 w ci\u0105gu 24 godzin od weryfikacji.<\/p>\n\n<hr class=\"wp-block-separator has-alpha-channel-opacity\"\/>\n\n<h3 class=\"wp-block-heading\" id=\"h-what-we-don-t-correct\">Czego nie poprawiamy<\/h3>\n\n<p>Nie ka\u017cde zakwestionowanie naszych tre\u015bci skutkuje korekt\u0105. Nie poprawiamy artyku\u0142\u00f3w na podstawie: <\/p>\n\n<ul class=\"wp-block-list\">\n<li>Osobisty brak zgody z konkluzj\u0105 lub opini\u0105 redakcyjn\u0105<\/li>\n\n\n\n<li>\u017b\u0105dania komercyjne od marek lub przedstawicieli PR bez faktycznego uzasadnienia<\/li>\n\n\n\n<li>Nacisk na usuni\u0119cie dok\u0142adnego, ale niepochlebnego pokrycia<\/li>\n\n\n\n<li>Nieuzasadnione twierdzenia bez dowod\u00f3w na ich poparcie<\/li>\n<\/ul>\n\n<p>Je\u015bli dokonamy przegl\u0105du raportu i stwierdzimy, \u017ce korekta nie jest uzasadniona, wyja\u015bnimy nasze rozumowanie w spos\u00f3b jasny i z szacunkiem.<\/p>\n\n<hr class=\"wp-block-separator has-alpha-channel-opacity\"\/>\n\n<h3 class=\"wp-block-heading\" id=\"h-appeals\">Odwo\u0142ania<\/h3>\n\n<p>Je\u015bli z\u0142o\u017cy\u0142e\u015b wniosek o korekt\u0119 i nie zgadzasz si\u0119 z nasz\u0105 decyzj\u0105 o niepodejmowaniu dzia\u0142a\u0144, mo\u017cesz poprosi\u0107 o drug\u0105 recenzj\u0119, podaj\u0105c to w wiadomo\u015bci uzupe\u0142niaj\u0105cej za po\u015brednictwem tej samej strony kontaktowej. Druga weryfikacja jest przeprowadzana przez starszego cz\u0142onka zespo\u0142u redakcyjnego, kt\u00f3ry nie by\u0142 zaanga\u017cowany w pierwotn\u0105 decyzj\u0119. <\/p>\n\n<hr class=\"wp-block-separator has-alpha-channel-opacity\"\/>\n\n<h3 class=\"wp-block-heading\" id=\"h-proactive-corrections\">Proaktywne poprawki<\/h3>\n\n<p>Nie czekamy, a\u017c czytelnicy zidentyfikuj\u0105 b\u0142\u0119dy. Nasz zesp\u00f3\u0142 redakcyjny przeprowadza okresowe przegl\u0105dy publikowanych tre\u015bci &#8211; w szczeg\u00f3lno\u015bci artyku\u0142\u00f3w obejmuj\u0105cych prawo CBD, specyfikacje produkt\u00f3w i o\u015bwiadczenia zdrowotne &#8211; aby zapewni\u0107 utrzymanie dok\u0142adno\u015bci w czasie. Gdy b\u0142\u0119dy s\u0105 wykrywane wewn\u0119trznie, s\u0105 one poprawiane przy u\u017cyciu tego samego procesu opisanego powy\u017cej.  <\/p>\n\n<hr class=\"wp-block-separator has-alpha-channel-opacity\"\/>\n\n<p><em>Ostatni przegl\u0105d: Kwiecie\u0144 2026<\/em> <em>Aby zg\u0142osi\u0107 b\u0142\u0105d: <a href=\"https:\/\/blog.express-cbd.com\/pl\/kontakt\/\">blog.express-cbd.com\/contact-us\/<\/a><\/em><\/p>\n<p style=\"text-align: center\"><a href=\"https:\/\/express-cbd.com\" target=\"_blank\">Visit Express CBD Store<\/a><\/p>","protected":false},"excerpt":{"rendered":"<p>Polityka poprawek &#8211; Blog Express CBD Nasze podej\u015bcie do poprawek Staramy si\u0119, aby wszystko by\u0142o dobrze za pierwszym razem. Gdy nam si\u0119 to nie uda, poprawiamy zapis &#8211; otwarcie, szybko i bez pr\u00f3by ukrycia, \u017ce wyst\u0105pi\u0142 b\u0142\u0105d. Ciche edycje, kt\u00f3re nie pozostawiaj\u0105 \u015blad\u00f3w, podwa\u017caj\u0105 zaufanie czytelnik\u00f3w. Niniejsze zasady wyja\u015bniaj\u0105, jak radzimy sobie z b\u0142\u0119dami i&#8230;<\/p>\n","protected":false},"author":1,"featured_media":0,"parent":0,"menu_order":0,"comment_status":"closed","ping_status":"closed","template":"","meta":{"footnotes":""},"class_list":["post-19377","page","type-page","status-publish","hentry"],"yoast_head":"<!-- This site is optimized with the Yoast SEO Premium plugin v27.5 (Yoast SEO v27.5) - https:\/\/yoast.com\/product\/yoast-seo-premium-wordpress\/ -->\n<title>Polityka poprawek - Express CBD Blog<\/title>\n<meta name=\"robots\" content=\"index, follow, max-snippet:-1, max-image-preview:large, max-video-preview:-1\" \/>\n<link rel=\"canonical\" href=\"https:\/\/blog.express-cbd.com\/pl\/polityka-poprawek\/\" \/>\n<meta property=\"og:locale\" content=\"pl_PL\" \/>\n<meta property=\"og:type\" content=\"article\" \/>\n<meta property=\"og:title\" content=\"Polityka poprawek\" \/>\n<meta property=\"og:description\" content=\"Polityka poprawek &#8211; Blog Express CBD Nasze podej\u015bcie do poprawek Staramy si\u0119, aby wszystko by\u0142o dobrze za pierwszym razem. Gdy nam si\u0119 to nie uda, poprawiamy zapis &#8211; otwarcie, szybko i bez pr\u00f3by ukrycia, \u017ce wyst\u0105pi\u0142 b\u0142\u0105d. Ciche edycje, kt\u00f3re nie pozostawiaj\u0105 \u015blad\u00f3w, podwa\u017caj\u0105 zaufanie czytelnik\u00f3w. Niniejsze zasady wyja\u015bniaj\u0105, jak radzimy sobie z b\u0142\u0119dami i...\" \/>\n<meta property=\"og:url\" content=\"https:\/\/blog.express-cbd.com\/pl\/polityka-poprawek\/\" \/>\n<meta property=\"og:site_name\" content=\"Express CBD Blog\" \/>\n<meta property=\"article:modified_time\" content=\"2026-04-28T16:05:55+00:00\" \/>\n<meta property=\"og:image\" content=\"https:\/\/blog.express-cbd.com\/wp-content\/uploads\/2026\/04\/Express-CBD-Logo-scaled.png\" \/>\n\t<meta property=\"og:image:width\" content=\"2560\" \/>\n\t<meta property=\"og:image:height\" content=\"1533\" \/>\n\t<meta property=\"og:image:type\" content=\"image\/png\" \/>\n<meta name=\"twitter:card\" content=\"summary_large_image\" \/>\n<meta name=\"twitter:site\" content=\"@ExpressCBDCom\" \/>\n<meta name=\"twitter:label1\" content=\"Szacowany czas czytania\" \/>\n\t<meta name=\"twitter:data1\" content=\"4 minuty\" \/>\n<script type=\"application\/ld+json\" class=\"yoast-schema-graph\">{\"@context\":\"https:\\\/\\\/schema.org\",\"@graph\":[{\"@type\":[\"Article\",\"BlogPosting\"],\"@id\":\"https:\\\/\\\/blog.express-cbd.com\\\/pl\\\/polityka-poprawek\\\/#article\",\"isPartOf\":{\"@id\":\"https:\\\/\\\/blog.express-cbd.com\\\/pl\\\/polityka-poprawek\\\/\"},\"author\":{\"name\":\"mwaqas\",\"@id\":\"https:\\\/\\\/blog.express-cbd.com\\\/pl\\\/#\\\/schema\\\/person\\\/78065cdeb6132989e9c08e9a8e41a9de\"},\"headline\":\"Polityka poprawek\",\"datePublished\":\"2026-04-28T14:30:54+00:00\",\"dateModified\":\"2026-04-28T16:05:55+00:00\",\"mainEntityOfPage\":{\"@id\":\"https:\\\/\\\/blog.express-cbd.com\\\/pl\\\/polityka-poprawek\\\/\"},\"wordCount\":830,\"publisher\":{\"@id\":\"https:\\\/\\\/blog.express-cbd.com\\\/pl\\\/#organization\"},\"inLanguage\":\"pl-PL\"},{\"@type\":\"WebPage\",\"@id\":\"https:\\\/\\\/blog.express-cbd.com\\\/pl\\\/polityka-poprawek\\\/\",\"url\":\"https:\\\/\\\/blog.express-cbd.com\\\/pl\\\/polityka-poprawek\\\/\",\"name\":\"Polityka poprawek - Express CBD Blog\",\"isPartOf\":{\"@id\":\"https:\\\/\\\/blog.express-cbd.com\\\/pl\\\/#website\"},\"datePublished\":\"2026-04-28T14:30:54+00:00\",\"dateModified\":\"2026-04-28T16:05:55+00:00\",\"breadcrumb\":{\"@id\":\"https:\\\/\\\/blog.express-cbd.com\\\/pl\\\/polityka-poprawek\\\/#breadcrumb\"},\"inLanguage\":\"pl-PL\",\"potentialAction\":[{\"@type\":\"ReadAction\",\"target\":[\"https:\\\/\\\/blog.express-cbd.com\\\/pl\\\/polityka-poprawek\\\/\"]}]},{\"@type\":\"BreadcrumbList\",\"@id\":\"https:\\\/\\\/blog.express-cbd.com\\\/pl\\\/polityka-poprawek\\\/#breadcrumb\",\"itemListElement\":[{\"@type\":\"ListItem\",\"position\":1,\"name\":\"Express CBD Blog\",\"item\":\"https:\\\/\\\/blog.express-cbd.com\\\/pl\\\/\"},{\"@type\":\"ListItem\",\"position\":2,\"name\":\"Polityka poprawek\"}]},{\"@type\":\"WebSite\",\"@id\":\"https:\\\/\\\/blog.express-cbd.com\\\/pl\\\/#website\",\"url\":\"https:\\\/\\\/blog.express-cbd.com\\\/pl\\\/\",\"name\":\"Express CBD Blog\",\"description\":\"Spostrze\u017cenia i Porady ekspert\u00f3w na temat CBD\",\"publisher\":{\"@id\":\"https:\\\/\\\/blog.express-cbd.com\\\/pl\\\/#organization\"},\"potentialAction\":[{\"@type\":\"SearchAction\",\"target\":{\"@type\":\"EntryPoint\",\"urlTemplate\":\"https:\\\/\\\/blog.express-cbd.com\\\/pl\\\/?s={search_term_string}\"},\"query-input\":{\"@type\":\"PropertyValueSpecification\",\"valueRequired\":true,\"valueName\":\"search_term_string\"}}],\"inLanguage\":\"pl-PL\"},{\"@type\":\"Organization\",\"@id\":\"https:\\\/\\\/blog.express-cbd.com\\\/pl\\\/#organization\",\"name\":\"Express CBD Blog\",\"url\":\"https:\\\/\\\/blog.express-cbd.com\\\/pl\\\/\",\"logo\":{\"@type\":\"ImageObject\",\"inLanguage\":\"pl-PL\",\"@id\":\"https:\\\/\\\/blog.express-cbd.com\\\/pl\\\/#\\\/schema\\\/logo\\\/image\\\/\",\"url\":\"https:\\\/\\\/blog.express-cbd.com\\\/wp-content\\\/uploads\\\/2023\\\/04\\\/Express-CBD-Blog.png\",\"contentUrl\":\"https:\\\/\\\/blog.express-cbd.com\\\/wp-content\\\/uploads\\\/2023\\\/04\\\/Express-CBD-Blog.png\",\"width\":3596,\"height\":2154,\"caption\":\"Express CBD Blog\"},\"image\":{\"@id\":\"https:\\\/\\\/blog.express-cbd.com\\\/pl\\\/#\\\/schema\\\/logo\\\/image\\\/\"},\"sameAs\":[\"https:\\\/\\\/x.com\\\/ExpressCBDCom\",\"https:\\\/\\\/www.threads.com\\\/@expresscbdcom\",\"https:\\\/\\\/www.instagram.com\\\/expresscbdcom\"],\"description\":\"Express CBD is a UK online shop offering premium CBD oils, capsules, vapes, edibles, skincare, and vaping products from hundreds of trusted brands.\",\"email\":\"info@express-cbd.com\",\"legalName\":\"Express CBD\",\"foundingDate\":\"2023-03-02\",\"numberOfEmployees\":{\"@type\":\"QuantitativeValue\",\"minValue\":\"1\",\"maxValue\":\"10\"},\"publishingPrinciples\":\"https:\\\/\\\/blog.express-cbd.com\\\/publishing-principles\\\/\",\"ownershipFundingInfo\":\"https:\\\/\\\/blog.express-cbd.com\\\/ownership-funding\\\/\",\"actionableFeedbackPolicy\":\"https:\\\/\\\/blog.express-cbd.com\\\/feedback\\\/\",\"correctionsPolicy\":\"https:\\\/\\\/blog.express-cbd.com\\\/corrections-policy\\\/\",\"ethicsPolicy\":\"https:\\\/\\\/blog.express-cbd.com\\\/ethics-policy\\\/\"},{\"@type\":\"Person\",\"@id\":\"https:\\\/\\\/blog.express-cbd.com\\\/pl\\\/#\\\/schema\\\/person\\\/78065cdeb6132989e9c08e9a8e41a9de\",\"name\":\"mwaqas\",\"image\":{\"@type\":\"ImageObject\",\"inLanguage\":\"pl-PL\",\"@id\":\"https:\\\/\\\/secure.gravatar.com\\\/avatar\\\/2a30f733013cda40b9c7ec618bcc992b00abc66beb99013a7ed31247a19de5ee?s=96&d=mm&r=g\",\"url\":\"https:\\\/\\\/secure.gravatar.com\\\/avatar\\\/2a30f733013cda40b9c7ec618bcc992b00abc66beb99013a7ed31247a19de5ee?s=96&d=mm&r=g\",\"contentUrl\":\"https:\\\/\\\/secure.gravatar.com\\\/avatar\\\/2a30f733013cda40b9c7ec618bcc992b00abc66beb99013a7ed31247a19de5ee?s=96&d=mm&r=g\",\"caption\":\"mwaqas\"},\"sameAs\":[\"http:\\\/\\\/blog.express-cbd.com\"],\"url\":\"https:\\\/\\\/blog.express-cbd.com\\\/pl\\\/author\\\/mwaqas\\\/\"}]}<\/script>\n<!-- \/ Yoast SEO Premium plugin. -->","yoast_head_json":{"title":"Polityka poprawek - Express CBD Blog","robots":{"index":"index","follow":"follow","max-snippet":"max-snippet:-1","max-image-preview":"max-image-preview:large","max-video-preview":"max-video-preview:-1"},"canonical":"https:\/\/blog.express-cbd.com\/pl\/polityka-poprawek\/","og_locale":"pl_PL","og_type":"article","og_title":"Polityka poprawek","og_description":"Polityka poprawek &#8211; Blog Express CBD Nasze podej\u015bcie do poprawek Staramy si\u0119, aby wszystko by\u0142o dobrze za pierwszym razem. Gdy nam si\u0119 to nie uda, poprawiamy zapis &#8211; otwarcie, szybko i bez pr\u00f3by ukrycia, \u017ce wyst\u0105pi\u0142 b\u0142\u0105d. Ciche edycje, kt\u00f3re nie pozostawiaj\u0105 \u015blad\u00f3w, podwa\u017caj\u0105 zaufanie czytelnik\u00f3w. Niniejsze zasady wyja\u015bniaj\u0105, jak radzimy sobie z b\u0142\u0119dami i...","og_url":"https:\/\/blog.express-cbd.com\/pl\/polityka-poprawek\/","og_site_name":"Express CBD Blog","article_modified_time":"2026-04-28T16:05:55+00:00","og_image":[{"width":2560,"height":1533,"url":"https:\/\/blog.express-cbd.com\/wp-content\/uploads\/2026\/04\/Express-CBD-Logo-scaled.png","type":"image\/png"}],"twitter_card":"summary_large_image","twitter_site":"@ExpressCBDCom","twitter_misc":{"Szacowany czas czytania":"4 minuty"},"schema":{"@context":"https:\/\/schema.org","@graph":[{"@type":["Article","BlogPosting"],"@id":"https:\/\/blog.express-cbd.com\/pl\/polityka-poprawek\/#article","isPartOf":{"@id":"https:\/\/blog.express-cbd.com\/pl\/polityka-poprawek\/"},"author":{"name":"mwaqas","@id":"https:\/\/blog.express-cbd.com\/pl\/#\/schema\/person\/78065cdeb6132989e9c08e9a8e41a9de"},"headline":"Polityka poprawek","datePublished":"2026-04-28T14:30:54+00:00","dateModified":"2026-04-28T16:05:55+00:00","mainEntityOfPage":{"@id":"https:\/\/blog.express-cbd.com\/pl\/polityka-poprawek\/"},"wordCount":830,"publisher":{"@id":"https:\/\/blog.express-cbd.com\/pl\/#organization"},"inLanguage":"pl-PL"},{"@type":"WebPage","@id":"https:\/\/blog.express-cbd.com\/pl\/polityka-poprawek\/","url":"https:\/\/blog.express-cbd.com\/pl\/polityka-poprawek\/","name":"Polityka poprawek - Express CBD Blog","isPartOf":{"@id":"https:\/\/blog.express-cbd.com\/pl\/#website"},"datePublished":"2026-04-28T14:30:54+00:00","dateModified":"2026-04-28T16:05:55+00:00","breadcrumb":{"@id":"https:\/\/blog.express-cbd.com\/pl\/polityka-poprawek\/#breadcrumb"},"inLanguage":"pl-PL","potentialAction":[{"@type":"ReadAction","target":["https:\/\/blog.express-cbd.com\/pl\/polityka-poprawek\/"]}]},{"@type":"BreadcrumbList","@id":"https:\/\/blog.express-cbd.com\/pl\/polityka-poprawek\/#breadcrumb","itemListElement":[{"@type":"ListItem","position":1,"name":"Express CBD Blog","item":"https:\/\/blog.express-cbd.com\/pl\/"},{"@type":"ListItem","position":2,"name":"Polityka poprawek"}]},{"@type":"WebSite","@id":"https:\/\/blog.express-cbd.com\/pl\/#website","url":"https:\/\/blog.express-cbd.com\/pl\/","name":"Express CBD Blog","description":"Spostrze\u017cenia i Porady ekspert\u00f3w na temat CBD","publisher":{"@id":"https:\/\/blog.express-cbd.com\/pl\/#organization"},"potentialAction":[{"@type":"SearchAction","target":{"@type":"EntryPoint","urlTemplate":"https:\/\/blog.express-cbd.com\/pl\/?s={search_term_string}"},"query-input":{"@type":"PropertyValueSpecification","valueRequired":true,"valueName":"search_term_string"}}],"inLanguage":"pl-PL"},{"@type":"Organization","@id":"https:\/\/blog.express-cbd.com\/pl\/#organization","name":"Express CBD Blog","url":"https:\/\/blog.express-cbd.com\/pl\/","logo":{"@type":"ImageObject","inLanguage":"pl-PL","@id":"https:\/\/blog.express-cbd.com\/pl\/#\/schema\/logo\/image\/","url":"https:\/\/blog.express-cbd.com\/wp-content\/uploads\/2023\/04\/Express-CBD-Blog.png","contentUrl":"https:\/\/blog.express-cbd.com\/wp-content\/uploads\/2023\/04\/Express-CBD-Blog.png","width":3596,"height":2154,"caption":"Express CBD Blog"},"image":{"@id":"https:\/\/blog.express-cbd.com\/pl\/#\/schema\/logo\/image\/"},"sameAs":["https:\/\/x.com\/ExpressCBDCom","https:\/\/www.threads.com\/@expresscbdcom","https:\/\/www.instagram.com\/expresscbdcom"],"description":"Express CBD is a UK online shop offering premium CBD oils, capsules, vapes, edibles, skincare, and vaping products from hundreds of trusted brands.","email":"info@express-cbd.com","legalName":"Express CBD","foundingDate":"2023-03-02","numberOfEmployees":{"@type":"QuantitativeValue","minValue":"1","maxValue":"10"},"publishingPrinciples":"https:\/\/blog.express-cbd.com\/publishing-principles\/","ownershipFundingInfo":"https:\/\/blog.express-cbd.com\/ownership-funding\/","actionableFeedbackPolicy":"https:\/\/blog.express-cbd.com\/feedback\/","correctionsPolicy":"https:\/\/blog.express-cbd.com\/corrections-policy\/","ethicsPolicy":"https:\/\/blog.express-cbd.com\/ethics-policy\/"},{"@type":"Person","@id":"https:\/\/blog.express-cbd.com\/pl\/#\/schema\/person\/78065cdeb6132989e9c08e9a8e41a9de","name":"mwaqas","image":{"@type":"ImageObject","inLanguage":"pl-PL","@id":"https:\/\/secure.gravatar.com\/avatar\/2a30f733013cda40b9c7ec618bcc992b00abc66beb99013a7ed31247a19de5ee?s=96&d=mm&r=g","url":"https:\/\/secure.gravatar.com\/avatar\/2a30f733013cda40b9c7ec618bcc992b00abc66beb99013a7ed31247a19de5ee?s=96&d=mm&r=g","contentUrl":"https:\/\/secure.gravatar.com\/avatar\/2a30f733013cda40b9c7ec618bcc992b00abc66beb99013a7ed31247a19de5ee?s=96&d=mm&r=g","caption":"mwaqas"},"sameAs":["http:\/\/blog.express-cbd.com"],"url":"https:\/\/blog.express-cbd.com\/pl\/author\/mwaqas\/"}]}},"_links":{"self":[{"href":"https:\/\/blog.express-cbd.com\/pl\/wp-json\/wp\/v2\/pages\/19377","targetHints":{"allow":["GET"]}}],"collection":[{"href":"https:\/\/blog.express-cbd.com\/pl\/wp-json\/wp\/v2\/pages"}],"about":[{"href":"https:\/\/blog.express-cbd.com\/pl\/wp-json\/wp\/v2\/types\/page"}],"author":[{"embeddable":true,"href":"https:\/\/blog.express-cbd.com\/pl\/wp-json\/wp\/v2\/users\/1"}],"replies":[{"embeddable":true,"href":"https:\/\/blog.express-cbd.com\/pl\/wp-json\/wp\/v2\/comments?post=19377"}],"version-history":[{"count":1,"href":"https:\/\/blog.express-cbd.com\/pl\/wp-json\/wp\/v2\/pages\/19377\/revisions"}],"predecessor-version":[{"id":19378,"href":"https:\/\/blog.express-cbd.com\/pl\/wp-json\/wp\/v2\/pages\/19377\/revisions\/19378"}],"wp:attachment":[{"href":"https:\/\/blog.express-cbd.com\/pl\/wp-json\/wp\/v2\/media?parent=19377"}],"curies":[{"name":"wp","href":"https:\/\/api.w.org\/{rel}","templated":true}]}}