{"id":19292,"date":"2026-04-28T14:25:24","date_gmt":"2026-04-28T14:25:24","guid":{"rendered":"https:\/\/blog.express-cbd.com\/propriedade-e-financiamento\/"},"modified":"2026-04-28T14:27:34","modified_gmt":"2026-04-28T14:27:34","slug":"propriedade-e-financiamento","status":"publish","type":"page","link":"https:\/\/blog.express-cbd.com\/pt-pt\/propriedade-e-financiamento\/","title":{"rendered":"Propriedade e financiamento"},"content":{"rendered":"\n<h3 class=\"wp-block-heading\" id=\"h-who-owns-this-blog\">Quem \u00e9 o dono deste blogue<\/h3>\n\n<p>O Express CBD Blog (blog.express-cbd.com) pertence e \u00e9 gerido pela <strong>Express CBD<\/strong>, um retalhista online de CBD e produtos de bem-estar. O blogue \u00e9 uma publica\u00e7\u00e3o interna da empresa Express CBD e n\u00e3o \u00e9 detido ou gerido de forma independente como uma entidade editorial separada. <\/p>\n\n<h3 class=\"wp-block-heading\" id=\"h-why-this-blog-exists\">Porque \u00e9 que este blogue existe<\/h3>\n\n<p>O blogue foi criado para fornecer aos clientes e ao p\u00fablico em geral informa\u00e7\u00f5es fi\u00e1veis e acess\u00edveis sobre o CBD &#8211; como funciona, como escolher os produtos e como se enquadra nos diferentes quadros legais em toda a Europa. Serve tanto para fins educativos como para apoiar a loja Express CBD, ajudando os leitores a encontrar produtos adequados \u00e0s suas necessidades. <\/p>\n\n<p>Somos transparentes quanto a esta dupla finalidade: o blogue \u00e9 um empreendimento comercial e editorial. Os nossos princ\u00edpios de publica\u00e7\u00e3o regem a forma como esse interesse comercial \u00e9 gerido, de modo a n\u00e3o comprometer a integridade editorial. <\/p>\n\n<h3 class=\"wp-block-heading\" id=\"h-how-the-blog-is-funded\">Como \u00e9 que o blogue \u00e9 financiado<\/h3>\n\n<p>O Express CBD Blog \u00e9 inteiramente financiado pelo Express CBD como parte das suas opera\u00e7\u00f5es comerciais. N\u00e3o funciona com base num modelo de subscri\u00e7\u00e3o, n\u00e3o cobra aos leitores, nem inclui publicidade de terceiros. <\/p>\n\n<p>Especificamente:<\/p>\n\n<p><strong>N\u00e3o pagas publicidade.<\/strong>  N\u00e3o apresentamos an\u00fancios em banner, coloca\u00e7\u00f5es patrocinadas ou conte\u00fado promocional pago de marcas de terceiros. Se esta situa\u00e7\u00e3o se alterar, revel\u00e1-la-emos claramente nesta p\u00e1gina e em quaisquer artigos relevantes. <\/p>\n\n<p><strong>N\u00e3o tem investidores externos ou subs\u00eddios.<\/strong>  O blogue n\u00e3o tem financiamento externo, capital de risco ou subven\u00e7\u00f5es p\u00fablicas. Todos os custos editoriais &#8211; reda\u00e7\u00e3o, investiga\u00e7\u00e3o, tradu\u00e7\u00e3o &#8211; s\u00e3o cobertos pelas receitas comerciais da Express CBD provenientes da venda de produtos. <\/p>\n\n<p><strong>Loja afiliada.<\/strong>  O blogue Express CBD tem uma liga\u00e7\u00e3o \u00e0 loja Express CBD (express-cbd.com). Quando os leitores clicam e fazem uma compra, isso beneficia comercialmente a Express CBD. N\u00e3o acreditamos que esta afilia\u00e7\u00e3o afecte a qualidade ou objetividade do nosso conte\u00fado editorial, mas divulgamo-lo aqui para que os leitores possam fazer a sua pr\u00f3pria avalia\u00e7\u00e3o.  <\/p>\n\n<p><strong>Rela\u00e7\u00f5es de marca.<\/strong>  No decurso da reda\u00e7\u00e3o de an\u00e1lises e guias de produtos, podemos receber amostras de produtos das marcas. Se for esse o caso, informa-nos no artigo em quest\u00e3o. N\u00e3o aceitamos pagamentos de marcas em troca de an\u00e1lises ou cobertura.  <\/p>\n\n<h3 class=\"wp-block-heading\" id=\"h-multilingual-operations\">Opera\u00e7\u00f5es multilingues<\/h3>\n\n<p>O blogue Express CBD publica conte\u00fados em oito l\u00ednguas: Ingl\u00eas, franc\u00eas, alem\u00e3o, italiano, polaco, portugu\u00eas, espanhol e holand\u00eas. Todas as edi\u00e7\u00f5es lingu\u00edsticas s\u00e3o produzidas sob a mesma propriedade e supervis\u00e3o editorial. Os conte\u00fados localizados s\u00e3o adaptados aos contextos jur\u00eddicos e de mercado regionais, mas n\u00e3o s\u00e3o detidos ou explorados de forma independente nesses mercados.  <\/p>\n\n<h3 class=\"wp-block-heading\" id=\"h-contact\">Contacto<\/h3>\n\n<p>Se tiveres d\u00favidas sobre a propriedade ou o financiamento deste blogue, contacta-nos atrav\u00e9s da <a href=\"https:\/\/blog.express-cbd.com\/pt-pt\/contacta-nos\/\">p\u00e1gina de contacto<\/a> ou entra em contacto connosco atrav\u00e9s da loja Express CBD.<\/p>\n\n<hr class=\"wp-block-separator has-alpha-channel-opacity\"\/>\n\n<p><em>\u00daltima revis\u00e3o: abril de 2026<\/em><\/p>\n<p style=\"text-align: center\"><a href=\"https:\/\/express-cbd.com\" target=\"_blank\">Visit Express CBD Store<\/a><\/p>","protected":false},"excerpt":{"rendered":"<p>Quem \u00e9 o dono deste blogue O Express CBD Blog (blog.express-cbd.com) pertence e \u00e9 gerido pela Express CBD, um retalhista online de CBD e produtos de bem-estar. O blogue \u00e9 uma publica\u00e7\u00e3o interna da empresa Express CBD e n\u00e3o \u00e9 detido ou gerido de forma independente como uma entidade editorial separada. Porque \u00e9 que este&#8230;<\/p>\n","protected":false},"author":1,"featured_media":0,"parent":0,"menu_order":0,"comment_status":"closed","ping_status":"closed","template":"","meta":{"footnotes":""},"class_list":["post-19292","page","type-page","status-publish","hentry"],"yoast_head":"<!-- This site is optimized with the Yoast SEO Premium plugin v27.5 (Yoast SEO v27.5) - https:\/\/yoast.com\/product\/yoast-seo-premium-wordpress\/ -->\n<title>Propriedade e financiamento - Express CBD Blog<\/title>\n<meta name=\"description\" content=\"O Express CBD Blog (blog.express-cbd.com) pertence e \u00e9 gerido pela Express CBD, um retalhista online de CBD e produtos de bem-estar.\" \/>\n<meta name=\"robots\" content=\"index, follow, max-snippet:-1, max-image-preview:large, max-video-preview:-1\" \/>\n<link rel=\"canonical\" href=\"https:\/\/blog.express-cbd.com\/pt-pt\/propriedade-e-financiamento\/\" \/>\n<meta property=\"og:locale\" content=\"pt_PT\" \/>\n<meta property=\"og:type\" content=\"article\" \/>\n<meta property=\"og:title\" content=\"Propriedade e financiamento\" \/>\n<meta property=\"og:description\" content=\"O Express CBD Blog (blog.express-cbd.com) pertence e \u00e9 gerido pela Express CBD, um retalhista online de CBD e produtos de bem-estar.\" \/>\n<meta property=\"og:url\" content=\"https:\/\/blog.express-cbd.com\/pt-pt\/propriedade-e-financiamento\/\" \/>\n<meta property=\"og:site_name\" content=\"Express CBD Blog\" \/>\n<meta property=\"article:modified_time\" content=\"2026-04-28T14:27:34+00:00\" \/>\n<meta property=\"og:image\" content=\"https:\/\/blog.express-cbd.com\/wp-content\/uploads\/2026\/04\/Express-CBD-Logo-scaled.png\" \/>\n\t<meta property=\"og:image:width\" content=\"2560\" \/>\n\t<meta property=\"og:image:height\" content=\"1533\" \/>\n\t<meta property=\"og:image:type\" content=\"image\/png\" \/>\n<meta name=\"twitter:card\" content=\"summary_large_image\" \/>\n<meta name=\"twitter:site\" content=\"@ExpressCBDCom\" \/>\n<meta name=\"twitter:label1\" content=\"Tempo estimado de leitura\" \/>\n\t<meta name=\"twitter:data1\" content=\"3 minutos\" \/>\n<script type=\"application\/ld+json\" class=\"yoast-schema-graph\">{\"@context\":\"https:\\\/\\\/schema.org\",\"@graph\":[{\"@type\":[\"Article\",\"BlogPosting\"],\"@id\":\"https:\\\/\\\/blog.express-cbd.com\\\/pt-pt\\\/propriedade-e-financiamento\\\/#article\",\"isPartOf\":{\"@id\":\"https:\\\/\\\/blog.express-cbd.com\\\/pt-pt\\\/propriedade-e-financiamento\\\/\"},\"author\":{\"name\":\"mwaqas\",\"@id\":\"https:\\\/\\\/blog.express-cbd.com\\\/pt-pt\\\/#\\\/schema\\\/person\\\/78065cdeb6132989e9c08e9a8e41a9de\"},\"headline\":\"Propriedade e financiamento\",\"datePublished\":\"2026-04-28T14:25:24+00:00\",\"dateModified\":\"2026-04-28T14:27:34+00:00\",\"mainEntityOfPage\":{\"@id\":\"https:\\\/\\\/blog.express-cbd.com\\\/pt-pt\\\/propriedade-e-financiamento\\\/\"},\"wordCount\":511,\"publisher\":{\"@id\":\"https:\\\/\\\/blog.express-cbd.com\\\/pt-pt\\\/#organization\"},\"inLanguage\":\"pt-PT\"},{\"@type\":\"WebPage\",\"@id\":\"https:\\\/\\\/blog.express-cbd.com\\\/pt-pt\\\/propriedade-e-financiamento\\\/\",\"url\":\"https:\\\/\\\/blog.express-cbd.com\\\/pt-pt\\\/propriedade-e-financiamento\\\/\",\"name\":\"Propriedade e financiamento - Express CBD Blog\",\"isPartOf\":{\"@id\":\"https:\\\/\\\/blog.express-cbd.com\\\/pt-pt\\\/#website\"},\"datePublished\":\"2026-04-28T14:25:24+00:00\",\"dateModified\":\"2026-04-28T14:27:34+00:00\",\"description\":\"O Express CBD Blog (blog.express-cbd.com) pertence e \u00e9 gerido pela Express CBD, um retalhista online de CBD e produtos de bem-estar.\",\"breadcrumb\":{\"@id\":\"https:\\\/\\\/blog.express-cbd.com\\\/pt-pt\\\/propriedade-e-financiamento\\\/#breadcrumb\"},\"inLanguage\":\"pt-PT\",\"potentialAction\":[{\"@type\":\"ReadAction\",\"target\":[\"https:\\\/\\\/blog.express-cbd.com\\\/pt-pt\\\/propriedade-e-financiamento\\\/\"]}]},{\"@type\":\"BreadcrumbList\",\"@id\":\"https:\\\/\\\/blog.express-cbd.com\\\/pt-pt\\\/propriedade-e-financiamento\\\/#breadcrumb\",\"itemListElement\":[{\"@type\":\"ListItem\",\"position\":1,\"name\":\"Express CBD Blog\",\"item\":\"https:\\\/\\\/blog.express-cbd.com\\\/pt-pt\\\/\"},{\"@type\":\"ListItem\",\"position\":2,\"name\":\"Propriedade e financiamento\"}]},{\"@type\":\"WebSite\",\"@id\":\"https:\\\/\\\/blog.express-cbd.com\\\/pt-pt\\\/#website\",\"url\":\"https:\\\/\\\/blog.express-cbd.com\\\/pt-pt\\\/\",\"name\":\"Express CBD Blog\",\"description\":\"Informa\u00e7\u00f5es e dicas de especialistas sobre CBD\",\"publisher\":{\"@id\":\"https:\\\/\\\/blog.express-cbd.com\\\/pt-pt\\\/#organization\"},\"potentialAction\":[{\"@type\":\"SearchAction\",\"target\":{\"@type\":\"EntryPoint\",\"urlTemplate\":\"https:\\\/\\\/blog.express-cbd.com\\\/pt-pt\\\/?s={search_term_string}\"},\"query-input\":{\"@type\":\"PropertyValueSpecification\",\"valueRequired\":true,\"valueName\":\"search_term_string\"}}],\"inLanguage\":\"pt-PT\"},{\"@type\":\"Organization\",\"@id\":\"https:\\\/\\\/blog.express-cbd.com\\\/pt-pt\\\/#organization\",\"name\":\"Express CBD Blog\",\"url\":\"https:\\\/\\\/blog.express-cbd.com\\\/pt-pt\\\/\",\"logo\":{\"@type\":\"ImageObject\",\"inLanguage\":\"pt-PT\",\"@id\":\"https:\\\/\\\/blog.express-cbd.com\\\/pt-pt\\\/#\\\/schema\\\/logo\\\/image\\\/\",\"url\":\"https:\\\/\\\/blog.express-cbd.com\\\/wp-content\\\/uploads\\\/2023\\\/04\\\/Express-CBD-Blog.png\",\"contentUrl\":\"https:\\\/\\\/blog.express-cbd.com\\\/wp-content\\\/uploads\\\/2023\\\/04\\\/Express-CBD-Blog.png\",\"width\":3596,\"height\":2154,\"caption\":\"Express CBD Blog\"},\"image\":{\"@id\":\"https:\\\/\\\/blog.express-cbd.com\\\/pt-pt\\\/#\\\/schema\\\/logo\\\/image\\\/\"},\"sameAs\":[\"https:\\\/\\\/x.com\\\/ExpressCBDCom\",\"https:\\\/\\\/www.threads.com\\\/@expresscbdcom\",\"https:\\\/\\\/www.instagram.com\\\/expresscbdcom\"],\"description\":\"Express CBD is a UK online shop offering premium CBD oils, capsules, vapes, edibles, skincare, and vaping products from hundreds of trusted brands.\",\"email\":\"info@express-cbd.com\",\"legalName\":\"Express CBD\",\"foundingDate\":\"2023-03-02\",\"numberOfEmployees\":{\"@type\":\"QuantitativeValue\",\"minValue\":\"1\",\"maxValue\":\"10\"},\"publishingPrinciples\":\"https:\\\/\\\/blog.express-cbd.com\\\/publishing-principles\\\/\",\"ownershipFundingInfo\":\"https:\\\/\\\/blog.express-cbd.com\\\/ownership-funding\\\/\",\"actionableFeedbackPolicy\":\"https:\\\/\\\/blog.express-cbd.com\\\/feedback\\\/\",\"correctionsPolicy\":\"https:\\\/\\\/blog.express-cbd.com\\\/corrections-policy\\\/\",\"ethicsPolicy\":\"https:\\\/\\\/blog.express-cbd.com\\\/ethics-policy\\\/\"},{\"@type\":\"Person\",\"@id\":\"https:\\\/\\\/blog.express-cbd.com\\\/pt-pt\\\/#\\\/schema\\\/person\\\/78065cdeb6132989e9c08e9a8e41a9de\",\"name\":\"mwaqas\",\"image\":{\"@type\":\"ImageObject\",\"inLanguage\":\"pt-PT\",\"@id\":\"https:\\\/\\\/secure.gravatar.com\\\/avatar\\\/2a30f733013cda40b9c7ec618bcc992b00abc66beb99013a7ed31247a19de5ee?s=96&d=mm&r=g\",\"url\":\"https:\\\/\\\/secure.gravatar.com\\\/avatar\\\/2a30f733013cda40b9c7ec618bcc992b00abc66beb99013a7ed31247a19de5ee?s=96&d=mm&r=g\",\"contentUrl\":\"https:\\\/\\\/secure.gravatar.com\\\/avatar\\\/2a30f733013cda40b9c7ec618bcc992b00abc66beb99013a7ed31247a19de5ee?s=96&d=mm&r=g\",\"caption\":\"mwaqas\"},\"sameAs\":[\"http:\\\/\\\/blog.express-cbd.com\"],\"url\":\"https:\\\/\\\/blog.express-cbd.com\\\/pt-pt\\\/author\\\/mwaqas\\\/\"}]}<\/script>\n<!-- \/ Yoast SEO Premium plugin. -->","yoast_head_json":{"title":"Propriedade e financiamento - Express CBD Blog","description":"O Express CBD Blog (blog.express-cbd.com) pertence e \u00e9 gerido pela Express CBD, um retalhista online de CBD e produtos de bem-estar.","robots":{"index":"index","follow":"follow","max-snippet":"max-snippet:-1","max-image-preview":"max-image-preview:large","max-video-preview":"max-video-preview:-1"},"canonical":"https:\/\/blog.express-cbd.com\/pt-pt\/propriedade-e-financiamento\/","og_locale":"pt_PT","og_type":"article","og_title":"Propriedade e financiamento","og_description":"O Express CBD Blog (blog.express-cbd.com) pertence e \u00e9 gerido pela Express CBD, um retalhista online de CBD e produtos de bem-estar.","og_url":"https:\/\/blog.express-cbd.com\/pt-pt\/propriedade-e-financiamento\/","og_site_name":"Express CBD Blog","article_modified_time":"2026-04-28T14:27:34+00:00","og_image":[{"width":2560,"height":1533,"url":"https:\/\/blog.express-cbd.com\/wp-content\/uploads\/2026\/04\/Express-CBD-Logo-scaled.png","type":"image\/png"}],"twitter_card":"summary_large_image","twitter_site":"@ExpressCBDCom","twitter_misc":{"Tempo estimado de leitura":"3 minutos"},"schema":{"@context":"https:\/\/schema.org","@graph":[{"@type":["Article","BlogPosting"],"@id":"https:\/\/blog.express-cbd.com\/pt-pt\/propriedade-e-financiamento\/#article","isPartOf":{"@id":"https:\/\/blog.express-cbd.com\/pt-pt\/propriedade-e-financiamento\/"},"author":{"name":"mwaqas","@id":"https:\/\/blog.express-cbd.com\/pt-pt\/#\/schema\/person\/78065cdeb6132989e9c08e9a8e41a9de"},"headline":"Propriedade e financiamento","datePublished":"2026-04-28T14:25:24+00:00","dateModified":"2026-04-28T14:27:34+00:00","mainEntityOfPage":{"@id":"https:\/\/blog.express-cbd.com\/pt-pt\/propriedade-e-financiamento\/"},"wordCount":511,"publisher":{"@id":"https:\/\/blog.express-cbd.com\/pt-pt\/#organization"},"inLanguage":"pt-PT"},{"@type":"WebPage","@id":"https:\/\/blog.express-cbd.com\/pt-pt\/propriedade-e-financiamento\/","url":"https:\/\/blog.express-cbd.com\/pt-pt\/propriedade-e-financiamento\/","name":"Propriedade e financiamento - Express CBD Blog","isPartOf":{"@id":"https:\/\/blog.express-cbd.com\/pt-pt\/#website"},"datePublished":"2026-04-28T14:25:24+00:00","dateModified":"2026-04-28T14:27:34+00:00","description":"O Express CBD Blog (blog.express-cbd.com) pertence e \u00e9 gerido pela Express CBD, um retalhista online de CBD e produtos de bem-estar.","breadcrumb":{"@id":"https:\/\/blog.express-cbd.com\/pt-pt\/propriedade-e-financiamento\/#breadcrumb"},"inLanguage":"pt-PT","potentialAction":[{"@type":"ReadAction","target":["https:\/\/blog.express-cbd.com\/pt-pt\/propriedade-e-financiamento\/"]}]},{"@type":"BreadcrumbList","@id":"https:\/\/blog.express-cbd.com\/pt-pt\/propriedade-e-financiamento\/#breadcrumb","itemListElement":[{"@type":"ListItem","position":1,"name":"Express CBD Blog","item":"https:\/\/blog.express-cbd.com\/pt-pt\/"},{"@type":"ListItem","position":2,"name":"Propriedade e financiamento"}]},{"@type":"WebSite","@id":"https:\/\/blog.express-cbd.com\/pt-pt\/#website","url":"https:\/\/blog.express-cbd.com\/pt-pt\/","name":"Express CBD Blog","description":"Informa\u00e7\u00f5es e dicas de especialistas sobre CBD","publisher":{"@id":"https:\/\/blog.express-cbd.com\/pt-pt\/#organization"},"potentialAction":[{"@type":"SearchAction","target":{"@type":"EntryPoint","urlTemplate":"https:\/\/blog.express-cbd.com\/pt-pt\/?s={search_term_string}"},"query-input":{"@type":"PropertyValueSpecification","valueRequired":true,"valueName":"search_term_string"}}],"inLanguage":"pt-PT"},{"@type":"Organization","@id":"https:\/\/blog.express-cbd.com\/pt-pt\/#organization","name":"Express CBD Blog","url":"https:\/\/blog.express-cbd.com\/pt-pt\/","logo":{"@type":"ImageObject","inLanguage":"pt-PT","@id":"https:\/\/blog.express-cbd.com\/pt-pt\/#\/schema\/logo\/image\/","url":"https:\/\/blog.express-cbd.com\/wp-content\/uploads\/2023\/04\/Express-CBD-Blog.png","contentUrl":"https:\/\/blog.express-cbd.com\/wp-content\/uploads\/2023\/04\/Express-CBD-Blog.png","width":3596,"height":2154,"caption":"Express CBD Blog"},"image":{"@id":"https:\/\/blog.express-cbd.com\/pt-pt\/#\/schema\/logo\/image\/"},"sameAs":["https:\/\/x.com\/ExpressCBDCom","https:\/\/www.threads.com\/@expresscbdcom","https:\/\/www.instagram.com\/expresscbdcom"],"description":"Express CBD is a UK online shop offering premium CBD oils, capsules, vapes, edibles, skincare, and vaping products from hundreds of trusted brands.","email":"info@express-cbd.com","legalName":"Express CBD","foundingDate":"2023-03-02","numberOfEmployees":{"@type":"QuantitativeValue","minValue":"1","maxValue":"10"},"publishingPrinciples":"https:\/\/blog.express-cbd.com\/publishing-principles\/","ownershipFundingInfo":"https:\/\/blog.express-cbd.com\/ownership-funding\/","actionableFeedbackPolicy":"https:\/\/blog.express-cbd.com\/feedback\/","correctionsPolicy":"https:\/\/blog.express-cbd.com\/corrections-policy\/","ethicsPolicy":"https:\/\/blog.express-cbd.com\/ethics-policy\/"},{"@type":"Person","@id":"https:\/\/blog.express-cbd.com\/pt-pt\/#\/schema\/person\/78065cdeb6132989e9c08e9a8e41a9de","name":"mwaqas","image":{"@type":"ImageObject","inLanguage":"pt-PT","@id":"https:\/\/secure.gravatar.com\/avatar\/2a30f733013cda40b9c7ec618bcc992b00abc66beb99013a7ed31247a19de5ee?s=96&d=mm&r=g","url":"https:\/\/secure.gravatar.com\/avatar\/2a30f733013cda40b9c7ec618bcc992b00abc66beb99013a7ed31247a19de5ee?s=96&d=mm&r=g","contentUrl":"https:\/\/secure.gravatar.com\/avatar\/2a30f733013cda40b9c7ec618bcc992b00abc66beb99013a7ed31247a19de5ee?s=96&d=mm&r=g","caption":"mwaqas"},"sameAs":["http:\/\/blog.express-cbd.com"],"url":"https:\/\/blog.express-cbd.com\/pt-pt\/author\/mwaqas\/"}]}},"_links":{"self":[{"href":"https:\/\/blog.express-cbd.com\/pt-pt\/wp-json\/wp\/v2\/pages\/19292","targetHints":{"allow":["GET"]}}],"collection":[{"href":"https:\/\/blog.express-cbd.com\/pt-pt\/wp-json\/wp\/v2\/pages"}],"about":[{"href":"https:\/\/blog.express-cbd.com\/pt-pt\/wp-json\/wp\/v2\/types\/page"}],"author":[{"embeddable":true,"href":"https:\/\/blog.express-cbd.com\/pt-pt\/wp-json\/wp\/v2\/users\/1"}],"replies":[{"embeddable":true,"href":"https:\/\/blog.express-cbd.com\/pt-pt\/wp-json\/wp\/v2\/comments?post=19292"}],"version-history":[{"count":1,"href":"https:\/\/blog.express-cbd.com\/pt-pt\/wp-json\/wp\/v2\/pages\/19292\/revisions"}],"predecessor-version":[{"id":19293,"href":"https:\/\/blog.express-cbd.com\/pt-pt\/wp-json\/wp\/v2\/pages\/19292\/revisions\/19293"}],"wp:attachment":[{"href":"https:\/\/blog.express-cbd.com\/pt-pt\/wp-json\/wp\/v2\/media?parent=19292"}],"curies":[{"name":"wp","href":"https:\/\/api.w.org\/{rel}","templated":true}]}}